{"id":5266,"date":"2025-03-03T07:51:06","date_gmt":"2025-03-02T23:51:06","guid":{"rendered":"https:\/\/chuahaidong.org\/?page_id=5266"},"modified":"2025-04-13T11:37:34","modified_gmt":"2025-04-13T03:37:34","slug":"nghiem-tap","status":"publish","type":"page","link":"https:\/\/chuahaidong.org\/?page_id=5266","title":{"rendered":"Nghi\u00eam T\u1eadp"},"content":{"rendered":"<div  class='avia-video avia-video-16-9   av-lazyload-immediate  av-lazyload-video-embed  '   itemprop=\"video\" itemtype=\"https:\/\/schema.org\/VideoObject\"  data-original_url='https:\/\/www.youtube.com\/watch?v=FfBrIu2x_d0' ><script type='text\/html' class='av-video-tmpl'><div class='avia-iframe-wrap'><iframe loading=\"lazy\" title=\"Nghiem Tap\" width=\"1500\" height=\"844\" src=\"https:\/\/www.youtube.com\/embed\/FfBrIu2x_d0?feature=oembed&autoplay=0&loop=0&controls=1&mute=0\" frameborder=\"0\" allow=\"accelerometer; autoplay; clipboard-write; encrypted-media; gyroscope; picture-in-picture; web-share\" referrerpolicy=\"strict-origin-when-cross-origin\" allowfullscreen><\/iframe><\/div><\/script><div class='av-click-to-play-overlay'><div class=\"avia_playpause_icon\"><\/div><\/div><\/div>\n<section class=\"av_textblock_section \"  itemscope=\"itemscope\" itemtype=\"https:\/\/schema.org\/CreativeWork\" ><div class='avia_textblock  '   itemprop=\"text\" ><h4>Rules to T\u00e2\u0323p H\u1ecdp<\/h4>\n<ul>\n<li>Nhanh Nh\u1eb9n (Quick)<\/li>\n<li>Tr\u1eadt T\u1ef1 (Organize)<\/li>\n<li>Im l\u1eb7ng (Quiet)<\/li>\n<\/ul>\n<p>***DT at the front, DP in the back<\/p>\n<h4>Four Different Ways of Commands<\/h4>\n<ul>\n<li>Kh\u1ea9u L\u1ec7nh:\u00a0<strong>voice<\/strong>\u00a0to command<\/li>\n<li>Th\u1ee7 L\u1ec7nh:\u00a0<strong>hand<\/strong>\u00a0motions as commands<\/li>\n<li>\u00c2m L\u1ec7nh:\u00a0<strong>sounds (whistles)<\/strong>\u00a0as commands<\/li>\n<li>C\u1edd L\u1ec7nh:\u00a0<strong>flag<\/strong>\u00a0signals as commands<\/li>\n<\/ul>\n<h4>D\u1ef1 L\u00ea\u0323nh va\u0300 \u0110\u1ed9ng L\u00ea\u0323nh \u2013 Commands in Action<\/h4>\n<ul>\n<li>D\u1ef1 L\u1ec7nh:\u00a0To announce for people to be prepared.<\/li>\n<li>\u0110\u1ed9ng L\u1ec7nh:\u00a0To announce everyone to move in action\n<ul>\n<li>Example\n<ul>\n<li>\u201cChu\u1ea9n b\u1ecb ch\u00e0o\u201d<strong>(D\u1ef1 l\u1ec7nh)<\/strong>\u00a0\u2026 pause (wait everyone to prepare their position)<\/li>\n<li>\u201cCh\u00e0o!\u201d\u00a0<strong>(\u0110\u1ed9ng l\u1ec7nh)<\/strong>\u00a0\u2026 (the action of saluting)<\/li>\n<\/ul>\n<\/li>\n<\/ul>\n<\/li>\n<\/ul>\n<h4>C\u00e1ch Ch\u00e0o (Saluting)<\/h4>\n<p>Stand straight up, feet in V-shape, raise your right hand to shoulder height, the balm of your hand facing forward, hold the four fingers straight and together, and fold your thumb into your balm.<\/p>\n<p>The four fingers represent\u00a0<strong>C\u1ea7u Nguy\u1ec7n<\/strong>,\u00a0<strong>R\u01b0\u1edbc L\u1ec5<\/strong>,\u00a0<strong>Hy Sinh<\/strong>, v\u00e0\u00a0<strong>L\u00e0m Vi\u1ec7c T\u00f4ng \u00d0\u1ed3<\/strong>. The folding of your thumb represents your\u00a0<strong>promise<\/strong>\u00a0to do those four items.<\/p>\n<h4>C\u00e1c H\u00e0ng \u0110\u1ed9i \/ Line Formations<\/h4>\n<ul>\n<li><strong>T\u00e2\u0323p H\u1ecdp H\u00e0ng D\u1ecdc (Vertical)<\/strong>\n<ul>\n<li>Use to gather everyone together, announcements, notify, attendance<\/li>\n<\/ul>\n<\/li>\n<li><strong>T\u00e2\u0323p H\u1ecdp H\u00ecnh Ch\u1eef U (U-shape)<\/strong>\n<ul>\n<li>Formal gatherings for opening &amp; closing ceremonies, awards, saluting the flag<\/li>\n<\/ul>\n<\/li>\n<li><strong>T\u00e2\u0323p H\u1ecdp H\u00ecnh Tr\u00f2n (Circle)<\/strong>\n<ul>\n<li>Fun activities, group discussions<\/li>\n<\/ul>\n<\/li>\n<li><strong>T\u00e2\u0323p H\u1ecdp H\u00ecnh B\u00e1n Nguy\u00ea\u0323t (Half-Circle)<\/strong>\n<ul>\n<li>Demonstrations, discussions, teaching lessons, campfire skits<\/li>\n<\/ul>\n<\/li>\n<li><strong>T\u00e2\u0323p H\u1ecdp H\u00e0ng Ngang (Horizontal)<\/strong>\n<ul>\n<li>Presentation<\/li>\n<\/ul>\n<\/li>\n<\/ul>\n<hr class=\"wp-block-separator has-alpha-channel-opacity is-style-dots\" \/>\n<h4>Presentations<\/h4>\n<h5>Individual Presentation<\/h5>\n<ol>\n<li>Once you hear that you are requested by your Huynh Tr\u01b0\u1edfng, straighten up your uniform, then approach your HT. Remember to keep 3 steps away from your HT.<\/li>\n<li>CH\u00c0O your HT, you can put your hand down after your HT to CH\u00c0O you back.<\/li>\n<li>Stand straight up in front of your HT and wait for your instructions. Once done, CH\u00c0O your HT when they dismiss you, and return to your group.<\/li>\n<\/ol>\n<h5>Tr\u00ecnh Di\u1ec7n \u0110\u1ed9i \/ Team Presentation<\/h5>\n<ol>\n<li>Once you hear that your group is requested, the group leader need to relay the message to your group members. Call your team name. (EX:\u00a0<strong>\u201cSeraphim\u2026 Trong tr\u1eafng! \u0110a\u0300ng tr\u01b0\u01a1\u0301c\u2026 b\u01b0\u01a1\u0301c!\u201d<\/strong>)<\/li>\n<li>Team leader run counterclockwise behind your HT, and present yourself in front of your HT. The team should line up 5 steps in front, and in the middle of the HT.<\/li>\n<li>Use the group name to line up the group, then the leader announces\u00a0<strong>\u201cB\u00ean Tr\u00e1i Quay!\u201d<\/strong>\u00a0to face the HT, and say\u00a0<strong>\u201cChu\u1ea9n B\u1ecb Ch\u00e0o\u2026 Ch\u00e0o!\u201d<\/strong><\/li>\n<li>The group leader steps up and presents themselves in front of the Tr\u01b0\u1edfng (no salute).<\/li>\n<li>As a group, CH\u00c0O the HT one more time. The group leader announces\u00a0<strong>\u201cB\u00ean Ph\u1ea3i\u2026 Quay!\u201d<\/strong>, then\u00a0<strong>\u201c\u00d0\u1eb1ng Tr\u01b0\u1edbc\u2026 B\u01b0\u1edbc!\u201d<\/strong>\u00a0(remember to walk counter clock wise behind the HT to go back to your place.)<\/li>\n<\/ol>\n<h5>Tr\u00ecnh Di\u1ec7n C\u00e1c \u0110\u1ed9i Tr\u01b0\u1edfng \/ Presentation of Multiple DTs<\/h5>\n<ol>\n<li>To present yourself: Once you hear that your are requested by your Huynh Tr\u01b0\u1edfng, straighten up your uniform.<\/li>\n<li>Then approach your HT, all DT line in front of HT (3 steps away)<\/li>\n<li>CH\u00c0O your Tr\u01b0\u1edfng, you can put your hand down after your HT to CH\u00c0O you back.<\/li>\n<li>Stand straight up in front of your Huynh Tr\u01b0\u1edfng, and wait for your instructions. Once you have received the instructions from your Huynh Tr\u01b0\u1edfng, CH\u00c0O your Tr\u01b0\u1edfng, wait for your Tr\u01b0\u1edfng to dismiss you, and return to your group.<\/li>\n<\/ol>\n<hr class=\"wp-block-separator has-alpha-channel-opacity is-style-dots\" \/>\n<h4>Receiving Awards \/ Di\u1ec5n Ti\u1ebfn L\u00e3nh Th\u01b0\u1edfng<\/h4>\n<h5>Khen Th\u01b0\u1edfng C\u00e1 Nh\u00e2n (Individual)<\/h5>\n<ol>\n<li>When your name is called, run straight up to HT, and then CH\u00c0O<\/li>\n<li>HT will award you a ribbon on your RIGHT shoulder &amp; shake hands<\/li>\n<li>CH\u00c0O and then run back to your place<\/li>\n<li>Tr\u01b0\u1edfng Tr\u1ef1c will sing a song.<\/li>\n<\/ol>\n<h5>Khen Th\u01b0\u1edfng Nhi\u1ec1u C\u00e1 Nh\u00e2n (Many Individuals)<\/h5>\n<ol>\n<li>Everyone steps up towards HT when your names are called. First person in the middle, next people alternate sides.<\/li>\n<li>When everyone has come, the first person on the right will command\u00a0<strong>\u201cChu\u1ea9n b\u1ecb cha\u0300o \u2026 Cha\u0300o!\u201d<\/strong>.<\/li>\n<li>A ribbon awarded to everyone on the right shoulder &amp; shake hands.<\/li>\n<li>When finishes the first person on the right will command CH\u00c0O, and then everyone return to their place.<\/li>\n<li>Tr\u01b0\u1edfng Tr\u1ef1c will sing a song.<\/li>\n<\/ol>\n<h5>Khen Th\u01b0\u1edfng \u0110\u1ed9i (Whole Team)<\/h5>\n<ol>\n<li>\u0110T calls team\u00a0<strong>\u201cSeraphim\u201d<\/strong>, and everyone responds\u00a0<strong>\u201cTrong tr\u1eafng!\u201d<\/strong>. Next use flag command to have the team turn right. \u0110T calls:\u00a0<strong>\u201c\u0110a\u0300ng tr\u01b0\u01a1\u0301c \u2026 B\u01b0\u01a1\u0301c!\u201d<\/strong>.<\/li>\n<li>\u0110T leads the team to run around counterclockwise behind HT and then horizontally line up in front of HT (5 steps away)<\/li>\n<li>\u0110T lines up the team, calls out the team to turn left to face HT and CH\u00c0O\u00a0<strong>\u201cB\u00ean tra\u0301i \u2026 Quay!\u201d<\/strong>\u00a0,\u00a0<strong>\u201cChu\u1ea9n b\u1ecb cha\u0300o \u2026 Cha\u0300o!\u201d<\/strong>.<\/li>\n<li>The \u0110T steps up and presents themselves in front of HT (no salute).<\/li>\n<li>Raise the flag straight up and then release down to 90 degree angle<\/li>\n<li>Once you have received the ribbon, place flag down &amp; shake hands.<\/li>\n<li>As a group, CH\u00c0O the HT one more time. The group leader announces\u00a0<strong>\u201cB\u00ean Ph\u1ea3i\u2026 Quay!\u201d<\/strong>, then\u00a0<strong>\u201c\u00d0\u1eb1ng Tr\u01b0\u1edbc\u2026 B\u01b0\u1edbc!\u201d<\/strong>\u00a0(remember to run counterclock behind the HT) and then return.<\/li>\n<\/ol>\n<h5>Khen Th\u01b0\u01a1\u0301ng Nhi\u1ec1u \u0110\u1ed9i (Many Teams)<\/h5>\n<ol>\n<li>\u0110T calls team\u00a0<strong>\u201cSeraphim\u201d<\/strong>, and everyone responds\u00a0<strong>\u201cTrong tr\u1eafng!\u201d<\/strong>. Next use flag command to have the team turn right. \u0110T calls:\u00a0<strong>\u201c\u0110a\u0300ng tr\u01b0\u01a1\u0301c \u2026 B\u01b0\u01a1\u0301c!\u201d<\/strong>.<\/li>\n<li>The team to run around counterclockwise behind HT and then horizontally line up in front of HT (5 steps away), next team behind.<\/li>\n<li>\u0110T lines up the team, calls out the team to turn left to face HT and\u00a0<strong>\u201cB\u00ean tra\u0301i \u2026 Quay!\u201d<\/strong>\u00a0Once all teams are ready DT lead will calls out to everyone to CH\u00c0O\u00a0<strong>\u201cChu\u1ea9n b\u1ecb cha\u0300o \u2026 Cha\u0300o!\u201d<\/strong>.<\/li>\n<li>All \u0110T step up and present themselves in front of HT (no salute).<\/li>\n<li>Raise the flag straight up and then release down to 90 degree angle<\/li>\n<li>Once you have received the ribbon, place flag down &amp; shake hands.<\/li>\n<li>As a group, CH\u00c0O the HT one more time DT lead will call out CH\u00c0O. The group leaders announce\u00a0<strong>\u201cB\u00ean Ph\u1ea3i\u2026 Quay!\u201d<\/strong>, then\u00a0<strong>\u201c\u00d0\u1eb1ng Tr\u01b0\u1edbc\u2026 B\u01b0\u1edbc!\u201d<\/strong>\u00a0(remember to run counterclock behind the HT) and then return.<\/li>\n<\/ol>\n<h5>\u0110\u1ed9i L\u00e3nh C\u01a1\u0300 Danh D\u1ef1 (Team Receiving C\u01a1\u0300 Danh D\u1ef1)<\/h5>\n<p>C\u1edd Danh D\u1ef1 is the highest award in TNTT activities. The team shows excellence in spiritual activities, learning skills, team spirit, and team work competitions.<\/p>\n<ol>\n<li>\u0110T calls team\u00a0<strong>\u201cSeraphim\u201d<\/strong>, and everyone responds\u00a0<strong>\u201cTrong tr\u1eafng!\u201d<\/strong>. Next use flag command to have the team turn right. \u0110T calls:\u00a0<strong>\u201c\u0110a\u0300ng tr\u01b0\u01a1\u0301c \u2026 B\u01b0\u01a1\u0301c!\u201d<\/strong>.<\/li>\n<li>\u0110T leads the team to run around counterclockwise behind HT and then horizontally line up in front of HT (3 steps away)<\/li>\n<li>\u0110T lines up the team, calls out the team to turn left to face HT and CH\u00c0O\u00a0<strong>\u201cB\u00ean tra\u0301i \u2026 Quay!\u201d<\/strong>,\u00a0<strong>\u201cChu\u1ea9n b\u1ecb cha\u0300o \u2026 Cha\u0300o!\u201d<\/strong>.<\/li>\n<li>The \u0110T steps up and presents themselves in front of HT(no salute).<\/li>\n<li>Raise the flag straight up and then release down to 90 degree angle<\/li>\n<li>Once you have received C\u01a1\u0300 Danh D\u1ef1, shake hands.<\/li>\n<li>As a group, CH\u00c0O the HT one more time. The group leader announces\u00a0<strong>\u201cB\u00ean Ph\u1ea3i\u2026 Quay!\u201d<\/strong>, then\u00a0<strong>\u201c\u00d0\u1eb1ng Tr\u01b0\u1edbc\u2026 B\u01b0\u1edbc!\u201d<\/strong>\u00a0(remember to run counterclock behind the HT) and then return.<\/li>\n<\/ol>\n<hr class=\"wp-block-separator has-alpha-channel-opacity is-style-dots\" \/>\n<h4>Meaning of Ribbons<\/h4>\n<ul>\n<li><strong>Green Ribbon: Spiritual<\/strong>\n<ul>\n<li>Green is the color of \u1ea4u Nhi, symbolizing the spirit of prayer. This is awarded for spiritual activities or work that grows the faith and promotes piety.<\/li>\n<\/ul>\n<\/li>\n<li><strong>Blue Ribbon: Activities<\/strong>\n<ul>\n<li>The color of the Thi\u1ebfu Nhi, symbolizing the spirit of sacrifice, always living in joy despite hardships, and bringing happiness to everyone. This is awarded for excellence in fun activities, dancing, performances, &amp; creative talents.<\/li>\n<\/ul>\n<\/li>\n<li><strong>Yellow Ribbon: Learning<\/strong>\n<ul>\n<li>The color of Ngh\u0129a S\u0129, symbolizing the spirit of sowing, always trying to improve themselves, where today they learn and tomorrow they help others. This is awarded for academics, unique and richness in the arts, technical expertise in the training camp.<\/li>\n<\/ul>\n<\/li>\n<li><strong>Brown Ribbon: Servant Leadership<\/strong>\n<ul>\n<li>Brown is the color of the Hi\u1ec7p S\u0129, the color of dirt symbolizing humility, and awarded for members who live a life of servant leadership. We are called to model after Jesus Christ in living a life of humility, love, and service in the role of a leader.<\/li>\n<\/ul>\n<\/li>\n<li><strong>Red Ribbon: Highest Spirit<\/strong>\n<ul>\n<li>The color of Huynh Tr\u01b0\u1edfng, symbolizing the spirit of noble servant-ship, being selfless for the ideal. The red ribbon is awarded for a holistic spirit that includes the natural and the supernatural. A spirit of patience, forgiveness, dedication in all work, persistence in all trials, listening in all mistakes, a gracious spirit in all communications.<\/li>\n<\/ul>\n<\/li>\n<\/ul>\n<\/div><\/section>\n","protected":false},"excerpt":{"rendered":"","protected":false},"author":13,"featured_media":0,"parent":0,"menu_order":0,"comment_status":"closed","ping_status":"closed","template":"","meta":{"footnotes":""},"class_list":["post-5266","page","type-page","status-publish","hentry"],"_links":{"self":[{"href":"https:\/\/chuahaidong.org\/index.php?rest_route=\/wp\/v2\/pages\/5266","targetHints":{"allow":["GET"]}}],"collection":[{"href":"https:\/\/chuahaidong.org\/index.php?rest_route=\/wp\/v2\/pages"}],"about":[{"href":"https:\/\/chuahaidong.org\/index.php?rest_route=\/wp\/v2\/types\/page"}],"author":[{"embeddable":true,"href":"https:\/\/chuahaidong.org\/index.php?rest_route=\/wp\/v2\/users\/13"}],"replies":[{"embeddable":true,"href":"https:\/\/chuahaidong.org\/index.php?rest_route=%2Fwp%2Fv2%2Fcomments&post=5266"}],"version-history":[{"count":3,"href":"https:\/\/chuahaidong.org\/index.php?rest_route=\/wp\/v2\/pages\/5266\/revisions"}],"predecessor-version":[{"id":5465,"href":"https:\/\/chuahaidong.org\/index.php?rest_route=\/wp\/v2\/pages\/5266\/revisions\/5465"}],"wp:attachment":[{"href":"https:\/\/chuahaidong.org\/index.php?rest_route=%2Fwp%2Fv2%2Fmedia&parent=5266"}],"curies":[{"name":"wp","href":"https:\/\/api.w.org\/{rel}","templated":true}]}}