{"id":5263,"date":"2025-03-03T07:51:06","date_gmt":"2025-03-02T23:51:06","guid":{"rendered":"https:\/\/chuahaidong.org\/?page_id=5263"},"modified":"2025-04-13T11:24:52","modified_gmt":"2025-04-13T03:24:52","slug":"dau-duong","status":"publish","type":"page","link":"https:\/\/chuahaidong.org\/?page_id=5263","title":{"rendered":"D\u00e2\u0301u \u0110\u01b0\u01a1\u0300ng"},"content":{"rendered":"<div  class='avia-video avia-video-16-9   av-lazyload-immediate  av-lazyload-video-embed  '   itemprop=\"video\" itemtype=\"https:\/\/schema.org\/VideoObject\"  data-original_url='https:\/\/www.youtube.com\/watch?v=1MaL8GdaDP4&amp;t=1s' ><script type='text\/html' class='av-video-tmpl'><div class='avia-iframe-wrap'><iframe loading=\"lazy\" title=\"Dau Duong\" width=\"1500\" height=\"844\" src=\"https:\/\/www.youtube.com\/embed\/1MaL8GdaDP4?start=1&feature=oembed&autoplay=0&loop=0&controls=1&mute=0\" frameborder=\"0\" allow=\"accelerometer; autoplay; clipboard-write; encrypted-media; gyroscope; picture-in-picture; web-share\" referrerpolicy=\"strict-origin-when-cross-origin\" allowfullscreen><\/iframe><\/div><\/script><div class='av-click-to-play-overlay'><div class=\"avia_playpause_icon\"><\/div><\/div><\/div>\n<section class=\"av_textblock_section \"  itemscope=\"itemscope\" itemtype=\"https:\/\/schema.org\/CreativeWork\" ><div class='avia_textblock  '   itemprop=\"text\" ><p>In TNTT, \u201cD\u1ea5u \u0110\u01b0\u1eddng\u201d is primarily used during camps and in H\u00e0nh Tr\u00ecnh \u0110\u1ee9c Tin.<\/p>\n<p>Always look for d\u1ea5u \u0111\u01b0\u1eddng signs on the\u00a0<strong>right<\/strong>\u00a0side of your path. Signs on the left could be \u201cfake\u201d signs designed to confused you, or they could be real signs meant for people walking in the opposite direction.<\/p>\n<p><img loading=\"lazy\" decoding=\"async\" class=\"aligncenter wp-image-292 \" title=\"\" src=\"https:\/\/chuahaidongdtdp.wordpress.com\/wp-content\/uploads\/2023\/03\/screenshot-2023-03-10-213421.png\" sizes=\"auto, (max-width: 1213px) 100vw, 1213px\" srcset=\"https:\/\/chuahaidongdtdp.wordpress.com\/wp-content\/uploads\/2023\/03\/screenshot-2023-03-10-213421.png 1213w, https:\/\/chuahaidongdtdp.wordpress.com\/wp-content\/uploads\/2023\/03\/screenshot-2023-03-10-213421.png?w=127&amp;h=150 127w, https:\/\/chuahaidongdtdp.wordpress.com\/wp-content\/uploads\/2023\/03\/screenshot-2023-03-10-213421.png?w=254&amp;h=300 254w, https:\/\/chuahaidongdtdp.wordpress.com\/wp-content\/uploads\/2023\/03\/screenshot-2023-03-10-213421.png?w=768&amp;h=906 768w, https:\/\/chuahaidongdtdp.wordpress.com\/wp-content\/uploads\/2023\/03\/screenshot-2023-03-10-213421.png?w=868&amp;h=1024 868w\" alt=\"Screenshot 2023-03-10 213421\" width=\"678\" height=\"800\" data-attachment-id=\"292\" data-permalink=\"https:\/\/chuahaidongdtdp.wordpress.com\/dau-duong\/screenshot-2023-03-10-213421\/\" data-orig-file=\"https:\/\/chuahaidongdtdp.wordpress.com\/wp-content\/uploads\/2023\/03\/screenshot-2023-03-10-213421.png\" data-orig-size=\"1213,1431\" data-comments-opened=\"1\" data-image-meta=\"{\" data-image-title=\"Screenshot 2023-03-10 213421\" data-image-description=\"\" data-image-caption=\"\" data-medium-file=\"https:\/\/chuahaidongdtdp.wordpress.com\/wp-content\/uploads\/2023\/03\/screenshot-2023-03-10-213421.png?w=254\" data-large-file=\"https:\/\/chuahaidongdtdp.wordpress.com\/wp-content\/uploads\/2023\/03\/screenshot-2023-03-10-213421.png?w=580\" \/><\/p>\n<p><img loading=\"lazy\" decoding=\"async\" class=\"aligncenter wp-image-293 \" title=\"\" src=\"https:\/\/chuahaidongdtdp.wordpress.com\/wp-content\/uploads\/2023\/03\/screenshot-2023-03-10-213525.png\" sizes=\"auto, (max-width: 1203px) 100vw, 1203px\" srcset=\"https:\/\/chuahaidongdtdp.wordpress.com\/wp-content\/uploads\/2023\/03\/screenshot-2023-03-10-213525.png 1203w, https:\/\/chuahaidongdtdp.wordpress.com\/wp-content\/uploads\/2023\/03\/screenshot-2023-03-10-213525.png?w=150&amp;h=138 150w, https:\/\/chuahaidongdtdp.wordpress.com\/wp-content\/uploads\/2023\/03\/screenshot-2023-03-10-213525.png?w=300&amp;h=275 300w, https:\/\/chuahaidongdtdp.wordpress.com\/wp-content\/uploads\/2023\/03\/screenshot-2023-03-10-213525.png?w=768&amp;h=705 768w, https:\/\/chuahaidongdtdp.wordpress.com\/wp-content\/uploads\/2023\/03\/screenshot-2023-03-10-213525.png?w=1024&amp;h=940 1024w\" alt=\"Screenshot 2023-03-10 213525\" width=\"682\" height=\"626\" data-attachment-id=\"293\" data-permalink=\"https:\/\/chuahaidongdtdp.wordpress.com\/dau-duong\/screenshot-2023-03-10-213525\/\" data-orig-file=\"https:\/\/chuahaidongdtdp.wordpress.com\/wp-content\/uploads\/2023\/03\/screenshot-2023-03-10-213525.png\" data-orig-size=\"1203,1104\" data-comments-opened=\"1\" data-image-meta=\"{\" data-image-title=\"Screenshot 2023-03-10 213525\" data-image-description=\"\" data-image-caption=\"\" data-medium-file=\"https:\/\/chuahaidongdtdp.wordpress.com\/wp-content\/uploads\/2023\/03\/screenshot-2023-03-10-213525.png?w=300\" data-large-file=\"https:\/\/chuahaidongdtdp.wordpress.com\/wp-content\/uploads\/2023\/03\/screenshot-2023-03-10-213525.png?w=580\" \/><\/p>\n<\/div><\/section>\n","protected":false},"excerpt":{"rendered":"","protected":false},"author":13,"featured_media":0,"parent":0,"menu_order":0,"comment_status":"closed","ping_status":"closed","template":"","meta":{"footnotes":""},"class_list":["post-5263","page","type-page","status-publish","hentry"],"_links":{"self":[{"href":"https:\/\/chuahaidong.org\/index.php?rest_route=\/wp\/v2\/pages\/5263","targetHints":{"allow":["GET"]}}],"collection":[{"href":"https:\/\/chuahaidong.org\/index.php?rest_route=\/wp\/v2\/pages"}],"about":[{"href":"https:\/\/chuahaidong.org\/index.php?rest_route=\/wp\/v2\/types\/page"}],"author":[{"embeddable":true,"href":"https:\/\/chuahaidong.org\/index.php?rest_route=\/wp\/v2\/users\/13"}],"replies":[{"embeddable":true,"href":"https:\/\/chuahaidong.org\/index.php?rest_route=%2Fwp%2Fv2%2Fcomments&post=5263"}],"version-history":[{"count":3,"href":"https:\/\/chuahaidong.org\/index.php?rest_route=\/wp\/v2\/pages\/5263\/revisions"}],"predecessor-version":[{"id":5459,"href":"https:\/\/chuahaidong.org\/index.php?rest_route=\/wp\/v2\/pages\/5263\/revisions\/5459"}],"wp:attachment":[{"href":"https:\/\/chuahaidong.org\/index.php?rest_route=%2Fwp%2Fv2%2Fmedia&parent=5263"}],"curies":[{"name":"wp","href":"https:\/\/api.w.org\/{rel}","templated":true}]}}