{"id":495,"date":"2014-09-30T06:15:57","date_gmt":"2014-09-30T06:15:57","guid":{"rendered":"http:\/\/chuahaidong.org\/?page_id=495"},"modified":"2025-05-16T20:02:34","modified_gmt":"2025-05-16T12:02:34","slug":"hiep-si","status":"publish","type":"page","link":"https:\/\/chuahaidong.org\/?page_id=495","title":{"rendered":"Hi\u1ec7p S\u0129"},"content":{"rendered":"<section class=\"av_textblock_section \"  itemscope=\"itemscope\" itemtype=\"https:\/\/schema.org\/CreativeWork\" ><div class='avia_textblock  '   itemprop=\"text\" ><p><!--Main Content HTML code--><\/p>\n<div id=\"content2\">\n<h2 style=\"color: #4e3215; text-align: center; font-size: 36px;\">Hi\u1ec7p S\u0129: D\u1ea5n Th\u00e2n<\/h2>\n<\/div>\n<\/div><\/section>\n<section class=\"av_textblock_section \"  itemscope=\"itemscope\" itemtype=\"https:\/\/schema.org\/CreativeWork\" ><div class='avia_textblock  '   itemprop=\"text\" ><h6 style=\"font-weight: 400; font-size: 18px; text-align: center;\">This Ng\u00e0nh (division\/branch), represented by the color Brown, symbolizes the hard work and dedication to serve God. They are invited to participate in the mission of becoming the salt and light for the world, and are constantly reminded to generously commit to serve the church and the country. Youth in Ng\u00e0nh Hi\u1ec7p S\u0129 are typically 16 or 17, and learn more about practicing\/living the Eucharistic Day as well as focusing on personal &amp; spiritual growth.<\/h6>\n<\/div><\/section>\n<div   class='hr hr-default   avia-builder-el-2  el_after_av_textblock  el_before_av_one_third '><span class='hr-inner ' ><span class='hr-inner-style'><\/span><\/span><\/div>\n<div class=\"flex_column av_one_third  flex_column_div av-zero-column-padding first  avia-builder-el-3  el_after_av_hr  el_before_av_one_third  \" style='border-radius:0px; '><section class=\"av_textblock_section \"  itemscope=\"itemscope\" itemtype=\"https:\/\/schema.org\/CreativeWork\" ><div class='avia_textblock  '   itemprop=\"text\" ><p style=\"text-align: center;\"><img loading=\"lazy\" decoding=\"async\" class=\"alignnone size-medium wp-image-5558\" src=\"https:\/\/chuahaidong.org\/wp-content\/uploads\/imageedit_19_4783201815-300x200.jpg\" alt=\"\" width=\"300\" height=\"200\" srcset=\"https:\/\/chuahaidong.org\/wp-content\/uploads\/imageedit_19_4783201815-300x200.jpg 300w, https:\/\/chuahaidong.org\/wp-content\/uploads\/imageedit_19_4783201815-1030x686.jpg 1030w, https:\/\/chuahaidong.org\/wp-content\/uploads\/imageedit_19_4783201815-768x512.jpg 768w, https:\/\/chuahaidong.org\/wp-content\/uploads\/imageedit_19_4783201815-705x470.jpg 705w, https:\/\/chuahaidong.org\/wp-content\/uploads\/imageedit_19_4783201815.jpg 1292w\" sizes=\"auto, (max-width: 300px) 100vw, 300px\" \/><\/p>\n<\/div><\/section><\/div><div class=\"flex_column av_one_third  flex_column_div av-zero-column-padding   avia-builder-el-5  el_after_av_one_third  el_before_av_one_third  \" style='border-radius:0px; '><section class=\"av_textblock_section \"  itemscope=\"itemscope\" itemtype=\"https:\/\/schema.org\/CreativeWork\" ><div class='avia_textblock  '   itemprop=\"text\" ><p><img loading=\"lazy\" decoding=\"async\" class=\"alignnone size-medium wp-image-5533 aligncenter\" src=\"https:\/\/chuahaidong.org\/wp-content\/uploads\/imageedit_3_2899223749-300x200.jpg\" alt=\"\" width=\"300\" height=\"200\" srcset=\"https:\/\/chuahaidong.org\/wp-content\/uploads\/imageedit_3_2899223749-300x200.jpg 300w, https:\/\/chuahaidong.org\/wp-content\/uploads\/imageedit_3_2899223749-1030x686.jpg 1030w, https:\/\/chuahaidong.org\/wp-content\/uploads\/imageedit_3_2899223749-768x512.jpg 768w, https:\/\/chuahaidong.org\/wp-content\/uploads\/imageedit_3_2899223749-705x470.jpg 705w, https:\/\/chuahaidong.org\/wp-content\/uploads\/imageedit_3_2899223749.jpg 1292w\" sizes=\"auto, (max-width: 300px) 100vw, 300px\" \/><\/p>\n<\/div><\/section><\/div><div class=\"flex_column av_one_third  flex_column_div av-zero-column-padding   avia-builder-el-7  el_after_av_one_third  el_before_av_hr  \" style='border-radius:0px; '><section class=\"av_textblock_section \"  itemscope=\"itemscope\" itemtype=\"https:\/\/schema.org\/CreativeWork\" ><div class='avia_textblock  '   itemprop=\"text\" ><p style=\"text-align: center;\"><img loading=\"lazy\" decoding=\"async\" class=\"alignnone size-medium wp-image-5559\" src=\"https:\/\/chuahaidong.org\/wp-content\/uploads\/imageedit_18_5816468406-300x200.jpg\" alt=\"\" width=\"300\" height=\"200\" srcset=\"https:\/\/chuahaidong.org\/wp-content\/uploads\/imageedit_18_5816468406-300x200.jpg 300w, https:\/\/chuahaidong.org\/wp-content\/uploads\/imageedit_18_5816468406-1030x686.jpg 1030w, https:\/\/chuahaidong.org\/wp-content\/uploads\/imageedit_18_5816468406-768x512.jpg 768w, https:\/\/chuahaidong.org\/wp-content\/uploads\/imageedit_18_5816468406-705x470.jpg 705w, https:\/\/chuahaidong.org\/wp-content\/uploads\/imageedit_18_5816468406.jpg 1292w\" sizes=\"auto, (max-width: 300px) 100vw, 300px\" \/><\/p>\n<\/div><\/section><\/div><div   class='hr hr-default   avia-builder-el-9  el_after_av_one_third  el_before_av_textblock '><span class='hr-inner ' ><span class='hr-inner-style'><\/span><\/span><\/div><\/p>\n<section class=\"av_textblock_section \"  itemscope=\"itemscope\" itemtype=\"https:\/\/schema.org\/CreativeWork\" ><div class='avia_textblock  av_inherit_color '  style='color:#4e3215; '  itemprop=\"text\" ><h2 style=\"text-align: center;\">HI\u1ec6P S\u0128 HUYNH TR\u01af\u1edeNG (2025-2026)<\/h2>\n<\/div><\/section>\n<section class=\"av_textblock_section \"  itemscope=\"itemscope\" itemtype=\"https:\/\/schema.org\/CreativeWork\" ><div class='avia_textblock  av_inherit_color '  style='color:#666666; '  itemprop=\"text\" ><p><img loading=\"lazy\" decoding=\"async\" class=\"alignnone size-medium wp-image-5503 aligncenter\" src=\"https:\/\/chuahaidong.org\/wp-content\/uploads\/9-208x300.jpeg\" alt=\"\" width=\"208\" height=\"300\" srcset=\"https:\/\/chuahaidong.org\/wp-content\/uploads\/9-208x300.jpeg 208w, https:\/\/chuahaidong.org\/wp-content\/uploads\/9-715x1030.jpeg 715w, https:\/\/chuahaidong.org\/wp-content\/uploads\/9-768x1106.jpeg 768w, https:\/\/chuahaidong.org\/wp-content\/uploads\/9-490x705.jpeg 490w, https:\/\/chuahaidong.org\/wp-content\/uploads\/9.jpeg 935w\" sizes=\"auto, (max-width: 208px) 100vw, 208px\" \/><\/p>\n<p style=\"font-size: 16px; text-align: center;\"><span style=\"text-decoration: underline;\"><strong>Ng\u00e0nh Tr\u01b0\u1edfng:<\/strong><\/span><\/p>\n<p style=\"font-size: 16px; text-align: center;\"><strong>Tr. Ng\u1ecdc Anh T\u1ea1<\/strong><\/p>\n<\/div><\/section>\n<div class=\"flex_column av_one_half  flex_column_div av-zero-column-padding first  avia-builder-el-12  el_after_av_textblock  el_before_av_one_half  column-top-margin\" style='border-radius:0px; '><section class=\"av_textblock_section \"  itemscope=\"itemscope\" itemtype=\"https:\/\/schema.org\/CreativeWork\" ><div class='avia_textblock  av_inherit_color '  style='color:#666666; '  itemprop=\"text\" ><p><img loading=\"lazy\" decoding=\"async\" class=\"alignnone size-medium wp-image-5536 aligncenter\" src=\"https:\/\/chuahaidong.org\/wp-content\/uploads\/blank-profile-picture-973460_1280-300x300.webp\" alt=\"\" width=\"300\" height=\"300\" srcset=\"https:\/\/chuahaidong.org\/wp-content\/uploads\/blank-profile-picture-973460_1280-300x300.webp 300w, https:\/\/chuahaidong.org\/wp-content\/uploads\/blank-profile-picture-973460_1280-1030x1030.webp 1030w, https:\/\/chuahaidong.org\/wp-content\/uploads\/blank-profile-picture-973460_1280-80x80.webp 80w, https:\/\/chuahaidong.org\/wp-content\/uploads\/blank-profile-picture-973460_1280-768x768.webp 768w, https:\/\/chuahaidong.org\/wp-content\/uploads\/blank-profile-picture-973460_1280-36x36.webp 36w, https:\/\/chuahaidong.org\/wp-content\/uploads\/blank-profile-picture-973460_1280-180x180.webp 180w, https:\/\/chuahaidong.org\/wp-content\/uploads\/blank-profile-picture-973460_1280-705x705.webp 705w, https:\/\/chuahaidong.org\/wp-content\/uploads\/blank-profile-picture-973460_1280.webp 1280w\" sizes=\"auto, (max-width: 300px) 100vw, 300px\" \/><\/p>\n<p style=\"font-size: 16px; text-align: center;\"><span style=\"text-decoration: underline;\"><strong>C\u1ea5p 1:<\/strong><\/span><\/p>\n<p style=\"font-size: 16px; text-align: center;\"><strong>???<br \/>\n(Come back next year to meet your new HTs!)<\/strong><\/p>\n<\/div><\/section><\/div><div class=\"flex_column av_one_half  flex_column_div av-zero-column-padding   avia-builder-el-14  el_after_av_one_half  el_before_av_hr  column-top-margin\" style='border-radius:0px; '><section class=\"av_textblock_section \"  itemscope=\"itemscope\" itemtype=\"https:\/\/schema.org\/CreativeWork\" ><div class='avia_textblock  av_inherit_color '  style='color:#666666; '  itemprop=\"text\" ><p><img loading=\"lazy\" decoding=\"async\" class=\"alignnone size-medium wp-image-5536 aligncenter\" src=\"https:\/\/chuahaidong.org\/wp-content\/uploads\/blank-profile-picture-973460_1280-300x300.webp\" alt=\"\" width=\"300\" height=\"300\" srcset=\"https:\/\/chuahaidong.org\/wp-content\/uploads\/blank-profile-picture-973460_1280-300x300.webp 300w, https:\/\/chuahaidong.org\/wp-content\/uploads\/blank-profile-picture-973460_1280-1030x1030.webp 1030w, https:\/\/chuahaidong.org\/wp-content\/uploads\/blank-profile-picture-973460_1280-80x80.webp 80w, https:\/\/chuahaidong.org\/wp-content\/uploads\/blank-profile-picture-973460_1280-768x768.webp 768w, https:\/\/chuahaidong.org\/wp-content\/uploads\/blank-profile-picture-973460_1280-36x36.webp 36w, https:\/\/chuahaidong.org\/wp-content\/uploads\/blank-profile-picture-973460_1280-180x180.webp 180w, https:\/\/chuahaidong.org\/wp-content\/uploads\/blank-profile-picture-973460_1280-705x705.webp 705w, https:\/\/chuahaidong.org\/wp-content\/uploads\/blank-profile-picture-973460_1280.webp 1280w\" sizes=\"auto, (max-width: 300px) 100vw, 300px\" \/><\/p>\n<p style=\"font-size: 16px; text-align: center;\"><span style=\"text-decoration: underline;\"><strong>C\u1ea5p 2:<\/strong><\/span><\/p>\n<p style=\"font-size: 16px; text-align: center;\"><strong>???<br \/>\n(Come back next year to meet your new HTs!)<\/strong><\/p>\n<\/div><\/section><\/div><div   class='hr hr-default   avia-builder-el-16  el_after_av_one_half  el_before_av_textblock '><span class='hr-inner ' ><span class='hr-inner-style'><\/span><\/span><\/div><\/p>\n<section class=\"av_textblock_section \"  itemscope=\"itemscope\" itemtype=\"https:\/\/schema.org\/CreativeWork\" ><div class='avia_textblock  '   itemprop=\"text\" ><h2 style=\"text-align: center; color: #4e3215;\">HI\u1ec6P H\u00c0NH CA<\/h2>\n<\/div><\/section>\n<section class=\"av_textblock_section \"  itemscope=\"itemscope\" itemtype=\"https:\/\/schema.org\/CreativeWork\" ><div class='avia_textblock  '   itemprop=\"text\" ><p style=\"font-size: 16px; text-align: center;\">D\u01b0\u1edbi b\u00f3ng c\u1edd n\u00eau g\u01b0\u01a1ng Ng\u01b0\u1eddi Hi\u1ec7p S\u0129 trung ki\u00ean.<br \/>\nV\u00ec y\u00eau Ch\u00faa ta nguy\u1ec7n D\u1ea5n Th\u00e2n.<br \/>\nMang \u0110\u1ee9c Tin chi\u1ebfu d\u1ecdi v\u00e0o \u0110\u00ecnh Tr\u1eddi.<br \/>\nMang m\u1ebfn y\u00eau th\u1eafm g\u1ed9i v\u00e0o l\u00f2ng ng\u01b0\u1eddi.<br \/>\nNg\u01b0\u1eddi Hi\u1ec7p S\u0129 s\u1ed1ng g\u01b0\u01a1ng anh h\u00e0o.<\/p>\n<p style=\"font-size: 16px; text-align: center;\">L\u00e0 Hi\u1ec7p S\u0129 c\u1ed1 g\u1eafng chi\u1ebfn \u0111\u1ea5u, cho nh\u00e0 \u0110\u1ee9c Tin n\u00eau g\u01b0\u01a1ng cao trung,<br \/>\nta nguy\u00ean hi\u1ebfn th\u00e2n, cho Gi\u00e1o H\u1ed9i tr\u01b0\u1eddng sinh.<br \/>\nL\u00e0 Hi\u1ec7p S\u0129, c\u1ed1 g\u1eafng chi\u1ebfn \u0111\u1ea5u, \u0111em ngu\u00f4n \u1ee7i an \u0111i t\u00f4n non s\u00f4ng<br \/>\nc\u00f4ng b\u00ecnh kh\u1eafp n\u01a1i, cho N\u01b0\u1edbc Vi\u1ec7t tr\u01b0\u1eddng t\u00f4n.<\/p>\n<p style=\"font-size: 16px; text-align: center;\">D\u01b0\u1edbi b\u00f3ng c\u1edd noi g\u01b0\u01a1ng M\u1eb9 Maria v\u00e0 c\u00e1c Th\u00e1nh T\u1eed \u0110\u1ea1o N\u01b0\u1edbc Nam.<br \/>\nCho gi\u00e1o d\u00e2n s\u1ed1ng \u0111\u1ea1o nhi\u1ec7t th\u00e0nh.<br \/>\nCho Qu\u1ed1c D\u00e2n th\u00e1i b\u00ecnh v\u00e0 th\u1ecbnh v\u01b0\u1ee3ng.<br \/>\nNg\u01b0\u1eddi Hi\u1ec7p S\u0129 x\u1ee9ng danh Anh H\u00f9ng.<\/p>\n<\/div><\/section>\n<div id=\"av_player-0\" class=\"av-player av-player-container   avia-builder-el-19  el_after_av_textblock  avia-builder-el-last  first avia-playerstyle-classic avia-playlist-hide-cover\" ><div class=\"av-player-player-container\"><div class=\"wp-playlist wp-audio-playlist wp-playlist-light\">\n\t\t\t<div class=\"wp-playlist-current-item\"><\/div>\n\t\t<audio controls=\"controls\" preload=\"none\" width=\"1478\"\n\t\t\t><\/audio>\n\t<div class=\"wp-playlist-next\"><\/div>\n\t<div class=\"wp-playlist-prev\"><\/div>\n\t<noscript>\n\t<ol>\n\t\t<li><a href='https:\/\/chuahaidong.org\/wp-content\/uploads\/HSCa.mp3'>HI\u1ec6P H\u00c0NH CA<\/a><\/li>\t<\/ol>\n\t<\/noscript>\n\t<script type=\"application\/json\" class=\"wp-playlist-script\">{\"type\":\"audio\",\"tracklist\":true,\"tracknumbers\":true,\"images\":true,\"artists\":true,\"tracks\":[{\"src\":\"https:\/\/chuahaidong.org\/wp-content\/uploads\/HSCa.mp3\",\"type\":\"audio\/mpeg\",\"title\":\"HI\\u1ec6P H\\u00c0NH CA\",\"caption\":\"\",\"description\":\"\\\"HI\\u1ec6P H\\u00c0NH CA\\\" by H\\u1ea1t C\\u1ea3i.\",\"meta\":{\"artist\":\"H\\u1ea1t C\\u1ea3i\",\"length_formatted\":\"1:23\"},\"image\":{\"src\":\"https:\/\/chuahaidong.org\/wp-includes\/images\/media\/audio.svg\",\"width\":48,\"height\":64},\"thumb\":{\"src\":\"https:\/\/chuahaidong.org\/wp-includes\/images\/media\/audio.svg\",\"width\":48,\"height\":64}}]}<\/script>\n<\/div>\n\t<\/div><\/div>\n","protected":false},"excerpt":{"rendered":"","protected":false},"author":1,"featured_media":0,"parent":0,"menu_order":0,"comment_status":"closed","ping_status":"open","template":"","meta":{"footnotes":""},"class_list":["post-495","page","type-page","status-publish","hentry"],"_links":{"self":[{"href":"https:\/\/chuahaidong.org\/index.php?rest_route=\/wp\/v2\/pages\/495","targetHints":{"allow":["GET"]}}],"collection":[{"href":"https:\/\/chuahaidong.org\/index.php?rest_route=\/wp\/v2\/pages"}],"about":[{"href":"https:\/\/chuahaidong.org\/index.php?rest_route=\/wp\/v2\/types\/page"}],"author":[{"embeddable":true,"href":"https:\/\/chuahaidong.org\/index.php?rest_route=\/wp\/v2\/users\/1"}],"replies":[{"embeddable":true,"href":"https:\/\/chuahaidong.org\/index.php?rest_route=%2Fwp%2Fv2%2Fcomments&post=495"}],"version-history":[{"count":4,"href":"https:\/\/chuahaidong.org\/index.php?rest_route=\/wp\/v2\/pages\/495\/revisions"}],"predecessor-version":[{"id":5557,"href":"https:\/\/chuahaidong.org\/index.php?rest_route=\/wp\/v2\/pages\/495\/revisions\/5557"}],"wp:attachment":[{"href":"https:\/\/chuahaidong.org\/index.php?rest_route=%2Fwp%2Fv2%2Fmedia&parent=495"}],"curies":[{"name":"wp","href":"https:\/\/api.w.org\/{rel}","templated":true}]}}