{"id":492,"date":"2014-09-30T06:15:30","date_gmt":"2014-09-30T06:15:30","guid":{"rendered":"http:\/\/chuahaidong.org\/?page_id=492"},"modified":"2025-09-19T11:48:46","modified_gmt":"2025-09-19T03:48:46","slug":"nghia-si","status":"publish","type":"page","link":"https:\/\/chuahaidong.org\/?page_id=492","title":{"rendered":"Ngh\u0129a S\u0129"},"content":{"rendered":"<section class=\"av_textblock_section \"  itemscope=\"itemscope\" itemtype=\"https:\/\/schema.org\/CreativeWork\" ><div class='avia_textblock  '   itemprop=\"text\" ><p><!--Main Content HTML code--><\/p>\n<div id=\"content2\">\n<h2 style=\"color: #f0be1f; text-align: center; font-size: 36px;\">Ngh\u0129a S\u0129: Chinh Ph\u1ee5c<\/h2>\n<\/div>\n<\/div><\/section>\n<section class=\"av_textblock_section \"  itemscope=\"itemscope\" itemtype=\"https:\/\/schema.org\/CreativeWork\" ><div class='avia_textblock  '   itemprop=\"text\" ><h6 style=\"font-weight: 400; font-size: 18px; text-align: center;\">This Ng\u00e0nh (division\/branch), represented by the color Yellow, symbolizes the sunrise of the youths before coming into their adult ages and the manifestation of the heart; the opening of one&#8217;s life to others. Youth in Ng\u00e0nh Ngh\u0129a S\u0129 are typically between the ages of 13-15, and learn more about Liturgy\/Sacraments &amp; the Old Testament (C\u1ea5p 1), Morality &amp; the New Testament (C\u1ea5p 2), and the Creed (C\u1ea5p 3).<\/h6>\n<\/div><\/section>\n<div   class='hr hr-default   avia-builder-el-2  el_after_av_textblock  el_before_av_one_third '><span class='hr-inner ' ><span class='hr-inner-style'><\/span><\/span><\/div>\n<div class=\"flex_column av_one_third  flex_column_div av-zero-column-padding first  avia-builder-el-3  el_after_av_hr  el_before_av_one_third  \" style='border-radius:0px; '><section class=\"av_textblock_section \"  itemscope=\"itemscope\" itemtype=\"https:\/\/schema.org\/CreativeWork\" ><div class='avia_textblock  '   itemprop=\"text\" ><p style=\"text-align: center;\">\u00a0\u00a0<img loading=\"lazy\" decoding=\"async\" class=\"alignnone wp-image-5382\" src=\"https:\/\/chuahaidong.org\/wp-content\/uploads\/imageedit_27_5349939236-300x169.jpg\" alt=\"\" width=\"300\" height=\"169\" srcset=\"https:\/\/chuahaidong.org\/wp-content\/uploads\/imageedit_27_5349939236-300x169.jpg 300w, https:\/\/chuahaidong.org\/wp-content\/uploads\/imageedit_27_5349939236-1030x579.jpg 1030w, https:\/\/chuahaidong.org\/wp-content\/uploads\/imageedit_27_5349939236-768x432.jpg 768w, https:\/\/chuahaidong.org\/wp-content\/uploads\/imageedit_27_5349939236-1536x864.jpg 1536w, https:\/\/chuahaidong.org\/wp-content\/uploads\/imageedit_27_5349939236-1500x844.jpg 1500w, https:\/\/chuahaidong.org\/wp-content\/uploads\/imageedit_27_5349939236-705x396.jpg 705w, https:\/\/chuahaidong.org\/wp-content\/uploads\/imageedit_27_5349939236.jpg 1700w\" sizes=\"auto, (max-width: 300px) 100vw, 300px\" \/><\/p>\n<\/div><\/section><\/div>\n<div class=\"flex_column av_one_third  flex_column_div av-zero-column-padding   avia-builder-el-5  el_after_av_one_third  el_before_av_one_third  \" style='border-radius:0px; '><section class=\"av_textblock_section \"  itemscope=\"itemscope\" itemtype=\"https:\/\/schema.org\/CreativeWork\" ><div class='avia_textblock  '   itemprop=\"text\" ><p><img loading=\"lazy\" decoding=\"async\" class=\"alignnone wp-image-5381 aligncenter\" src=\"https:\/\/chuahaidong.org\/wp-content\/uploads\/imageedit_30_9589858192-300x169.jpg\" alt=\"\" width=\"300\" height=\"169\" srcset=\"https:\/\/chuahaidong.org\/wp-content\/uploads\/imageedit_30_9589858192-300x169.jpg 300w, https:\/\/chuahaidong.org\/wp-content\/uploads\/imageedit_30_9589858192-1030x579.jpg 1030w, https:\/\/chuahaidong.org\/wp-content\/uploads\/imageedit_30_9589858192-768x432.jpg 768w, https:\/\/chuahaidong.org\/wp-content\/uploads\/imageedit_30_9589858192-1536x864.jpg 1536w, https:\/\/chuahaidong.org\/wp-content\/uploads\/imageedit_30_9589858192-1500x844.jpg 1500w, https:\/\/chuahaidong.org\/wp-content\/uploads\/imageedit_30_9589858192-705x396.jpg 705w, https:\/\/chuahaidong.org\/wp-content\/uploads\/imageedit_30_9589858192.jpg 1700w\" sizes=\"auto, (max-width: 300px) 100vw, 300px\" \/><\/p>\n<\/div><\/section><\/div>\n<div class=\"flex_column av_one_third  flex_column_div av-zero-column-padding   avia-builder-el-7  el_after_av_one_third  el_before_av_hr  \" style='border-radius:0px; '><section class=\"av_textblock_section \"  itemscope=\"itemscope\" itemtype=\"https:\/\/schema.org\/CreativeWork\" ><div class='avia_textblock  '   itemprop=\"text\" ><p><img loading=\"lazy\" decoding=\"async\" class=\"alignnone size-medium wp-image-5380 aligncenter\" src=\"https:\/\/chuahaidong.org\/wp-content\/uploads\/imageedit_32_2757527638-300x169.jpg\" alt=\"\" width=\"300\" height=\"169\" srcset=\"https:\/\/chuahaidong.org\/wp-content\/uploads\/imageedit_32_2757527638-300x169.jpg 300w, https:\/\/chuahaidong.org\/wp-content\/uploads\/imageedit_32_2757527638-1030x579.jpg 1030w, https:\/\/chuahaidong.org\/wp-content\/uploads\/imageedit_32_2757527638-768x432.jpg 768w, https:\/\/chuahaidong.org\/wp-content\/uploads\/imageedit_32_2757527638-1536x864.jpg 1536w, https:\/\/chuahaidong.org\/wp-content\/uploads\/imageedit_32_2757527638-1500x844.jpg 1500w, https:\/\/chuahaidong.org\/wp-content\/uploads\/imageedit_32_2757527638-705x396.jpg 705w, https:\/\/chuahaidong.org\/wp-content\/uploads\/imageedit_32_2757527638.jpg 1700w\" sizes=\"auto, (max-width: 300px) 100vw, 300px\" \/><\/p>\n<\/div><\/section><\/div>\n<div   class='hr hr-default   avia-builder-el-9  el_after_av_one_third  el_before_av_textblock '><span class='hr-inner ' ><span class='hr-inner-style'><\/span><\/span><\/div>\n<section class=\"av_textblock_section \"  itemscope=\"itemscope\" itemtype=\"https:\/\/schema.org\/CreativeWork\" ><div class='avia_textblock  av_inherit_color '  style='color:#f0be1f; '  itemprop=\"text\" ><h2 style=\"text-align: center;\">NGH\u0128A S\u0128 HUYNH TR\u01af\u1edeNG (2025-2026)<\/h2>\n<\/div><\/section>\n<section class=\"av_textblock_section \"  itemscope=\"itemscope\" itemtype=\"https:\/\/schema.org\/CreativeWork\" ><div class='avia_textblock  av_inherit_color '  style='color:#666666; '  itemprop=\"text\" ><p><img loading=\"lazy\" decoding=\"async\" class=\"aligncenter wp-image-5601 size-medium\" src=\"https:\/\/chuahaidong.org\/wp-content\/uploads\/IMG_6622-scaled-e1758253712164-245x300.jpg\" alt=\"\" width=\"245\" height=\"300\" srcset=\"https:\/\/chuahaidong.org\/wp-content\/uploads\/IMG_6622-scaled-e1758253712164-245x300.jpg 245w, https:\/\/chuahaidong.org\/wp-content\/uploads\/IMG_6622-scaled-e1758253712164.jpg 400w\" sizes=\"auto, (max-width: 245px) 100vw, 245px\" \/><\/p>\n<p style=\"font-size: 16px; text-align: center;\"><span style=\"text-decoration: underline;\"><strong>Ng\u00e0nh Tr\u01b0\u1edfng:<\/strong><\/span><\/p>\n<p style=\"font-size: 16px; text-align: center;\"><strong>Tr. Tyler Tr\u1ea7n<\/strong><\/p>\n<\/div><\/section>\n<div class=\"flex_column av_one_third  flex_column_div av-zero-column-padding first  avia-builder-el-12  el_after_av_textblock  el_before_av_one_third  column-top-margin\" style='border-radius:0px; '><section class=\"av_textblock_section \"  itemscope=\"itemscope\" itemtype=\"https:\/\/schema.org\/CreativeWork\" ><div class='avia_textblock  av_inherit_color '  style='color:#666666; '  itemprop=\"text\" ><p><img loading=\"lazy\" decoding=\"async\" class=\"alignnone size-medium wp-image-5536 aligncenter\" src=\"https:\/\/chuahaidong.org\/wp-content\/uploads\/blank-profile-picture-973460_1280-300x300.webp\" alt=\"\" width=\"300\" height=\"300\" srcset=\"https:\/\/chuahaidong.org\/wp-content\/uploads\/blank-profile-picture-973460_1280-300x300.webp 300w, https:\/\/chuahaidong.org\/wp-content\/uploads\/blank-profile-picture-973460_1280-1030x1030.webp 1030w, https:\/\/chuahaidong.org\/wp-content\/uploads\/blank-profile-picture-973460_1280-80x80.webp 80w, https:\/\/chuahaidong.org\/wp-content\/uploads\/blank-profile-picture-973460_1280-768x768.webp 768w, https:\/\/chuahaidong.org\/wp-content\/uploads\/blank-profile-picture-973460_1280-36x36.webp 36w, https:\/\/chuahaidong.org\/wp-content\/uploads\/blank-profile-picture-973460_1280-180x180.webp 180w, https:\/\/chuahaidong.org\/wp-content\/uploads\/blank-profile-picture-973460_1280-705x705.webp 705w, https:\/\/chuahaidong.org\/wp-content\/uploads\/blank-profile-picture-973460_1280.webp 1280w\" sizes=\"auto, (max-width: 300px) 100vw, 300px\" \/><\/p>\n<p style=\"font-size: 16px; text-align: center;\"><span style=\"text-decoration: underline;\"><strong>C\u1ea5p 1:<\/strong><\/span><\/p>\n<p style=\"font-size: 16px; text-align: center;\"><strong>???<br \/>\n(Come back next year to meet your new HTs!)<\/strong><\/p>\n<\/div><\/section><\/div>\n<div class=\"flex_column av_one_third  flex_column_div av-zero-column-padding   avia-builder-el-14  el_after_av_one_third  el_before_av_one_third  column-top-margin\" style='border-radius:0px; '><section class=\"av_textblock_section \"  itemscope=\"itemscope\" itemtype=\"https:\/\/schema.org\/CreativeWork\" ><div class='avia_textblock  av_inherit_color '  style='color:#666666; '  itemprop=\"text\" ><p><img loading=\"lazy\" decoding=\"async\" class=\"alignnone size-medium wp-image-5536 aligncenter\" src=\"https:\/\/chuahaidong.org\/wp-content\/uploads\/blank-profile-picture-973460_1280-300x300.webp\" alt=\"\" width=\"300\" height=\"300\" srcset=\"https:\/\/chuahaidong.org\/wp-content\/uploads\/blank-profile-picture-973460_1280-300x300.webp 300w, https:\/\/chuahaidong.org\/wp-content\/uploads\/blank-profile-picture-973460_1280-1030x1030.webp 1030w, https:\/\/chuahaidong.org\/wp-content\/uploads\/blank-profile-picture-973460_1280-80x80.webp 80w, https:\/\/chuahaidong.org\/wp-content\/uploads\/blank-profile-picture-973460_1280-768x768.webp 768w, https:\/\/chuahaidong.org\/wp-content\/uploads\/blank-profile-picture-973460_1280-36x36.webp 36w, https:\/\/chuahaidong.org\/wp-content\/uploads\/blank-profile-picture-973460_1280-180x180.webp 180w, https:\/\/chuahaidong.org\/wp-content\/uploads\/blank-profile-picture-973460_1280-705x705.webp 705w, https:\/\/chuahaidong.org\/wp-content\/uploads\/blank-profile-picture-973460_1280.webp 1280w\" sizes=\"auto, (max-width: 300px) 100vw, 300px\" \/><\/p>\n<p style=\"font-size: 16px; text-align: center;\"><span style=\"text-decoration: underline;\"><strong>C\u1ea5p 2:<\/strong><\/span><\/p>\n<p style=\"font-size: 16px; text-align: center;\"><strong>???<br \/>\n(Come back next year to meet your new HTs!)<\/strong><\/p>\n<\/div><\/section><\/div>\n<div class=\"flex_column av_one_third  flex_column_div av-zero-column-padding   avia-builder-el-16  el_after_av_one_third  el_before_av_hr  column-top-margin\" style='border-radius:0px; '><section class=\"av_textblock_section \"  itemscope=\"itemscope\" itemtype=\"https:\/\/schema.org\/CreativeWork\" ><div class='avia_textblock  av_inherit_color '  style='color:#666666; '  itemprop=\"text\" ><p><img loading=\"lazy\" decoding=\"async\" class=\"alignnone size-medium wp-image-5536 aligncenter\" src=\"https:\/\/chuahaidong.org\/wp-content\/uploads\/blank-profile-picture-973460_1280-300x300.webp\" alt=\"\" width=\"300\" height=\"300\" srcset=\"https:\/\/chuahaidong.org\/wp-content\/uploads\/blank-profile-picture-973460_1280-300x300.webp 300w, https:\/\/chuahaidong.org\/wp-content\/uploads\/blank-profile-picture-973460_1280-1030x1030.webp 1030w, https:\/\/chuahaidong.org\/wp-content\/uploads\/blank-profile-picture-973460_1280-80x80.webp 80w, https:\/\/chuahaidong.org\/wp-content\/uploads\/blank-profile-picture-973460_1280-768x768.webp 768w, https:\/\/chuahaidong.org\/wp-content\/uploads\/blank-profile-picture-973460_1280-36x36.webp 36w, https:\/\/chuahaidong.org\/wp-content\/uploads\/blank-profile-picture-973460_1280-180x180.webp 180w, https:\/\/chuahaidong.org\/wp-content\/uploads\/blank-profile-picture-973460_1280-705x705.webp 705w, https:\/\/chuahaidong.org\/wp-content\/uploads\/blank-profile-picture-973460_1280.webp 1280w\" sizes=\"auto, (max-width: 300px) 100vw, 300px\" \/><\/p>\n<p style=\"font-size: 16px; text-align: center;\"><span style=\"text-decoration: underline;\"><strong>C\u1ea5p 3:<\/strong><\/span><\/p>\n<p style=\"font-size: 16px; text-align: center;\"><strong>???<br \/>\n(Come back next year to meet your new HTs!)<\/strong><\/p>\n<\/div><\/section><\/div>\n<div   class='hr hr-default   avia-builder-el-18  el_after_av_one_third  el_before_av_textblock '><span class='hr-inner ' ><span class='hr-inner-style'><\/span><\/span><\/div>\n<section class=\"av_textblock_section \"  itemscope=\"itemscope\" itemtype=\"https:\/\/schema.org\/CreativeWork\" ><div class='avia_textblock  '   itemprop=\"text\" ><h2 style=\"text-align: center; color: #f0be1f;\">NGH\u0128A S\u0128 CA<\/h2>\n<\/div><\/section>\n<section class=\"av_textblock_section \"  itemscope=\"itemscope\" itemtype=\"https:\/\/schema.org\/CreativeWork\" ><div class='avia_textblock  '   itemprop=\"text\" ><p style=\"font-size: 16px; text-align: center;\">Vui ca l\u00ean Ngh\u0129a s\u0129 \u0111\u1eddi \u0111\u1ea7y di\u1ec5m ph\u00fac.<br \/>\nH\u1ed3n thanh xu\u00e2n say ni\u1ec1m l\u00fd t\u01b0\u1edfng cao xa.<br \/>\nV\u00ec Ngh\u0129a ra \u0111i l\u00e0 \u0111i Chinh Ph\u1ee5c.<br \/>\n\u0110\u01b0\u1eddng xa b\u00f3ng Ch\u00faa \u0111ang ch\u1edd \u0111\u1ee3i ta.<\/p>\n<p style=\"font-size: 16px; text-align: center;\">M\u1ed9t \u0111\u1eddi tr\u1ebb trung th\u00e0nh n\u1ed3ng h\u1eadu s\u1ee9c thi\u00eang.<br \/>\nH\u00f9ng d\u0169ng trung th\u00e0nh m\u1ed9t d\u1ea1 trung ki\u00ean.<br \/>\nT\u00ecnh b\u1eb1ng h\u1eefu, ch\u00e2n th\u00e0nh m\u1ed9t d\u1ea1 v\u1eefng ki\u00ean.<br \/>\nT\u00f4n qu\u00fd tr\u00e1ch nhi\u1ec7m s\u1ed1ng g\u01b0\u01a1ng hy sinh.<\/p>\n<p style=\"font-size: 16px; text-align: center;\">Ngh\u0129a S\u0129 Vi\u1ec7t Nam s\u1eb5n s\u00e0ng h\u00f9ng tr\u00e1ng,<br \/>\ntrong s\u1ea1ch h\u0103ng h\u00e1i v\u00e0 quy\u1ebft ti\u1ebfn b\u01b0\u1edbc.<br \/>\nL\u1eeda th\u1ea7n nung n\u1ea5u t\u00e2m can kh\u00f4ng ng\u1eebng.<br \/>\nM\u1ea7m thi\u00eang ta gieo kh\u1eafp n\u01a1i xa g\u1ea7n.<\/p>\n<p style=\"font-size: 16px; text-align: center;\">L\u00fd t\u01b0\u1edfng si\u00eau nhi\u00ean th\u00e0nh t\u00e2m y\u00eau m\u1ebfn.<br \/>\nDanh Cha c\u1ea3 s\u00e1ng, n\u01b0\u1edbc Cha tr\u1ecb \u0111\u1ebfn.<br \/>\nNoi g\u01b0\u01a1ng nhi\u1ec7t th\u00e0nh c\u1ee7a Th\u00e1nh Phaol\u00f4<br \/>\nX\u00f4ng pha l\u00ean \u0111\u01b0\u1eddng l\u00e0m ch\u1ee9ng Ph\u00fac \u00c2m.<\/p>\n<\/div><\/section>\n<div id=\"av_player-0\" class=\"av-player av-player-container   avia-builder-el-21  el_after_av_textblock  avia-builder-el-last  first avia-playerstyle-classic avia-playlist-hide-cover\" ><div class=\"av-player-player-container\"><div class=\"wp-playlist wp-audio-playlist wp-playlist-light\">\n\t\t\t<div class=\"wp-playlist-current-item\"><\/div>\n\t\t<audio controls=\"controls\" preload=\"none\" width=\"1478\"\n\t\t\t><\/audio>\n\t<div class=\"wp-playlist-next\"><\/div>\n\t<div class=\"wp-playlist-prev\"><\/div>\n\t<noscript>\n\t<ol>\n\t\t<li><a href='https:\/\/chuahaidong.org\/wp-content\/uploads\/NSCa.mp3'>NGH\u0128A S\u0128 CA<\/a><\/li>\t<\/ol>\n\t<\/noscript>\n\t<script type=\"application\/json\" class=\"wp-playlist-script\">{\"type\":\"audio\",\"tracklist\":true,\"tracknumbers\":true,\"images\":true,\"artists\":true,\"tracks\":[{\"src\":\"https:\/\/chuahaidong.org\/wp-content\/uploads\/NSCa.mp3\",\"type\":\"audio\/mpeg\",\"title\":\"NGH\\u0128A S\\u0128 CA\",\"caption\":\"\",\"description\":\"\\\"NGH\\u0128A S\\u0128 CA\\\" by H\\u1ea1t C\\u1ea3i.\",\"meta\":{\"artist\":\"H\\u1ea1t C\\u1ea3i\",\"length_formatted\":\"1:38\"},\"image\":{\"src\":\"https:\/\/chuahaidong.org\/wp-includes\/images\/media\/audio.svg\",\"width\":48,\"height\":64},\"thumb\":{\"src\":\"https:\/\/chuahaidong.org\/wp-includes\/images\/media\/audio.svg\",\"width\":48,\"height\":64}}]}<\/script>\n<\/div>\n\t<\/div><\/div>\n","protected":false},"excerpt":{"rendered":"","protected":false},"author":1,"featured_media":0,"parent":0,"menu_order":0,"comment_status":"closed","ping_status":"open","template":"","meta":{"footnotes":""},"class_list":["post-492","page","type-page","status-publish","hentry"],"_links":{"self":[{"href":"https:\/\/chuahaidong.org\/index.php?rest_route=\/wp\/v2\/pages\/492","targetHints":{"allow":["GET"]}}],"collection":[{"href":"https:\/\/chuahaidong.org\/index.php?rest_route=\/wp\/v2\/pages"}],"about":[{"href":"https:\/\/chuahaidong.org\/index.php?rest_route=\/wp\/v2\/types\/page"}],"author":[{"embeddable":true,"href":"https:\/\/chuahaidong.org\/index.php?rest_route=\/wp\/v2\/users\/1"}],"replies":[{"embeddable":true,"href":"https:\/\/chuahaidong.org\/index.php?rest_route=%2Fwp%2Fv2%2Fcomments&post=492"}],"version-history":[{"count":5,"href":"https:\/\/chuahaidong.org\/index.php?rest_route=\/wp\/v2\/pages\/492\/revisions"}],"predecessor-version":[{"id":5628,"href":"https:\/\/chuahaidong.org\/index.php?rest_route=\/wp\/v2\/pages\/492\/revisions\/5628"}],"wp:attachment":[{"href":"https:\/\/chuahaidong.org\/index.php?rest_route=%2Fwp%2Fv2%2Fmedia&parent=492"}],"curies":[{"name":"wp","href":"https:\/\/api.w.org\/{rel}","templated":true}]}}