{"id":49,"date":"2014-09-13T17:42:22","date_gmt":"2014-09-13T17:42:22","guid":{"rendered":"http:\/\/chuahaidong.org\/?page_id=49"},"modified":"2026-01-13T14:59:17","modified_gmt":"2026-01-13T06:59:17","slug":"gallery","status":"publish","type":"page","link":"https:\/\/chuahaidong.org\/?page_id=49","title":{"rendered":"Gallery"},"content":{"rendered":"<section class=\"av_textblock_section \"  itemscope=\"itemscope\" itemtype=\"https:\/\/schema.org\/CreativeWork\" ><div class='avia_textblock  '   itemprop=\"text\" ><\/p>\n<h1 style=\"text-align: center;\">CH\u0110 Photos<\/h1>\n<h4 class=\"has-text-align-center\" style=\"text-align: center;\">Click on the links to access the photos!<\/h4>\n<div class=\"wp-block-buttons\">\n<\/div>\n<p><!-- \/wp:post-content --><\/p>\n<p><!-- wp:paragraph --><\/p>\n<p><!-- \/wp:paragraph --><\/p>\n<\/div><\/section>\r\n<div class=\"flex_column av_one_third  flex_column_div av-zero-column-padding first  avia-builder-el-1  el_after_av_textblock  el_before_av_one_third  column-top-margin\" style='border-radius:0px; '><section class=\"av_textblock_section \"  itemscope=\"itemscope\" itemtype=\"https:\/\/schema.org\/CreativeWork\" ><div class='avia_textblock  '   itemprop=\"text\" ><p><img loading=\"lazy\" decoding=\"async\" class=\"alignnone size-medium wp-image-5529 aligncenter\" src=\"https:\/\/chuahaidong.org\/wp-content\/uploads\/DSC02028-Enhanced-NR-300x200.jpg\" alt=\"\" width=\"300\" height=\"200\" srcset=\"https:\/\/chuahaidong.org\/wp-content\/uploads\/DSC02028-Enhanced-NR-300x200.jpg 300w, https:\/\/chuahaidong.org\/wp-content\/uploads\/DSC02028-Enhanced-NR-1030x687.jpg 1030w, https:\/\/chuahaidong.org\/wp-content\/uploads\/DSC02028-Enhanced-NR-768x512.jpg 768w, https:\/\/chuahaidong.org\/wp-content\/uploads\/DSC02028-Enhanced-NR-1536x1024.jpg 1536w, https:\/\/chuahaidong.org\/wp-content\/uploads\/DSC02028-Enhanced-NR-2048x1365.jpg 2048w, https:\/\/chuahaidong.org\/wp-content\/uploads\/DSC02028-Enhanced-NR-1500x1000.jpg 1500w, https:\/\/chuahaidong.org\/wp-content\/uploads\/DSC02028-Enhanced-NR-705x470.jpg 705w\" sizes=\"auto, (max-width: 300px) 100vw, 300px\" \/><\/p>\n<\/div><\/section><\/div>\r\n<div class=\"flex_column av_one_third  flex_column_div av-zero-column-padding   avia-builder-el-3  el_after_av_one_third  el_before_av_one_third  column-top-margin\" style='border-radius:0px; '><section class=\"av_textblock_section \"  itemscope=\"itemscope\" itemtype=\"https:\/\/schema.org\/CreativeWork\" ><div class='avia_textblock  '   itemprop=\"text\" ><p><img loading=\"lazy\" decoding=\"async\" class=\"alignnone size-medium wp-image-5532 aligncenter\" src=\"https:\/\/chuahaidong.org\/wp-content\/uploads\/imageedit_1_6336774818-300x200.jpg\" alt=\"\" width=\"300\" height=\"200\" srcset=\"https:\/\/chuahaidong.org\/wp-content\/uploads\/imageedit_1_6336774818-300x200.jpg 300w, https:\/\/chuahaidong.org\/wp-content\/uploads\/imageedit_1_6336774818-1030x686.jpg 1030w, https:\/\/chuahaidong.org\/wp-content\/uploads\/imageedit_1_6336774818-768x512.jpg 768w, https:\/\/chuahaidong.org\/wp-content\/uploads\/imageedit_1_6336774818-705x470.jpg 705w, https:\/\/chuahaidong.org\/wp-content\/uploads\/imageedit_1_6336774818.jpg 1292w\" sizes=\"auto, (max-width: 300px) 100vw, 300px\" \/><\/p>\n<\/div><\/section><\/div>\r\n<div class=\"flex_column av_one_third  flex_column_div av-zero-column-padding   avia-builder-el-5  el_after_av_one_third  el_before_av_one_half  column-top-margin\" style='border-radius:0px; '><section class=\"av_textblock_section \"  itemscope=\"itemscope\" itemtype=\"https:\/\/schema.org\/CreativeWork\" ><div class='avia_textblock  '   itemprop=\"text\" ><p><img loading=\"lazy\" decoding=\"async\" class=\"alignnone size-medium wp-image-5533 aligncenter\" src=\"https:\/\/chuahaidong.org\/wp-content\/uploads\/imageedit_3_2899223749-300x200.jpg\" alt=\"\" width=\"300\" height=\"200\" srcset=\"https:\/\/chuahaidong.org\/wp-content\/uploads\/imageedit_3_2899223749-300x200.jpg 300w, https:\/\/chuahaidong.org\/wp-content\/uploads\/imageedit_3_2899223749-1030x686.jpg 1030w, https:\/\/chuahaidong.org\/wp-content\/uploads\/imageedit_3_2899223749-768x512.jpg 768w, https:\/\/chuahaidong.org\/wp-content\/uploads\/imageedit_3_2899223749-705x470.jpg 705w, https:\/\/chuahaidong.org\/wp-content\/uploads\/imageedit_3_2899223749.jpg 1292w\" sizes=\"auto, (max-width: 300px) 100vw, 300px\" \/><\/p>\n<\/div><\/section><\/div>\r\n<div class=\"flex_column av_one_half  flex_column_div av-zero-column-padding first  avia-builder-el-7  el_after_av_one_third  el_before_av_one_half  column-top-margin\" style='border-radius:0px; '><p><div  style='padding-bottom:10px; ' class='av-special-heading av-special-heading-h2  blockquote modern-quote modern-centered  avia-builder-el-8  el_before_av_button  avia-builder-el-first  '><h2 class='av-special-heading-tag '  itemprop=\"headline\"  >Tr\u1ea1i \u0110o\u00e0n<\/h2><div class='special-heading-border'><div class='special-heading-inner-border' ><\/div><\/div><\/div><br \/>\n<div  class='avia-button-wrap avia-button-center  avia-builder-el-9  el_after_av_heading  el_before_av_button ' ><a href='https:\/\/drive.google.com\/drive\/u\/0\/folders\/1W-e7BOyDyUyeH74p0TtOkabZzG0xrwno' class='avia-button   avia-icon_select-no avia-color-custom avia-size-x-large avia-position-center ' target=\"_blank\" style='background-color:#d70f23; border-color:#d70f23; color:#ffffff; ' rel=\"noopener\"><span class='avia_iconbox_title' >Tr\u1ea1i \u0110o\u00e0n 2023<\/span><\/a><\/div><br \/>\n<div  class='avia-button-wrap avia-button-center  avia-builder-el-10  el_after_av_button  el_before_av_button ' ><a href='https:\/\/drive.google.com\/drive\/u\/0\/folders\/1-h_NAjJ2jC1oLTRXPBzDqkckmixgdJLv' class='avia-button   avia-icon_select-no avia-color-custom avia-size-x-large avia-position-center ' target=\"_blank\" style='background-color:#d70f23; border-color:#d70f23; color:#ffffff; ' rel=\"noopener\"><span class='avia_iconbox_title' >Tr\u1ea1i \u0110o\u00e0n 2024<\/span><\/a><\/div><br \/>\n<div  class='avia-button-wrap avia-button-center  avia-builder-el-11  el_after_av_button  avia-builder-el-last ' ><a href='https:\/\/www.dropbox.com\/scl\/fo\/123j2fad1yd9s3k89q8xj\/AGEvAACwW8ag2eNPNzwFz6M?e=1&amp;fbclid=IwY2xjawK9gSBleHRuA2FlbQIxMQABHkbDuOxAyUBZo_HaHqMKskF1LbyW7iRIabMdXSBf4PsbC29qM5ftafwALA3F_aem_T_OtRL5SL_6z_V1rWLBTsg&amp;rlkey=37h7r1ddbezvtxulewj4sg9i5&amp;st=khfy4q9z&amp;dl=0' class='avia-button   avia-icon_select-no avia-color-custom avia-size-x-large avia-position-center ' target=\"_blank\" style='background-color:#d70f23; border-color:#d70f23; color:#ffffff; ' rel=\"noopener\"><span class='avia_iconbox_title' >Tr\u1ea1i \u0110o\u00e0n 2025<\/span><\/a><\/div><\/p><\/div>\r\n<div class=\"flex_column av_one_half  flex_column_div av-zero-column-padding   avia-builder-el-12  el_after_av_one_half  el_before_av_one_half  column-top-margin\" style='border-radius:0px; '><p><div  style='padding-bottom:10px; ' class='av-special-heading av-special-heading-h2  blockquote modern-quote modern-centered  avia-builder-el-13  el_before_av_button  avia-builder-el-first  '><h2 class='av-special-heading-tag '  itemprop=\"headline\"  >\u0110\u1ed9i Tr\u01b0\u1edfng \u0110\u1ed9i Ph\u00f3<\/h2><div class='special-heading-border'><div class='special-heading-inner-border' ><\/div><\/div><\/div><br \/>\n<div  class='avia-button-wrap avia-button-center  avia-builder-el-14  el_after_av_heading  el_before_av_button ' ><a href='https:\/\/drive.google.com\/drive\/folders\/16h9gRbIXGrdDGLzT_r2W4RQ18aRATipn' class='avia-button   avia-icon_select-no avia-color-custom avia-size-x-large avia-position-center ' target=\"_blank\" style='background-color:#d70f23; border-color:#d70f23; color:#ffffff; ' rel=\"noopener\"><span class='avia_iconbox_title' >\u0110T\u0110P Camp 2023<\/span><\/a><\/div><br \/>\n<div  class='avia-button-wrap avia-button-center  avia-builder-el-15  el_after_av_button  el_before_av_button ' ><a href='https:\/\/drive.google.com\/drive\/folders\/1CMFKDIk52UgKNFtpU_OZ1NUi0KDArDpD?usp=sharing' class='avia-button   avia-icon_select-no avia-color-custom avia-size-x-large avia-position-center ' target=\"_blank\" style='background-color:#d70f23; border-color:#d70f23; color:#ffffff; ' rel=\"noopener\"><span class='avia_iconbox_title' >\u0110T\u0110P Camp 2025<\/span><\/a><\/div><br \/>\n<div  class='avia-button-wrap avia-button-center  avia-builder-el-16  el_after_av_button  avia-builder-el-last ' ><a href='https:\/\/drive.google.com\/drive\/folders\/1hXmN1PMytAHHyLAnaS5fChGyuU06zULG' class='avia-button   avia-icon_select-no avia-color-custom avia-size-x-large avia-position-center ' target=\"_blank\" style='background-color:#d70f23; border-color:#d70f23; color:#ffffff; ' rel=\"noopener\"><span class='avia_iconbox_title' >\u0110T\u0110P Overnight &amp; Promotion<\/span><\/a><\/div><\/p><\/div>\r\n<div class=\"flex_column av_one_half  flex_column_div av-zero-column-padding first  avia-builder-el-17  el_after_av_one_half  el_before_av_one_half  column-top-margin\" style='border-radius:0px; '><p><div  style='padding-bottom:10px; ' class='av-special-heading av-special-heading-h2  blockquote modern-quote modern-centered  avia-builder-el-18  el_before_av_button  avia-builder-el-first  '><h2 class='av-special-heading-tag '  itemprop=\"headline\"  >Ng\u00e0nh \u1ea4u Nhi<\/h2><div class='special-heading-border'><div class='special-heading-inner-border' ><\/div><\/div><\/div><br \/>\n<div  class='avia-button-wrap avia-button-center  avia-builder-el-19  el_after_av_heading  avia-builder-el-last ' ><a href='https:\/\/drive.google.com\/drive\/u\/0\/folders\/1HRS7NJl3UgxaEGSzkF0WSFA6ZPZj8hP1' class='avia-button   avia-icon_select-no avia-color-custom avia-size-x-large avia-position-center ' target=\"_blank\" style='background-color:#73b31f; border-color:#73b31f; color:#ffffff; ' rel=\"noopener\"><span class='avia_iconbox_title' >\u1ea4u Nhi Convention 2024<\/span><\/a><\/div><\/p><\/div>\r\n<div class=\"flex_column av_one_half  flex_column_div av-zero-column-padding   avia-builder-el-20  el_after_av_one_half  el_before_av_one_half  column-top-margin\" style='border-radius:0px; '><p><div  style='padding-bottom:10px; ' class='av-special-heading av-special-heading-h2  blockquote modern-quote modern-centered  avia-builder-el-21  el_before_av_button  avia-builder-el-first  '><h2 class='av-special-heading-tag '  itemprop=\"headline\"  >Ng\u00e0nh Thi\u1ebfu Nhi<\/h2><div class='special-heading-border'><div class='special-heading-inner-border' ><\/div><\/div><\/div><br \/>\n<div  class='avia-button-wrap avia-button-center  avia-builder-el-22  el_after_av_heading  el_before_av_button ' ><a href='https:\/\/drive.google.com\/drive\/u\/0\/folders\/11NicS-v4a7mVQKI8VDweWfWmLLAdxOgM' class='avia-button   avia-icon_select-no avia-color-custom avia-size-x-large avia-position-center ' target=\"_blank\" style='background-color:#1f47a9; border-color:#1f47a9; color:#ffffff; ' rel=\"noopener\"><span class='avia_iconbox_title' >Thi\u1ebfu Nhi Retreat 2024<\/span><\/a><\/div><br \/>\n<div  class='avia-button-wrap avia-button-center  avia-builder-el-23  el_after_av_button  el_before_av_button ' ><a href='https:\/\/www.dropbox.com\/scl\/fo\/o5me0x966vfgdj496hm6l\/ACGKmpMpOFGKdwsh2ICCtJo?rlkey=lmvvfa8pe062xllzmxuxe282k&amp;e=2&amp;st=18ngpblh&amp;dl=0' class='avia-button   avia-icon_select-no avia-color-custom avia-size-x-large avia-position-center ' target=\"_blank\" style='background-color:#1f47a9; border-color:#1f47a9; color:#ffffff; ' rel=\"noopener\"><span class='avia_iconbox_title' >Thi\u1ebfu Nhi Retreat 2025<\/span><\/a><\/div><br \/>\n<div  class='avia-button-wrap avia-button-center  avia-builder-el-24  el_after_av_button  el_before_av_button ' ><a href='https:\/\/drive.google.com\/drive\/u\/0\/folders\/1X9FuPy2dt4yCTy3J9RRpBDgLzTB07gPo?fbclid=IwZXh0bgNhZW0CMTEAAR67J3l18-SjaiBI_5nrTax59uRns_zSmVin0uCIok79KHg5gmMvzfG5bcoFrQ_aem_e5yJnAimDxZp9akqSQRiAw' class='avia-button   avia-icon_select-no avia-color-custom avia-size-x-large avia-position-center ' target=\"_blank\" style='background-color:#1f47a9; border-color:#1f47a9; color:#ffffff; ' rel=\"noopener\"><span class='avia_iconbox_title' >TN C\u1ea5p 3 Overnight 2025<\/span><\/a><\/div><br \/>\n<div  class='avia-button-wrap avia-button-center  avia-builder-el-25  el_after_av_button  avia-builder-el-last ' ><a href='https:\/\/drive.google.com\/drive\/u\/0\/folders\/132DCYiz-dcGjtbqbeHIsEXM1LHRvtLRa' class='avia-button   avia-icon_select-no avia-color-custom avia-size-x-large avia-position-center ' target=\"_blank\" style='background-color:#1f47a9; border-color:#1f47a9; color:#ffffff; ' rel=\"noopener\"><span class='avia_iconbox_title' >TN C\u1ea5p 3 Grad 2025<\/span><\/a><\/div><\/p><\/div>\r\n<div class=\"flex_column av_one_half  flex_column_div av-zero-column-padding first  avia-builder-el-26  el_after_av_one_half  el_before_av_one_half  column-top-margin\" style='border-radius:0px; '><p><div  style='padding-bottom:10px; ' class='av-special-heading av-special-heading-h2  blockquote modern-quote modern-centered  avia-builder-el-27  el_before_av_button  avia-builder-el-first  '><h2 class='av-special-heading-tag '  itemprop=\"headline\"  >Ng\u00e0nh Ngh\u0129a S\u0129<\/h2><div class='special-heading-border'><div class='special-heading-inner-border' ><\/div><\/div><\/div><br \/>\n<div  class='avia-button-wrap avia-button-center  avia-builder-el-28  el_after_av_heading  el_before_av_button ' ><a href='https:\/\/drive.google.com\/drive\/u\/0\/folders\/1lWB0yZK2rkDdiZfphVIR87sVArR82waO' class='avia-button   avia-icon_select-no avia-color-custom avia-size-x-large avia-position-center ' target=\"_blank\" style='background-color:#f0be1f; border-color:#f0be1f; color:#ffffff; ' rel=\"noopener\"><span class='avia_iconbox_title' >Ngh\u0129a S\u0129 Retreat 2024<\/span><\/a><\/div><br \/>\n<div  class='avia-button-wrap avia-button-center  avia-builder-el-29  el_after_av_button  avia-builder-el-last ' ><a href='https:\/\/drive.google.com\/drive\/folders\/1X39NTmPlBUdmodt_Z5YR5Kd1LwBOAIGI' class='avia-button   avia-icon_select-no avia-color-custom avia-size-x-large avia-position-center ' target=\"_blank\" style='background-color:#f0be1f; border-color:#f0be1f; color:#ffffff; ' rel=\"noopener\"><span class='avia_iconbox_title' >Ngh\u0129a S\u0129 Retreat 2025<\/span><\/a><\/div><\/p><\/div>\r\n<div class=\"flex_column av_one_half  flex_column_div av-zero-column-padding   avia-builder-el-30  el_after_av_one_half  avia-builder-el-last  column-top-margin\" style='border-radius:0px; '><p><div  style='padding-bottom:10px; ' class='av-special-heading av-special-heading-h2  blockquote modern-quote modern-centered  avia-builder-el-31  el_before_av_button  avia-builder-el-first  '><h2 class='av-special-heading-tag '  itemprop=\"headline\"  >Ng\u00e0nh Hi\u1ec7p S\u0129<\/h2><div class='special-heading-border'><div class='special-heading-inner-border' ><\/div><\/div><\/div><br \/>\n<div  class='avia-button-wrap avia-button-center  avia-builder-el-32  el_after_av_heading  avia-builder-el-last ' ><a href='https:\/\/drive.google.com\/drive\/u\/0\/folders\/1yZVEUOopnnujCNY3k3oroN8yXCjMpXPO' class='avia-button   avia-icon_select-no avia-color-custom avia-size-x-large avia-position-center ' target=\"_blank\" style='background-color:#4e3215; border-color:#4e3215; color:#ffffff; ' rel=\"noopener\"><span class='avia_iconbox_title' >Hi\u1ec7p S\u0129 Retreat 2025<\/span><\/a><\/div><\/p><\/div>","protected":false},"excerpt":{"rendered":"","protected":false},"author":1,"featured_media":0,"parent":0,"menu_order":0,"comment_status":"closed","ping_status":"closed","template":"","meta":{"footnotes":""},"class_list":["post-49","page","type-page","status-publish","hentry"],"_links":{"self":[{"href":"https:\/\/chuahaidong.org\/index.php?rest_route=\/wp\/v2\/pages\/49","targetHints":{"allow":["GET"]}}],"collection":[{"href":"https:\/\/chuahaidong.org\/index.php?rest_route=\/wp\/v2\/pages"}],"about":[{"href":"https:\/\/chuahaidong.org\/index.php?rest_route=\/wp\/v2\/types\/page"}],"author":[{"embeddable":true,"href":"https:\/\/chuahaidong.org\/index.php?rest_route=\/wp\/v2\/users\/1"}],"replies":[{"embeddable":true,"href":"https:\/\/chuahaidong.org\/index.php?rest_route=%2Fwp%2Fv2%2Fcomments&post=49"}],"version-history":[{"count":5,"href":"https:\/\/chuahaidong.org\/index.php?rest_route=\/wp\/v2\/pages\/49\/revisions"}],"predecessor-version":[{"id":5659,"href":"https:\/\/chuahaidong.org\/index.php?rest_route=\/wp\/v2\/pages\/49\/revisions\/5659"}],"wp:attachment":[{"href":"https:\/\/chuahaidong.org\/index.php?rest_route=%2Fwp%2Fv2%2Fmedia&parent=49"}],"curies":[{"name":"wp","href":"https:\/\/api.w.org\/{rel}","templated":true}]}}