{"id":46,"date":"2014-09-13T17:38:04","date_gmt":"2014-09-13T17:38:04","guid":{"rendered":"http:\/\/chuahaidong.org\/?page_id=46"},"modified":"2015-02-18T16:25:49","modified_gmt":"2015-02-18T08:25:49","slug":"resources","status":"publish","type":"page","link":"https:\/\/chuahaidong.org\/?page_id=46","title":{"rendered":"Resources"},"content":{"rendered":"<p><!--Main Content HTML code--><\/p>\n<div id=\"content2\">\n<h2>T\u00e0i Li\u1ec7u Tham Kh\u1ea3o &#8211; Under Construction<\/h2>\n<h3>M\u1ee5c \u0110\u00edch Phong Tr\u00e0o Thi\u1ebfu Nhi Th\u00e1nh Th\u1ec3<\/h3>\n<\/div>\n","protected":false},"excerpt":{"rendered":"<p>T\u00e0i Li\u1ec7u Tham Kh\u1ea3o &#8211; Under Construction M\u1ee5c \u0110\u00edch Phong Tr\u00e0o Thi\u1ebfu Nhi Th\u00e1nh Th\u1ec3<\/p>\n","protected":false},"author":1,"featured_media":0,"parent":0,"menu_order":0,"comment_status":"closed","ping_status":"closed","template":"","meta":{"footnotes":""},"class_list":["post-46","page","type-page","status-publish","hentry"],"_links":{"self":[{"href":"https:\/\/chuahaidong.org\/index.php?rest_route=\/wp\/v2\/pages\/46","targetHints":{"allow":["GET"]}}],"collection":[{"href":"https:\/\/chuahaidong.org\/index.php?rest_route=\/wp\/v2\/pages"}],"about":[{"href":"https:\/\/chuahaidong.org\/index.php?rest_route=\/wp\/v2\/types\/page"}],"author":[{"embeddable":true,"href":"https:\/\/chuahaidong.org\/index.php?rest_route=\/wp\/v2\/users\/1"}],"replies":[{"embeddable":true,"href":"https:\/\/chuahaidong.org\/index.php?rest_route=%2Fwp%2Fv2%2Fcomments&post=46"}],"version-history":[{"count":5,"href":"https:\/\/chuahaidong.org\/index.php?rest_route=\/wp\/v2\/pages\/46\/revisions"}],"predecessor-version":[{"id":4189,"href":"https:\/\/chuahaidong.org\/index.php?rest_route=\/wp\/v2\/pages\/46\/revisions\/4189"}],"wp:attachment":[{"href":"https:\/\/chuahaidong.org\/index.php?rest_route=%2Fwp%2Fv2%2Fmedia&parent=46"}],"curies":[{"name":"wp","href":"https:\/\/api.w.org\/{rel}","templated":true}]}}