{"id":4474,"date":"2025-01-11T12:15:32","date_gmt":"2025-01-11T04:15:32","guid":{"rendered":"https:\/\/chuahaidong.org\/?page_id=4474"},"modified":"2025-04-13T11:45:19","modified_gmt":"2025-04-13T03:45:19","slug":"10-dieu-tam-niem","status":"publish","type":"page","link":"https:\/\/chuahaidong.org\/?page_id=4474","title":{"rendered":"10 \u0110i\u1ec1u T\u00e2m Ni\u1ec7m"},"content":{"rendered":"\r\n<h1 class=\"wp-block-heading has-text-align-left\" style=\"text-align: center;\">M\u01b0\u1eddi \u0110i\u1ec1u T\u00e2m Ni\u1ec7m<\/h1>\r\n<table class=\"has-background-background-color has-background has-fixed-layout\">\r\n<thead>\r\n<tr>\r\n<th>10 \u0110i\u1ec1u T\u00e2m Ni\u1ec7m<\/th>\r\n<th class=\"has-text-align-left\" data-align=\"left\">10 Vows<\/th>\r\n<\/tr>\r\n<\/thead>\r\n<tbody>\r\n<tr>\r\n<td>Thi\u1ebfu Nhi m\u1ed7i s\u00e1ng d\u00e2ng ng\u00e0y<br \/>\u0110i\u1ec3m t\u00f4 \u0111\u1eddi s\u1ed1ng h\u01b0\u01a1ng bay\u00a0<strong>nguy\u00ea\u0323n c\u1ea7u.<\/strong><\/td>\r\n<td class=\"has-text-align-left\" data-align=\"left\">Offer our daily\u00a0<strong>Prayers<\/strong>\u00a0each morning,<br \/>enrich our lives with heartfelt gratitude and prayers<\/td>\r\n<\/tr>\r\n<tr>\r\n<td>Thi\u1ebfu Nhi Th\u00e1nh Th\u1ec3 nhi\u1ec7m m\u1ea7u,<br \/>T\u00f4n s\u00f9ng\u00a0<strong>r\u01b0\u01a1\u0301c l\u1ec5<\/strong>, nh\u00e0 ch\u1ea7u vi\u1ebfng th\u0103m.<\/td>\r\n<td class=\"has-text-align-left\" data-align=\"left\">Present our marvelous faith to God,<br \/>through\u00a0<strong>Holy Communion<\/strong>\u00a0and adoration<\/td>\r\n<\/tr>\r\n<tr>\r\n<td>Thi\u1ebfu Nhi Th\u00e1nh Gi\u00e1 Ch\u00faa n\u1eb1m,<br \/>Nh\u00ecn l\u00ean ph\u1ea5n kh\u1edfi chuy\u00ean c\u1ea7n\u00a0<strong>hy sinh<\/strong>.<\/td>\r\n<td class=\"has-text-align-left\" data-align=\"left\">Up there upon the cross where Jesus lay,<br \/>look up for an encouragement of a\u00a0<strong>Diligent Sacrifice<\/strong><\/td>\r\n<\/tr>\r\n<tr>\r\n<td>Thi\u1ebfu Nhi nh\u1edd M\u1eb9 \u0111inh ninh,<br \/>Quy\u1ebft l\u00e0m g\u01b0\u01a1ng sa\u0301ng x\u1ee9ng danh\u00a0<strong>t\u00f4ng \u0111\u1ed3<\/strong>.<\/td>\r\n<td class=\"has-text-align-left\" data-align=\"left\">From the Virgin Mary, we ask for a favor,<br \/>a\u00a0<strong>True Disciple<\/strong>\u00a0of Jesus we are determined to become<\/td>\r\n<\/tr>\r\n<tr>\r\n<td>Thi\u1ebfu Nhi m\u1ecdi vi\u1ec7c nh\u1ecf to,<br \/>Tinh th\u1ea7n\u00a0<strong>v\u00e2ng ph\u1ee5c<\/strong>\u00a0chuy\u00ean lo \u0111\u1eadm \u0111\u00e0.<\/td>\r\n<td class=\"has-text-align-left\" data-align=\"left\">No matter the hardship of a job,<br \/>with the spirit to\u00a0<strong>Obey Authority<\/strong>\u00a0with warmth and respect<\/td>\r\n<\/tr>\r\n<tr>\r\n<td>Thi\u1ebfu Nhi\u00a0<strong>\u0111\u1eb1m th\u1eafm n\u00ea\u0301t na<\/strong>,<br \/>N\u00f3i n\u0103ng h\u00e0nh \u0111\u1ed9ng n\u00f5n n\u00e0\u00a0<strong>tr\u1eafng trong<\/strong>.<\/td>\r\n<td class=\"has-text-align-left\" data-align=\"left\">In a fond and\u00a0<strong>Well-behaved Manner<\/strong>,<br \/>show the\u00a0<strong>Purity<\/strong>\u00a0of our heart in both our words and actions<\/td>\r\n<\/tr>\r\n<tr>\r\n<td>Thi\u1ebfu Nhi b\u00e1c \u00e1i m\u1ed9t l\u00f2ng,<br \/>Tim lu\u00f4n\u00a0<strong>qu\u1ea3ng \u0111a\u0323i<\/strong>\u00a0m\u1edbi mong gi\u00fap ng\u01b0\u1eddi.<\/td>\r\n<td class=\"has-text-align-left\" data-align=\"left\">Being whole-hearted and humane,<br \/>with a large heart we hope to\u00a0<strong>Serve Others<\/strong><\/td>\r\n<\/tr>\r\n<tr>\r\n<td>Thi\u1ebfu Nhi\u00a0<strong>ngay th\u1eb3ng<\/strong>\u00a0tr\u1ecdn \u0111\u1eddi,<br \/>N\u00f3i l\u00e0m \u0111\u00fang m\u1ef1c ng\u01b0\u1eddi ng\u01b0\u1eddi tin y\u00eau.<\/td>\r\n<td class=\"has-text-align-left\" data-align=\"left\">Straightforward and\u00a0<strong>Honest<\/strong>\u00a0we should always be,<br \/>truthful in both words and actions to gain love and<\/td>\r\n<\/tr>\r\n<tr>\r\n<td>Thi\u1ebfu Nhi d\u00f9 kh\u00f3 tr\u0103m chi\u1ec1u,<br \/>Chu to\u00e0n\u00a0<strong>b\u1ed5n ph\u00e2\u0323n<\/strong>\u00a0m\u1ecdi \u0111i\u1ec1u ch\u0103m chuy\u00ean.<\/td>\r\n<td class=\"has-text-align-left\" data-align=\"left\">No matter the difficulties of all directions,<br \/>keep your honor whole and\u00a0<strong>Perform Your Duties<\/strong>\u00a0right<\/td>\r\n<\/tr>\r\n<tr>\r\n<td>Thi\u1ebfu Nhi th\u1ef1c hi\u1ec7n\u00a0<strong>hoa thi\u00eang<\/strong>,<br \/>Ch\u00e9p ghi m\u1ed7i t\u1ed1i c\u1ed9ng bi\u00ean m\u1ed7i tu\u1ea7n.<\/td>\r\n<td class=\"has-text-align-left\" data-align=\"left\">Carry out the\u00a0<strong>Spiritual Bouquet<\/strong>\u00a0with love and respect,<br \/>record each night and add to it each week<\/td>\r\n<\/tr>\r\n<\/tbody>\r\n<\/table>\r\n","protected":false},"excerpt":{"rendered":"<p>M\u01b0\u1eddi \u0110i\u1ec1u T\u00e2m Ni\u1ec7m 10 \u0110i\u1ec1u T\u00e2m Ni\u1ec7m 10 Vows Thi\u1ebfu Nhi m\u1ed7i s\u00e1ng d\u00e2ng ng\u00e0y\u0110i\u1ec3m t\u00f4 \u0111\u1eddi s\u1ed1ng h\u01b0\u01a1ng bay\u00a0nguy\u00ea\u0323n c\u1ea7u. Offer our daily\u00a0Prayers\u00a0each morning,enrich our lives with heartfelt gratitude and prayers Thi\u1ebfu Nhi Th\u00e1nh Th\u1ec3 nhi\u1ec7m m\u1ea7u,T\u00f4n s\u00f9ng\u00a0r\u01b0\u01a1\u0301c l\u1ec5, nh\u00e0 ch\u1ea7u vi\u1ebfng th\u0103m. Present our marvelous faith to God,through\u00a0Holy Communion\u00a0and adoration Thi\u1ebfu Nhi [&hellip;]<\/p>\n","protected":false},"author":13,"featured_media":0,"parent":0,"menu_order":0,"comment_status":"closed","ping_status":"closed","template":"","meta":{"footnotes":""},"class_list":["post-4474","page","type-page","status-publish","hentry"],"_links":{"self":[{"href":"https:\/\/chuahaidong.org\/index.php?rest_route=\/wp\/v2\/pages\/4474","targetHints":{"allow":["GET"]}}],"collection":[{"href":"https:\/\/chuahaidong.org\/index.php?rest_route=\/wp\/v2\/pages"}],"about":[{"href":"https:\/\/chuahaidong.org\/index.php?rest_route=\/wp\/v2\/types\/page"}],"author":[{"embeddable":true,"href":"https:\/\/chuahaidong.org\/index.php?rest_route=\/wp\/v2\/users\/13"}],"replies":[{"embeddable":true,"href":"https:\/\/chuahaidong.org\/index.php?rest_route=%2Fwp%2Fv2%2Fcomments&post=4474"}],"version-history":[{"count":5,"href":"https:\/\/chuahaidong.org\/index.php?rest_route=\/wp\/v2\/pages\/4474\/revisions"}],"predecessor-version":[{"id":5474,"href":"https:\/\/chuahaidong.org\/index.php?rest_route=\/wp\/v2\/pages\/4474\/revisions\/5474"}],"wp:attachment":[{"href":"https:\/\/chuahaidong.org\/index.php?rest_route=%2Fwp%2Fv2%2Fmedia&parent=4474"}],"curies":[{"name":"wp","href":"https:\/\/api.w.org\/{rel}","templated":true}]}}