{"id":4090,"date":"2015-02-11T14:33:16","date_gmt":"2015-02-11T06:33:16","guid":{"rendered":"http:\/\/chuahaidong.org\/?page_id=4090"},"modified":"2025-01-11T12:21:23","modified_gmt":"2025-01-11T04:21:23","slug":"ca-chinh-thuc","status":"publish","type":"page","link":"https:\/\/chuahaidong.org\/?page_id=4090","title":{"rendered":"Ca Ch\u00ednh Th\u1ee9c"},"content":{"rendered":"<h2>B\u00e0i H\u00e1t Ch\u00ednh Th\u1ee9c PT\/TNTT<\/h2>\n<h4>Qu\u1ed1c Ca Vi\u1ec7t Nam<\/h4>\n<audio class=\"pb-html5-audio-element\" id=\"audio-4090-1\" preload=\"none\" style=\"width: 100%;\" controls=\"controls\"><source type=\"audio\/mpeg\" src=\"https:\/\/chuahaidong.org\/wp-content\/uploads\/QuocCaVietNam.mp3?_=1\" \/><a href=\"https:\/\/chuahaidong.org\/wp-content\/uploads\/QuocCaVietNam.mp3\">https:\/\/chuahaidong.org\/wp-content\/uploads\/QuocCaVietNam.mp3<\/a><\/audio>\n<p>N\u00e0y c\u00f4ng d\u00e2n \u01a1i, \u0110\u1ee9ng l\u00ean \u0111\u00e1p l\u1eddi s\u00f4ng n\u00fai, \u0111\u1ed3ng l\u00f2ng c\u00f9ng \u0111i hy sinh ti\u1ebfc g\u00ec th\u00e2n s\u1ed1ng. V\u00ec t\u01b0\u01a1ng lai qu\u1ed1c d\u00e2n c\u00f9ng x\u00f4ng pha kh\u00f3i t\u00ean, l\u00e0m sao cho n\u00fai s\u00f4ng t\u1eeb nay lu\u00f4n v\u1eefng b\u1ec1n. D\u00f9 cho ph\u01a1i th\u00e2y tr\u00ean g\u01b0\u01a1m gi\u00e1o, th\u00f9 n\u01b0\u1edbc l\u1ea5y m\u00e1u \u0111\u00e0o \u0111em b\u00e1o. N\u00f2i gi\u1ed1ng, l\u00fac bi\u1ebfn ph\u1ea3i c\u1ea7n gi\u1ea3i nguy, ng\u01b0\u1eddi c\u00f4ng d\u00e2n lu\u00f4n v\u1eefng b\u1ec1n t\u00e2m tr\u00ed, h\u00f9ng tr\u00e1ng quy\u1ebft chi\u1ebfn \u0111\u1ea5u l\u00e0m cho kh\u1eafp n\u01a1i vang ti\u1ebfng ng\u01b0\u1eddi n\u01b0\u1edbc Nam cho \u0111\u1ebfn mu\u00f4n \u0111\u1eddi. C\u00f4ng d\u00e2n \u01a1i, mau hi\u1ebfn th\u00e2n d\u01b0\u1edbi c\u1edd. C\u00f4ng d\u00e2n \u01a1i, mau l\u00e0m cho c\u00f5i b\u1edd, tho\u00e1t c\u01a1n t\u00e0n ph\u00e1, v\u1ebb vang n\u00f2i gi\u1ed1ng x\u1ee9ng danh ngh\u00ecn n\u0103m d\u00f2ng gi\u1ed1ng L\u1ea1c H\u1ed3ng.<\/p>\n<h4>Thi\u1ebfu Nhi T\u00e2n H\u00e0nh Ca<\/h4>\n<audio class=\"pb-html5-audio-element\" id=\"audio-4090-2\" preload=\"none\" style=\"width: 100%;\" controls=\"controls\"><source type=\"audio\/mpeg\" src=\"https:\/\/chuahaidong.org\/wp-content\/uploads\/TNTanHanhCa.mp3?_=2\" \/><a href=\"https:\/\/chuahaidong.org\/wp-content\/uploads\/TNTanHanhCa.mp3\">https:\/\/chuahaidong.org\/wp-content\/uploads\/TNTanHanhCa.mp3<\/a><\/audio>\n<p>Thi\u1ebfu Nhi Vi\u1ec7t Nam \u0111\u1ee9ng l\u00ean trong giai \u0111o\u1ea1n m\u1edbi, theo ti\u1ebfng Gi\u00e1o H\u1ed9i v\u00e0 ti\u1ebfng qu\u00ea h\u01b0\u01a1ng k\u00eau m\u1eddi. \u0110\u01b0\u1ee3c trang b\u1ecb d\u0169ng m\u1ea1nh b\u1eb1ng tinh th\u1ea7n m\u1edbi, tu\u1ed5i tr\u1ebb Vi\u1ec7t Nam h\u0103ng h\u00e1i x\u00e2y th\u1ebf h\u1ec7 ng\u00e0y mai.<br \/>C\u00f9ng \u0111i h\u1ee1i c\u00e1c Thi\u1ebfu Nhi! C\u00f9ng \u0111i v\u1edbi Ch\u00faa Kit\u00f4! Ngu\u1ed3n S\u1ed1ng Th\u00e1nh Th\u1ec3 chan h\u00f2a, l\u00e0 l\u00fd t\u01b0\u1edfng c\u1ee7a ng\u01b0\u1eddi Thi\u1ebfu Nhi h\u00f4m nay.<br \/>Thi\u1ebfu Nhi Vi\u1ec7t Nam quy\u1ebft t\u00e2m trong giai \u0111o\u1ea1n m\u1edbi. Th\u00e1nh h\u00f3a m\u00f4i tr\u01b0\u1eddng r\u00e8n nh\u1eefng kh\u1ea3 n\u0103ng phi th\u01b0\u1eddng. B\u1eb1ng NGUY\u1ec6N C\u1ea6U, HY SINH v\u00e0 m\u1ed9t b\u1ea7u kh\u00ed m\u1edbi, tu\u1ed5i tr\u1ebb VI\u1ec6T NAM \u0111em CH\u00daA cho gi\u1edbi tr\u1ebb VI\u1ec6T NAM.<\/p>\n<h4>\u1ea4u Nhi Ca<\/h4>\n<audio class=\"pb-html5-audio-element\" id=\"audio-4090-3\" preload=\"none\" style=\"width: 100%;\" controls=\"controls\"><source type=\"audio\/mpeg\" src=\"https:\/\/chuahaidong.org\/wp-content\/uploads\/ANCa.mp3?_=3\" \/><a href=\"https:\/\/chuahaidong.org\/wp-content\/uploads\/ANCa.mp3\">https:\/\/chuahaidong.org\/wp-content\/uploads\/ANCa.mp3<\/a><\/audio>\n<p>\u0110o\u00e0n em nh\u01b0 nh\u1eefng m\u1ea7m m\u1ea1 non xanh t\u01b0\u01a1i, lu\u00f4n vui c\u01b0\u1eddi lu\u00f4n ngoan ngo\u00e3n s\u1ed1ng \u0111\u1eddi \u1ea4u Nhi.<br \/>Nguy\u1ec7n b\u1ec1n ch\u00ed theo g\u01b0\u01a1ng Ch\u00faa Gi\u00ea-Su tu\u1ed5i th\u01a1, d\u01b0\u1edbi b\u00f3ng c\u1edd, em mang Ch\u00faa cho tu\u1ed5i \u1ea4u th\u01a1.<\/p>\n<h4>Thi\u1ebfu Nhi Ca<\/h4>\n<audio class=\"pb-html5-audio-element\" id=\"audio-4090-4\" preload=\"none\" style=\"width: 100%;\" controls=\"controls\"><source type=\"audio\/mpeg\" src=\"https:\/\/chuahaidong.org\/wp-content\/uploads\/TNCa.mp3?_=4\" \/><a href=\"https:\/\/chuahaidong.org\/wp-content\/uploads\/TNCa.mp3\">https:\/\/chuahaidong.org\/wp-content\/uploads\/TNCa.mp3<\/a><\/audio>\n<p>(1) Em Thi\u1ebfu Nhi \u01a1i, nh\u01b0 ng\u00e0n tia s\u00e1ng huy ho\u00e0ng, v\u00e0o bu\u1ed5i r\u1ea1ng \u0111\u00f4ng \u0111\u1ebfn mang ngu\u1ed3n h\u01a1i \u1ea5m. Em Thi\u1ebfu Nhi \u01a1i, em \u0111\u1eb9p nh\u01b0 hoa h\u01b0\u1edbng d\u01b0\u01a1ng, t\u01b0\u01a1i d\u1ecbu nh\u01b0 h\u01a1i gi\u00f3 xu\u00e2n, \u0111em y\u00ean vui \u0111\u1ebfn mu\u00f4n ng\u01b0\u1eddi.<br \/>(2) Em Thi\u1ebfu Nhi \u01a1i, m\u1eaft nh\u00ecn em v\u00ed sao tr\u1eddi, n\u1ee5 c\u01b0\u1eddi tr\u00ean m\u00f4i x\u00f3a tan m\u00e0u u t\u1ed1i. Em Thi\u1ebfu Nhi \u01a1i, em l\u00e0 chi\u1ebfn s\u0129 Ph\u00fac \u00c2m, gian kh\u1ed5 nguy kh\u00f3 ch\u1edb nao, vui mang Ch\u00faa \u0111\u1ebfn cho ng\u01b0\u1eddi.<\/p>\n<h4>Ngh\u0129a S\u0129 Ca<\/h4>\n<audio class=\"pb-html5-audio-element\" id=\"audio-4090-5\" preload=\"none\" style=\"width: 100%;\" controls=\"controls\"><source type=\"audio\/mpeg\" src=\"https:\/\/chuahaidong.org\/wp-content\/uploads\/NSCa.mp3?_=5\" \/><a href=\"https:\/\/chuahaidong.org\/wp-content\/uploads\/NSCa.mp3\">https:\/\/chuahaidong.org\/wp-content\/uploads\/NSCa.mp3<\/a><\/audio>\n<p>Vui ca l\u00ean Ngh\u0129a s\u0129 \u0111\u1eddi \u0111\u1ea7y di\u1ec5m ph\u00fac. H\u1ed3n thanh xu\u00e2n say ni\u1ec1m l\u00fd t\u01b0\u1edfng cao xa. V\u00ec Ngh\u0129a ra \u0111i l\u00e0 \u0111i Chinh Ph\u1ee5c. \u0110\u01b0\u1eddng xa b\u00f3ng Ch\u00faa \u0111ang ch\u1edd \u0111\u1ee3i ta.<\/p>\n<p>M\u1ed9t \u0111\u1eddi tr\u1ebb trung th\u00e0nh n\u1ed3ng h\u1eadu s\u1ee9c thi\u00eang. H\u00f9ng d\u0169ng trung th\u00e0nh m\u1ed9t d\u1ea1 trung ki\u00ean. T\u00ecnh b\u1eb1ng h\u1eefu, ch\u00e2n th\u00e0nh m\u1ed9t d\u1ea1 v\u1eefng ki\u00ean. T\u00f4n qu\u00fd tr\u00e1ch nhi\u1ec7m s\u1ed1ng g\u01b0\u01a1ng hy sinh.<\/p>\n<p>Ngh\u0129a S\u0129 Vi\u1ec7t Nam s\u1eb5n s\u00e0ng h\u00f9ng tr\u00e1ng, trong s\u1ea1ch h\u0103ng h\u00e1i v\u00e0 quy\u1ebft ti\u1ebfn b\u01b0\u1edbc. L\u1eeda th\u1ea7n nung n\u1ea5u t\u00e2m can kh\u00f4ng ng\u1eebng. M\u1ea7m thi\u00eang ta gieo kh\u1eafp n\u01a1i xa g\u1ea7n.<\/p>\n<p>L\u00fd t\u01b0\u1edfng si\u00eau nhi\u00ean th\u00e0nh t\u00e2m y\u00eau m\u1ebfn. Danh Cha c\u1ea3 s\u00e1ng, n\u01b0\u1edbc Cha tr\u1ecb \u0111\u1ebfn. Noi g\u01b0\u01a1ng nhi\u1ec7t th\u00e0nh c\u1ee7a Th\u00e1nh Phaol\u00f4, x\u00f4ng pha l\u00ean \u0111\u01b0\u1eddng l\u00e0m ch\u1ee9ng Ph\u00fac \u00c2m.<\/p>\n<h4>Hi\u1ec7p S\u0129 Ca<\/h4>\n<audio class=\"pb-html5-audio-element\" id=\"audio-4090-6\" preload=\"none\" style=\"width: 100%;\" controls=\"controls\"><source type=\"audio\/mpeg\" src=\"https:\/\/chuahaidong.org\/wp-content\/uploads\/HSCa.mp3?_=6\" \/><a href=\"https:\/\/chuahaidong.org\/wp-content\/uploads\/HSCa.mp3\">https:\/\/chuahaidong.org\/wp-content\/uploads\/HSCa.mp3<\/a><\/audio>\n<p>D\u01b0\u1edbi b\u00f3ng c\u1edd n\u00eau g\u01b0\u01a1ng Ng\u01b0\u1eddi Hi\u1ec7p S\u0129 trung ki\u00ean. V\u00ec y\u00eau Ch\u00faa ta nguy\u1ec7n D\u1ea5n Th\u00e2n. Mang \u0110\u1ee9c Tin chi\u1ebfu d\u1ecdi v\u00e0o \u0110\u00ecnh Tr\u1eddi. Mang m\u1ebfn y\u00eau th\u1eafm g\u1ed9i v\u00e0o l\u00f2ng ng\u01b0\u1eddi. Ng\u01b0\u1eddi Hi\u1ec7p S\u0129 s\u1ed1ng g\u01b0\u01a1ng anh h\u00e0o. L\u00e0 Hi\u1ec7p S\u0129 c\u1ed1 g\u1eafng chi\u1ebfn \u0111\u1ea5u, cho nh\u00e0 \u0110\u1ee9c Tin n\u00eau g\u01b0\u01a1ng cao trung, ta nguy\u00ean hi\u1ebfn th\u00e2n, cho Gi\u00e1o H\u1ed9i tr\u01b0\u1eddng sinh. L\u00e0 Hi\u1ec7p S\u0129, c\u1ed1 g\u1eafng chi\u1ebfn \u0111\u1ea5u, \u0111em ngu\u00f4n \u1ee7i an \u0111i t\u00f4n non s\u00f4ng c\u00f4ng b\u00ecnh kh\u1eafp n\u01a1i, cho N\u01b0\u1edbc Vi\u1ec7t tr\u01b0\u1eddng t\u00f4n. D\u01b0\u1edbi b\u00f3ng c\u1edd noi g\u01b0\u01a1ng M\u1eb9 Maria v\u00e0 c\u00e1c Th\u00e1nh T\u1eed \u0110\u1ea1o N\u01b0\u1edbc Nam. Cho gi\u00e1o d\u00e2n s\u1ed1ng \u0111\u1ea1o nhi\u1ec7t th\u00e0nh. Cho Qu\u1ed1c D\u00e2n th\u00e1i b\u00ecnh v\u00e0 th\u1ecbnh v\u01b0\u1ee3ng. Ng\u01b0\u1eddi Hi\u1ec7p S\u0129 x\u1ee9ng danh Anh H\u00f9ng.<\/p>\n<h4>Kinh Huynh Tr\u01b0\u1edfng<\/h4>\n<audio class=\"pb-html5-audio-element\" id=\"audio-4090-7\" preload=\"none\" style=\"width: 100%;\" controls=\"controls\"><source type=\"audio\/mpeg\" src=\"https:\/\/chuahaidong.org\/wp-content\/uploads\/KinhHT.mp3?_=7\" \/><a href=\"https:\/\/chuahaidong.org\/wp-content\/uploads\/KinhHT.mp3\">https:\/\/chuahaidong.org\/wp-content\/uploads\/KinhHT.mp3<\/a><\/audio>\n<p>L\u1ea1y Ch\u00faa Gi\u00easu Huynh Tr\u01b0\u1edfng T\u1ed1i Cao, xin d\u1ea1y con bi\u1ebft hy sinh cao th\u01b0\u1ee3ng, ph\u1ee5ng s\u1ef1 Ch\u00faa v\u00e0 gi\u00fap \u00edch m\u1ecdi ng\u01b0\u1eddi. Xin d\u1ea1y con bi\u1ebft hy sinh kh\u00f4ng c\u1ea7n b\u00e1o \u0111\u00e1p, lu\u00f4n x\u00f4ng pha kh\u00f4ng ng\u1ea1i b\u00e3o t\u00e1p, \u0111\u1eb9p \u00fd Cha tr\u00ean tr\u1eddi, trong t\u00ecnh th\u01b0\u01a1ng y\u00eau h\u1ebft m\u1ecdi ng\u01b0\u1eddi.<\/p>\n<h4>Kinh \u0110\u1ed9i Tr\u01b0\u1edfng<\/h4>\n<audio class=\"pb-html5-audio-element\" id=\"audio-4090-8\" preload=\"none\" style=\"width: 100%;\" controls=\"controls\"><source type=\"audio\/mpeg\" src=\"https:\/\/chuahaidong.org\/wp-content\/uploads\/KinhDT.mp3?_=8\" \/><a href=\"https:\/\/chuahaidong.org\/wp-content\/uploads\/KinhDT.mp3\">https:\/\/chuahaidong.org\/wp-content\/uploads\/KinhDT.mp3<\/a><\/audio>\n<p>Nguy\u1ec7n xin Gi\u00easu anh c\u1ea3 t\u1eeb nh\u00e2n, ng\u00e0y \u0111\u00eam ban xu\u1ed1ng mu\u00f4n \u01a1n ph\u00fac cho \u0111\u1ed9i c\u1ee7a con. Gi\u00fap cho \u0111o\u00e0n con n\u00ean nh\u1eefng T\u00f4ng \u0110\u1ed3 nhi\u1ec7t th\u00e0nh, m\u1edf r\u1ed9ng n\u01b0\u1edbc Ch\u00faa c\u1ee9u r\u1ed7 i c\u00e1c linh h\u1ed3n. \u0110\u1eddi con hy sinh nguy kh\u00f3 ch\u1eb3ng n\u1ec1. B\u1ec1n t\u00e2m b\u00e1c \u00e1i y\u00eau Ch\u00faa y\u00eau ng\u01b0\u1eddi thi\u1ebft tha. R\u01b0\u1edbc l\u1ec5 m\u1ed7i ng\u00e0y d\u00e2ng l\u00ean Cha t\u1ea5t c\u1ea3 cu\u1ed9c s\u1ed1ng. X\u1ee9ng danh T\u00f4ng \u0110\u1ed3 c\u1ee7a Ch\u00faa Gi\u00easu.<\/p>\n<h4>Kinh D\u00e2ng Ng\u00e0y<\/h4>\n<audio class=\"pb-html5-audio-element\" id=\"audio-4090-9\" preload=\"none\" style=\"width: 100%;\" controls=\"controls\"><source type=\"audio\/mpeg\" src=\"https:\/\/chuahaidong.org\/wp-content\/uploads\/KinhDangNgay.mp3?_=9\" \/><a href=\"https:\/\/chuahaidong.org\/wp-content\/uploads\/KinhDangNgay.mp3\">https:\/\/chuahaidong.org\/wp-content\/uploads\/KinhDangNgay.mp3<\/a><\/audio>\n<p>Ng\u00e0y nay con d\u00e2ng cho Ch\u00faa, xin Ch\u00faa th\u01b0\u01a1ng nh\u1eadn l\u00f2ng tr\u00ed ch\u00fang con. M\u1ecdi c\u01a1n gian nan nguy kh\u00f3, ch\u00fang con xin c\u1ea7u theo \u00fd \u0110\u1ee9c Gi\u00e1o Ho\u00e0ng s\u1edbm h\u00f4m.<\/p>\n<h4>Kinh D\u00e2ng \u0110\u00eam<\/h4>\n<audio class=\"pb-html5-audio-element\" id=\"audio-4090-10\" preload=\"none\" style=\"width: 100%;\" controls=\"controls\"><source type=\"audio\/mpeg\" src=\"https:\/\/chuahaidong.org\/wp-content\/uploads\/KinhDangDem.mp3?_=10\" \/><a href=\"https:\/\/chuahaidong.org\/wp-content\/uploads\/KinhDangDem.mp3\">https:\/\/chuahaidong.org\/wp-content\/uploads\/KinhDangDem.mp3<\/a><\/audio>\n<p>Tr\u1eddi \u0111\u00e3 x\u1ebf chi\u1ec1u, Gi\u00easu \u01a1i con nh\u1edd tay M\u1eb9 Maria, m\u00e0 d\u00e2ng l\u00ean Ch\u00faa, d\u00e2ng ch\u00fac l\u1eddi c\u00e1m \u01a1n, d\u00e2ng tr\u00f3t c\u1ea3 x\u00e1c h\u1ed3n. C\u00e1c vi\u1ec7c con l\u00e0m, c\u00e1c l\u1eddi con xin, c\u00f9ng v\u1edbi m\u1ecdi kh\u00f3 nguy con ch\u1ecbu tr\u00f3t m\u1ed9t ng\u00e0y qua. C\u00f9ng v\u1edbi b\u00f3ng chi\u1ec1u t\u00e0, Gi\u00easu Maria, con h\u00f2a ca, d\u00e2ng v\u1ec1 n\u01a1i bao la. Ch\u00faa ban ph\u00e9p l\u00e0nh, m\u1ed9t \u0111\u00eam ng\u1ee7 an b\u00ecnh, h\u1ed3n trong x\u00e1c t\u01b0\u01a1i xinh.<\/p>\n<h4>G\u1ecdi L\u1eeda Thi\u00eang<\/h4>\n<audio class=\"pb-html5-audio-element\" id=\"audio-4090-11\" preload=\"none\" style=\"width: 100%;\" controls=\"controls\"><source type=\"audio\/mpeg\" src=\"https:\/\/chuahaidong.org\/wp-content\/uploads\/GoiLua.mp3?_=11\" \/><a href=\"https:\/\/chuahaidong.org\/wp-content\/uploads\/GoiLua.mp3\">https:\/\/chuahaidong.org\/wp-content\/uploads\/GoiLua.mp3<\/a><\/audio>\n<p>L\u1eeda Thi\u00eang \u01a1i h\u00e3y \u0111\u1ebfn, b\u1eebng s\u00e1ng l\u00ean trong \u0111\u00eam \u00e2m u soi \u0111\u1eddi t\u0103m t\u1ed1i bao nhi\u00eau \u00e2u lo. L\u1eeda Thi\u00eang \u01a1i h\u00e3y \u0111\u1ebfn, b\u1eebng ch\u00e1y l\u00ean, mang cho \u0111\u1eddi ng\u00e0n \u00e1nh vinh quang vui h\u00e2n hoan.<\/p>\n<h4>Ch\u00e0o L\u1eeda Thi\u00eang<\/h4>\n<audio class=\"pb-html5-audio-element\" id=\"audio-4090-12\" preload=\"none\" style=\"width: 100%;\" controls=\"controls\"><source type=\"audio\/mpeg\" src=\"https:\/\/chuahaidong.org\/wp-content\/uploads\/ChaoLua.mp3?_=12\" \/><a href=\"https:\/\/chuahaidong.org\/wp-content\/uploads\/ChaoLua.mp3\">https:\/\/chuahaidong.org\/wp-content\/uploads\/ChaoLua.mp3<\/a><\/audio>\n<p>(1) \u1ed0 \u00f4 \u00f4 \u1ed3, (2)\u1ed1 \u00f4 \u00f4 \u1ed3.<br \/>(3)C\u1ea7m tay nhau quay v\u00f2ng quanh l\u1eeda m\u1edbi. (4)L\u1eeda b\u1ed1c ch\u00e1y t\u00e2m h\u1ed3n ta h\u0103ng h\u00e1i. (5)\u0110\u00f3n \u00e1nh l\u1eeda thi\u00eang, (6)\u0111\u00e2y \u0111o\u00e0n ta, chung l\u1eddi ca (7)b\u00ean l\u1eeda b\u1eadp b\u00f9ng. (8)B\u1eadp b\u1eadp b\u00f9ng l\u1eeda thi\u00eang reo vui, nh\u1ea1c tr\u1ea7m tr\u1ea7m ho\u00e0 ca ch\u01a1i v\u01a1i, l\u1eeda r\u1ef1c s\u00e1ng chi\u1ebfu (9)\u0111\u00eam \u00e2m u anh em \u01a1i, ta c\u00f9ng nhau l\u00ean ti\u1ebfng ca r\u1eb1ng (v\u1ed7 tay 3 c\u00e1i).<br \/>(10)L\u1eeda linh thi\u00eang soi m\u00e0n \u0111\u00eam u t\u1ed1i. (11)L\u1eeda ch\u00e1y s\u00e1ng \u1ea5m l\u00f2ng ai l\u1ea1nh l\u1ebdo. (12)L\u1eeda thi\u00eang mu\u00f4n \u0111\u1eddi, (13)ta c\u00f9ng vui \u0111em l\u1eeda thi\u00eang (14) soi l\u00f2ng m\u1ecdi ng\u01b0\u1eddi.<br \/>(15)\u1ed0 \u00f4 \u00f4 \u1ed3, (16)\u1ed1 \u00f4 \u00f4 \u1ed3.<\/p>\n<p>V\u0169 \u0110i\u1ec7u:<br \/>1. \u0110\u1ee9ng v\u00f2ng tr\u00f2n quanh \u0111\u1ed1ng l\u1eeda:<br \/>a. Gi\u01a1 tay l\u00ean, ng\u00f3n tay rung<br \/>b. C\u00fai M\u00ecnh, tay xu\u1ed1ng th\u1ea5p<br \/>c. Ng\u1ea9ng th\u1eb3ng ng\u01b0\u1eddi, tay rung<br \/>d. \u0110\u1ee9ng th\u1eb3ng, b\u1ecf tay xu\u1ed1ng.<br \/>2. Nh\u01b0 l\u1ea7n m\u1ed9t<br \/>3. C\u1ea7m tay nhau nh\u1ea3y t\u1eebng b\u01b0\u1edbc theo nh\u1ecbp v\u1ec1 ph\u00eda ph\u1ea3i, tay rung v\u00e0 nh\u00fan theo nh\u1ecbp (nh\u1edb ph\u1ea3i nh\u1ea3y)<br \/>4. Nh\u01b0 l\u1ea7n th\u1ee9 ba nh\u01b0ng nh\u1ea3y ng\u01b0\u1ee3c chi\u1ec1u.<br \/>5. \u0110\u1ee9ng l\u1ea1i quay v\u00e0o gi\u1eefa, n\u1eafm tay nhau, gi\u01a1 l\u00ean tr\u1eddi, l\u00e0m nh\u01b0 1.<br \/>6. C\u1ea7m tay nhau, vung tay \u0111i v\u00e0o hai b\u01b0\u1edbc<br \/>7. C\u1ea7m tay nhau lui ra hai b\u01b0\u1edbc<br \/>8. Tay tr\u00ean h\u00f4ng, nh\u1ea3y v\u00e0o n\u0103m b\u01b0\u1edbc<br \/>9. Nh\u1ea3y ra n\u0103m b\u01b0\u1edbc, v\u1ed7 tay ba c\u00e1i<br \/>10, 11, 12, 13 nh\u01b0 3, 4, 5, 6, 7<br \/>15, 16 nh\u01b0 1 v\u00e0 2<br \/>Sau \u0111\u00f3 c\u1ee9 gi\u01a1 tay l\u00ean tr\u1eddi, rung v\u00e0 theo th\u1ee9 t\u1ef1 ch\u1ea1y v\u1ec1, mi\u1ec7ng v\u1eabn: ..\u00f4, \u00f4&#8230; nh\u1ecf d\u1ea7n cho \u0111\u1ebfn khi t\u1ea5t c\u1ea3 v\u1ec1 ch\u1ed7.<\/p>\n<h4>Mang L\u1eeda V\u1ec1 Tim<\/h4>\n<audio class=\"pb-html5-audio-element\" id=\"audio-4090-13\" preload=\"none\" style=\"width: 100%;\" controls=\"controls\"><source type=\"audio\/mpeg\" src=\"https:\/\/chuahaidong.org\/wp-content\/uploads\/MangLuaVeTim.mp3?_=13\" \/><a href=\"https:\/\/chuahaidong.org\/wp-content\/uploads\/MangLuaVeTim.mp3\">https:\/\/chuahaidong.org\/wp-content\/uploads\/MangLuaVeTim.mp3<\/a><\/audio>\n<p>M\u00e0n \u0111\u00eam bu\u00f4ng l\u01a1i theo \u00e1nh l\u1eeda d\u1ea7n t\u00e0n, t\u00ecnh anh em ta theo \u00e1nh l\u1eeda tr\u00e0n lan. Tim ta \u0111\u00e2y c\u00f2n kh\u1eafc ghi bao nhi\u00eau m\u1ed1i t\u00ecnh m\u1eb7n n\u1ed3ng. L\u1eeda \u0111\u00eam nay tan nh\u01b0ng l\u1eeda thi\u00eang c\u00f2n ch\u00e1y \u00e2m th\u1ea7m ng\u00e0n \u0111\u1eddi. Bi\u1ec7t ly mu\u00f4n ph\u01b0\u01a1ng ta nguy\u1ec7n \u0111em L\u1eeda Thi\u00eang r\u1ea3i r\u1eafc kh\u1eafp ch\u1ed1n. Mong mai sau ng\u1ecdn L\u1eeda Thi\u00eang ch\u00e1y l\u00ean \u0111\u1ed1t l\u00f2ng m\u1ecdi ng\u01b0\u1eddi.<\/p>\n<h4>Kinh Tr\u01b0\u1edbc Khi \u0102n<\/h4>\n<audio class=\"pb-html5-audio-element\" id=\"audio-4090-14\" preload=\"none\" style=\"width: 100%;\" controls=\"controls\"><source type=\"audio\/mpeg\" src=\"https:\/\/chuahaidong.org\/wp-content\/uploads\/KinhTruocKhiAn.mp3?_=14\" \/><a href=\"https:\/\/chuahaidong.org\/wp-content\/uploads\/KinhTruocKhiAn.mp3\">https:\/\/chuahaidong.org\/wp-content\/uploads\/KinhTruocKhiAn.mp3<\/a><\/audio>\n<p>Nguy\u1ec7n xin, nguy\u1ec7n xin Ch\u00faa C\u1ea3 m\u1edf tay ch\u00fac ph\u00fac, cho ch\u00fang con d\u00f9ng, cho ch\u00fang con d\u00f9ng n\u00ean c\u00e1c th\u1ef1c ph\u1ea9m n\u00e0y.<\/p>\n<h4>Kinh Sau Khi \u0102n<\/h4>\n<audio class=\"pb-html5-audio-element\" id=\"audio-4090-15\" preload=\"none\" style=\"width: 100%;\" controls=\"controls\"><source type=\"audio\/mpeg\" src=\"https:\/\/chuahaidong.org\/wp-content\/uploads\/KinhSauKhiAn.mp3?_=15\" \/><a href=\"https:\/\/chuahaidong.org\/wp-content\/uploads\/KinhSauKhiAn.mp3\">https:\/\/chuahaidong.org\/wp-content\/uploads\/KinhSauKhiAn.mp3<\/a><\/audio>\n<p>\u0110\u1ed9i \u01a1n Ch\u00faa \u0111\u1eddi \u0111\u1eddi m\u1ea1ch s\u1ed1ng, \u0111\u00e3 nu\u00f4i ch\u00fang con h\u1ed3n x\u00e1c h\u00f4m nay. Nguy\u1ec7n danh Ch\u00faa \u0111\u1eddi \u0111\u1eddi c\u1ea3 s\u00e1ng, xu\u1ed1ng cho m\u1ecdi lo\u00e0i \u01a1n l\u1ed9c no \u0111\u1ea7y.<\/p>\n<h4>Ca T\u1ea1m Bi\u1ec7t<\/h4>\n<audio class=\"pb-html5-audio-element\" id=\"audio-4090-16\" preload=\"none\" style=\"width: 100%;\" controls=\"controls\"><source type=\"audio\/mpeg\" src=\"https:\/\/chuahaidong.org\/wp-content\/uploads\/CaTamBiet.mp3?_=16\" \/><a href=\"https:\/\/chuahaidong.org\/wp-content\/uploads\/CaTamBiet.mp3\">https:\/\/chuahaidong.org\/wp-content\/uploads\/CaTamBiet.mp3<\/a><\/audio>\n<p>R\u1eddi tay ch\u00fang ta vui l\u00ean \u0111\u01b0\u1eddng ngh\u0129a v\u1ee5. B\u1ea1n \u01a1i \u0111\u1eebng qu\u00ean nh\u00e9 ph\u00fat gi\u00e2y xum v\u1ea7y. Tay trong tay m\u00ecnh vui l\u00ean nh\u00e9. Tim s\u1eaft se s\u1ea7u th\u01b0\u01a1ng n\u00e3o n\u1ec1. Vui ra \u0111i s\u1ea7u v\u01b0\u01a1ng tr\u00ean m\u1eaft. Xa c\u00e1ch nhau m\u00ecnh nh\u1edb nhau ho\u00e0i.<\/p>\n<h4>L\u1eddi Ch\u00faa<\/h4>\n<p>L\u1eddi Ch\u00faa l\u00e0 \u00e1nh s\u00e1ng chi\u1ebfu soi tr\u00ean m\u1ecdi lo\u00e0i. L\u1eddi Ch\u00faa l\u00e0 \u00e1nh s\u00e1ng d\u1eabn t\u00f4i \u0111i v\u00e0o \u0111\u1eddi.<br \/>1. T\u00f4i h\u00e2n hoan b\u01b0\u1edbc \u0111i b\u00ecnh an, kh\u00f4ng lo chi nh\u1eefng ng\u00e0y b\u00e3o t\u1ed1.<br \/>2. H\u00f4m nay t\u00f4i b\u01b0\u1edbc \u0111i b\u00ecnh an, t\u01b0\u01a1ng lai t\u00f4i mai ng\u00e0y r\u1ee1 r\u00e0ng.<\/p>\n<h4>L\u00e3nh Nh\u1eadn L\u1eddi Ch\u00faa<\/h4>\n<audio class=\"pb-html5-audio-element\" id=\"audio-4090-17\" preload=\"none\" style=\"width: 100%;\" controls=\"controls\"><source type=\"audio\/mpeg\" src=\"https:\/\/chuahaidong.org\/wp-content\/uploads\/LanhNhanLoiChua.mp3?_=17\" \/><a href=\"https:\/\/chuahaidong.org\/wp-content\/uploads\/LanhNhanLoiChua.mp3\">https:\/\/chuahaidong.org\/wp-content\/uploads\/LanhNhanLoiChua.mp3<\/a><\/audio>\n<p>L\u00e3nh nh\u1eadn l\u1eddi Ch\u00faa em \u01a1i xi\u1ebft bao m\u1eebng vui. L\u00e3nh nh\u1eadn \u01a1n ch\u00faa em \u01a1i g\u1eafng ghi trong l\u00f2ng. Em nh\u1edb r\u1eb1ng Thi\u00ean ch\u00faa y\u00eau em. Ng\u00e0i y\u00eau em kh\u00f4ng b\u1edd b\u1ebfn, Ng\u00e0i y\u00eau em \u0111\u1ebfn mu\u00f4n \u0111\u1eddi.<\/p>\n<h4>Kh\u1ea9u Hi\u1ec7u Thi\u1ebfu Nhi<\/h4>\n<audio class=\"pb-html5-audio-element\" id=\"audio-4090-18\" preload=\"none\" style=\"width: 100%;\" controls=\"controls\"><source type=\"audio\/mpeg\" src=\"https:\/\/chuahaidong.org\/wp-content\/uploads\/KhauHieuTN.mp3?_=18\" \/><a href=\"https:\/\/chuahaidong.org\/wp-content\/uploads\/KhauHieuTN.mp3\">https:\/\/chuahaidong.org\/wp-content\/uploads\/KhauHieuTN.mp3<\/a><\/audio>\n<p>C\u1ea7u nguy\u1ec7n, r\u01b0\u1edbc l\u1ec5, hy sinh, l\u00e0m t\u00f4ng \u0111\u1ed3. Kh\u1ea9u hi\u1ec7u thi\u1ebfu nhi em b\u1ec1n t\u00e2m tu\u00f4n gi\u1eef. C\u1ea7u nguy\u1ec7n, r\u01b0\u1edbc l\u1ec5 hy sinh l\u00e0m t\u00f4ng \u0111\u1ed3. Kh\u1ea9u hi\u1ec7u thi\u1ebfu nhi em ch\u1eb3ng qu\u00ean bao gi\u1edd.<\/p>\n<h4>C\u00e2u Chuy\u1ec7n T\u00ecnh Th\u01b0\u01a1ng<\/h4>\n<audio class=\"pb-html5-audio-element\" id=\"audio-4090-19\" preload=\"none\" style=\"width: 100%;\" controls=\"controls\"><source type=\"audio\/mpeg\" src=\"https:\/\/chuahaidong.org\/wp-content\/uploads\/CauChuyenTinhThuong.mp3?_=19\" \/><a href=\"https:\/\/chuahaidong.org\/wp-content\/uploads\/CauChuyenTinhThuong.mp3\">https:\/\/chuahaidong.org\/wp-content\/uploads\/CauChuyenTinhThuong.mp3<\/a><\/audio>\n<p>C\u00f3 anh ch\u00e0ng anh \u0111i (\u0111i) v\u1ec1 l\u00e0ng. Anh g\u1eb7p \u0111\u00e0n em b\u00e9. Ra \u0111\u00e2y anh k\u1ec3 cho c\u00e2u chuy\u1ec7n t\u00ecnh th\u01b0\u01a1ng (l\u00e1y).<br \/>C\u00f3 m\u1ed9t l\u1ea7n, khi x\u01b0a (x\u01b0a) th\u1eadt x\u01b0a, do l\u1eddi Thi\u00ean Ch\u00faa h\u1ee9a. Gi\u00easu con m\u1ed9t Cha xu\u1ed1ng tr\u1ea7n l\u00e0m ng\u01b0\u1eddi (l\u00e1y).<br \/>Su\u1ed1t cu\u1ed9c \u0111\u1eddi ba m\u01b0\u01a1i n\u0103m l\u00e0m ng\u01b0\u1eddi v\u00e2ng l\u1eddi treo g\u01b0\u01a1ng s\u00e1ng. Hai ba n\u0103m v\u1ec1 sau ra \u0111\u1eddi d\u1ea1y l\u1eddi (l\u00e1y).<br \/>Gi\u1eefa mu\u00f4n l\u1eddi, l\u1eddi n\u00e0y t h\u1eadt l\u1ea1 \u0111\u1eddi, nh\u01b0ng l\u00e0 l\u1eddi hay nh\u1ea5t. Y\u00eau th\u01b0\u01a1ng anh ch\u1ecb em nh\u01b0 l\u00e0 m\u00ecnh v\u1eady (l\u00e1y).<br \/>D\u1eabu cho l\u00e0 ng\u01b0\u1eddi m\u00ecnh \u0111\u1ea7y c\u1ea3m t\u00ecnh, hay ng\u01b0\u1eddi kh\u00f4ng \u01b0a th\u00edch, lu\u00f4n y\u00eau th\u01b0\u01a1ng b\u1eb1ng nhau \u1ea5y l\u00e0 l\u1eddi Th\u1ea7y (l\u00e1y).<br \/>K\u1ebft c\u00e2u chuy\u1ec7n, anh em tay c\u1ea7m tay, ta nguy\u1ec7n xin Thi\u00ean Ch\u00faa lu\u00f4n ban cho t\u00ecnh th\u01b0\u01a1ng, cho \u0111\u1eddi \u0111\u1eb9p nhi\u1ec1u (l\u00e1y).<br \/>H\u00e3y k\u1ebft th\u00e0nh v\u00f2ng tr\u00f2n tr\u00f2n th\u1eadt tr\u00f2n, ta c\u00f9ng vui ca h\u00e1t, vang l\u00ean mu\u00f4n l\u1eddi ca. Ca t\u1ee5ng t\u00ecnh th\u01b0\u01a1ng (l\u00e1y).<\/p>\n<h4>Qua Bi\u1ec3n \u0110\u1ecf<\/h4>\n<audio class=\"pb-html5-audio-element\" id=\"audio-4090-20\" preload=\"none\" style=\"width: 100%;\" controls=\"controls\"><source type=\"audio\/mpeg\" src=\"https:\/\/chuahaidong.org\/wp-content\/uploads\/QuaBienDo.mp3?_=20\" \/><a href=\"https:\/\/chuahaidong.org\/wp-content\/uploads\/QuaBienDo.mp3\">https:\/\/chuahaidong.org\/wp-content\/uploads\/QuaBienDo.mp3<\/a><\/audio>\n<p>Qua bi\u1ec3n \u0111\u1ecf ta v\u1ec1 qu\u00ea ta. Ta h\u00e2n hoan ca vang tr\u1eddi \u0111\u1ea5t m\u1ed9t hai ba b\u1ed1n, b\u1ed1n ba hai m\u1ed9t. Qua bi\u1ec3n \u0111\u1ecf ta v\u1eabn kh\u00f4 ch\u00e2n Ch\u00faa d\u1eaft ta nh\u01b0 Ph\u01b0\u1ee3ng Ho\u00e0ng. Ch\u00faa \u0111\u00e1nh tan bao qu\u00e2n b\u1ea1o t\u00e0n, \u0111\u01b0a ta v\u1ec1 mi\u1ec1n qu\u00ea h\u01b0\u01a1ng ta.<\/p>\n\n\n<p><\/p>\n","protected":false},"excerpt":{"rendered":"<p>B\u00e0i H\u00e1t Ch\u00ednh Th\u1ee9c PT\/TNTT Qu\u1ed1c Ca Vi\u1ec7t Nam N\u00e0y c\u00f4ng d\u00e2n \u01a1i, \u0110\u1ee9ng l\u00ean \u0111\u00e1p l\u1eddi s\u00f4ng n\u00fai, \u0111\u1ed3ng l\u00f2ng c\u00f9ng \u0111i hy sinh ti\u1ebfc g\u00ec th\u00e2n s\u1ed1ng. V\u00ec t\u01b0\u01a1ng lai qu\u1ed1c d\u00e2n c\u00f9ng x\u00f4ng pha kh\u00f3i t\u00ean, l\u00e0m sao cho n\u00fai s\u00f4ng t\u1eeb nay lu\u00f4n v\u1eefng b\u1ec1n. D\u00f9 cho ph\u01a1i th\u00e2y tr\u00ean g\u01b0\u01a1m [&hellip;]<\/p>\n","protected":false},"author":2,"featured_media":0,"parent":0,"menu_order":0,"comment_status":"closed","ping_status":"closed","template":"","meta":{"footnotes":""},"class_list":["post-4090","page","type-page","status-publish","hentry"],"_links":{"self":[{"href":"https:\/\/chuahaidong.org\/index.php?rest_route=\/wp\/v2\/pages\/4090","targetHints":{"allow":["GET"]}}],"collection":[{"href":"https:\/\/chuahaidong.org\/index.php?rest_route=\/wp\/v2\/pages"}],"about":[{"href":"https:\/\/chuahaidong.org\/index.php?rest_route=\/wp\/v2\/types\/page"}],"author":[{"embeddable":true,"href":"https:\/\/chuahaidong.org\/index.php?rest_route=\/wp\/v2\/users\/2"}],"replies":[{"embeddable":true,"href":"https:\/\/chuahaidong.org\/index.php?rest_route=%2Fwp%2Fv2%2Fcomments&post=4090"}],"version-history":[{"count":5,"href":"https:\/\/chuahaidong.org\/index.php?rest_route=\/wp\/v2\/pages\/4090\/revisions"}],"predecessor-version":[{"id":4484,"href":"https:\/\/chuahaidong.org\/index.php?rest_route=\/wp\/v2\/pages\/4090\/revisions\/4484"}],"wp:attachment":[{"href":"https:\/\/chuahaidong.org\/index.php?rest_route=%2Fwp%2Fv2%2Fmedia&parent=4090"}],"curies":[{"name":"wp","href":"https:\/\/api.w.org\/{rel}","templated":true}]}}