{"id":22,"date":"2014-09-12T06:43:21","date_gmt":"2014-09-12T06:43:21","guid":{"rendered":"http:\/\/chuahaidong.org\/?page_id=22"},"modified":"2025-09-19T14:29:08","modified_gmt":"2025-09-19T06:29:08","slug":"contact","status":"publish","type":"page","link":"https:\/\/chuahaidong.org\/?page_id=22","title":{"rendered":"Contact"},"content":{"rendered":"<div class=\"flex_column av_one_full  flex_column_div first  avia-builder-el-0  avia-builder-el-no-sibling  \" ><section class=\"av_textblock_section \"  itemscope=\"itemscope\" itemtype=\"https:\/\/schema.org\/CreativeWork\" ><div class='avia_textblock  '   itemprop=\"text\" ><div id=\"content\">\n<h3>Li\u00ean L\u1ea1c &#8211; Contacts<\/h3>\n<p>\u0110\u1ec3 li\u00ean l\u1ea1c Huynh Tr\u01b0\u1edfng trong \u0111o\u00e0n Ch\u00faa H\u00e0i \u0110\u1ed3ng, c\u00e1c ph\u1ee5 huynh v\u00e0 c\u00e1c em c\u00f3 th\u1ec3 d\u00f9ng phone v\u00e0 email d\u01b0\u1edbi \u0111\u00e2y:<\/p>\n<table class=\"center\">\n<tbody>\n<tr>\n<th align=\"left\">Activity Season:<\/th>\n<td>End of September\u00a0&#8211; End of May\/June\u00a0every year<\/td>\n<\/tr>\n<tr>\n<th align=\"left\">Time of Activity:<\/th>\n<td>2:05pm &#8211; 3:35pm every Saturday<\/td>\n<\/tr>\n<tr>\n<th align=\"left\">Time of Mass:<\/th>\n<td>4:00pm every Saturday<\/td>\n<\/tr>\n<tr>\n<th align=\"left\">Church Name:<\/th>\n<td>Nh\u00e0 Th\u1edd C\u00e1c Th\u00e1nh T\u1eed \u0110\u1ea1o Vi\u1ec7t Nam (Vietnamese Martyrs Parish)<\/td>\n<\/tr>\n<tr>\n<th align=\"left\">Church&#8217;s Address:<\/th>\n<td>6841 S. 180th St Tukwila, WA 98188<\/td>\n<\/tr>\n<tr>\n<th align=\"left\">Choir&#8217;s Rehearsal:<\/th>\n<td>2:30pm Saturday at VMP<\/td>\n<\/tr>\n<tr>\n<th align=\"left\">Eucharistic Adoration:<\/th>\n<td>Every 1st Friday of the month &#8211; after 6pm mass t\u1ea1i<br \/>\nNh\u00e0 Th\u1edd C\u00e1c Th\u00e1nh T\u1eed \u0110\u1ea1o Vi\u1ec7t Nam<\/td>\n<\/tr>\n<tr>\n<th align=\"left\">Phone:<\/th>\n<td>(206) 325-5626 Ext. 2<\/td>\n<\/tr>\n<tr>\n<th align=\"left\">Email:<\/th>\n<td><a title=\"mail to\" href=\"mailto:chdseattle@gmail.com\">chdseattle@gmail.com<\/a><\/td>\n<\/tr>\n<tr>\n<th align=\"left\">Website Address:<\/th>\n<td><a title=\"open chd website\" href=\"http:\/\/www.chuahaidong.org\" target=\"_blank\" rel=\"noopener\">www.chuahaidong.org<\/a><\/td>\n<\/tr>\n<tr>\n<th align=\"left\">Total Population (2024):<\/th>\n<td>560 \u0110o\u00e0n Sinh<\/td>\n<\/tr>\n<\/tbody>\n<\/table>\n<\/div>\n<\/div><\/section><\/div>\n","protected":false},"excerpt":{"rendered":"","protected":false},"author":1,"featured_media":0,"parent":0,"menu_order":0,"comment_status":"closed","ping_status":"closed","template":"","meta":{"footnotes":""},"class_list":["post-22","page","type-page","status-publish","hentry"],"_links":{"self":[{"href":"https:\/\/chuahaidong.org\/index.php?rest_route=\/wp\/v2\/pages\/22","targetHints":{"allow":["GET"]}}],"collection":[{"href":"https:\/\/chuahaidong.org\/index.php?rest_route=\/wp\/v2\/pages"}],"about":[{"href":"https:\/\/chuahaidong.org\/index.php?rest_route=\/wp\/v2\/types\/page"}],"author":[{"embeddable":true,"href":"https:\/\/chuahaidong.org\/index.php?rest_route=\/wp\/v2\/users\/1"}],"replies":[{"embeddable":true,"href":"https:\/\/chuahaidong.org\/index.php?rest_route=%2Fwp%2Fv2%2Fcomments&post=22"}],"version-history":[{"count":5,"href":"https:\/\/chuahaidong.org\/index.php?rest_route=\/wp\/v2\/pages\/22\/revisions"}],"predecessor-version":[{"id":5616,"href":"https:\/\/chuahaidong.org\/index.php?rest_route=\/wp\/v2\/pages\/22\/revisions\/5616"}],"wp:attachment":[{"href":"https:\/\/chuahaidong.org\/index.php?rest_route=%2Fwp%2Fv2%2Fmedia&parent=22"}],"curies":[{"name":"wp","href":"https:\/\/api.w.org\/{rel}","templated":true}]}}