{"id":214,"date":"2014-09-24T01:47:00","date_gmt":"2014-09-24T01:47:00","guid":{"rendered":"http:\/\/chuahaidong.org\/?page_id=214"},"modified":"2014-12-02T15:08:54","modified_gmt":"2014-12-02T07:08:54","slug":"lich-su-doan-chua-hai-dong-2000s","status":"publish","type":"page","link":"https:\/\/chuahaidong.org\/?page_id=214","title":{"rendered":"L\u1ecbch S\u1eed \u0110o\u00e0n Ch\u00faa H\u00e0i \u0110\u1ed3ng: 2000&#8217;s"},"content":{"rendered":"<p><!--Main Content HTML code--><\/p>\n<div id=\"content\">\n<h2>L\u1ecbch S\u1eed \u0110o\u00e0n Ch\u00faa H\u00e0i \u0110\u1ed3ng: 2000&#8217;s<\/h2>\n<p>H\u1ed9i \u00d0\u1ed3ng Huynh Tr\u01b0\u1edfng b\u1ea7u BTV m\u1edbi cho nhi\u1ec7m k\u1ef3 2000 &#8211; 2002 v\u1edbi th\u00e0nh ph\u1ea7n Huynh Tr\u01b0\u1edfng:<\/p>\n<ul id=\"about\">\n<li>\u00d0o\u00e0n Tr\u01b0\u1edfng: Ph\u00ear\u00f4 Tr\u1ea7n Th\u1ebf Vinh<\/li>\n<li>Ph\u00f3 N\u1ed9i V\u1ee5: T\u00ear\u00easa Ph\u1ea1m Th\u1ecb M\u1ed9ng Tuy\u1ec1n<\/li>\n<li>Ph\u00f3 Ngo\u1ea1i V\u1ee5: T\u00ear\u00easa Ph\u1ea1m Th\u1ecb Qu\u1ef3nh Anh<\/li>\n<li>Ph\u00f3 Nghi\u00ean Hu\u1ea5n: Ph\u00ear\u00f4 Nguy\u1ec5n H\u1ea3i \u00d0\u0103ng Khoa<\/li>\n<li>Th\u01b0 K\u00fd: Stephan\u00f4 Tr\u01b0\u01a1ng Thi\u00ean L\u1ed9c<\/li>\n<li>Th\u1ee7 Qu\u1ef9: T\u00ear\u00easa Nguy\u1ec5n Thanh Khuy\u00ean<\/li>\n<\/ul>\n<p>B\u01b0\u1edbc v\u00e0o thi\u00ean ni\u00ean k\u1ef7 m\u1edbi, m\u1ecdi vi\u1ec7c \u0111\u1ed5i m\u1edbi v\u00e0 Ban Th\u01b0\u1eddng V\u1ee5 m\u1edbi c\u0169ng xu\u1ea5t hi\u1ec7n nhi\u1ec1u khu\u00f4n m\u1eb7t tr\u1ebb trung v\u00e0 h\u0103ng say h\u01a1n.\u00a0 Con s\u1ed1 \u0111o\u00e0n sinh ng\u00e0y nay gia t\u0103ng v\u1edbi kho\u1ea3ng 300 em c\u00f9ng v\u1edbi 30 huynh tr\u01b0\u1edfng.\u00a0 Nh\u01b0ng ng\u00e0y vui ch\u01b0a tr\u00f2n m\u00e0 \u201c&#8230;ng\u01b0\u1eddi huynh tr\u01b0\u1edfng v\u1ed9i v\u00e3 \u0111i v\u1ec1 \u0111\u1ea5t h\u1ee9a &#8230;\u2019\u2019.\u00a0 M\u1ecdi ng\u01b0\u1eddi ph\u1ea3i r\u01a1i l\u1ec7 chia ly v\u0129nh bi\u1ec7t Tr\u01b0\u1edfng Duy\u1ec7t (b\u1ed1 Duy\u1ec7t).\u00a0 M\u1ed9t ng\u01b0\u1eddi anh c\u1ea3 v\u00e0 l\u00e0 m\u1ed9t ng\u01b0\u1eddi b\u1ed1 d\u1ea5n th\u00e2n ph\u1ee5c v\u1ee5 qu\u00ean m\u00ecnh cho Phong Tr\u00e0o n\u00f3i chung v\u00e0 \u0110o\u00e0n Ch\u00faa H\u00e0i \u0110\u1ed3ng n\u00f3i ri\u00eang.\u00a0 \u0110\u1ec3 b\u00f9 \u0111\u1eafp cho s\u1ef1 m\u1ea5t m\u00e1t n\u00e0y, b\u00e0n tay ng\u01b0\u1eddi anh c\u1ea3 Gi\u00easu \u0111\u00e3 d\u00ecu d\u1eaft \u0110o\u00e0n c\u00e0ng th\u00eam h\u00f9ng m\u1ea1nh v\u1edbi m\u1ed9t \u0111\u1ed9i ng\u0169 g\u1ea7n 400 \u0111o\u00e0n sinh v\u00e0 70 huynh tr\u01b0\u1edfng.\u00a0 H\u01a1n n\u1eefa, th\u1eddi gian n\u00e0y \u0110o\u00e0n c\u00f2n \u0111\u01b0\u1ee3c tr\u1ee3 gi\u00fap m\u1ea1nh m\u1ebd b\u1edfi m\u1ed9t l\u1ef1c l\u01b0\u1ee3ng \u0111\u00f4ng \u0111\u1ea3o ph\u1ee5 huynh t\u1eeb nh\u1eefng c\u00f4ng vi\u1ec7c picnic, t\u0129nh t\u00e2m, Sa M\u1ea1c v\u00e0 lo \u0103n tr\u01b0a cho c\u00e1c em, v.v&#8230; Th\u00e1ng gi\u00eang n\u0103m 2001 h\u1ed9i \u0111\u1ed3ng BTV m\u1edbi \u0111\u01b0\u1ee3c b\u1ea7u ra cho nhi\u1ec7m k\u1ef3 2001-2003 v\u1edbi l\u1ea7n \u0111\u1ea7u ti\u00ean xu\u1ea5t hi\u1ec7n m\u1ed9t n\u1eef t\u01b0\u1edbng trong l\u1ecbch s\u1eed c\u1ee7a \u0110o\u00e0n:<\/p>\n<ul id=\"about\">\n<li>\u0110o\u00e0n Tr\u01b0\u1edfng: T\u00ear\u00easa Ph\u1ea1m Th\u1ee5y Qu\u1ef3nh Anh<\/li>\n<li>N\u1ed9i V\u1ee5: Vicent\u00ea Nguy\u1ec5n M\u1ea1nh Anh Duy<\/li>\n<li>Ngo\u1ea1i V\u1ee5: Maria-Fatima Nguy\u1ec5n T\u00fa Anh<\/li>\n<li>Nghi\u00ean Hu\u1ea5n: Daminh Ph\u1ea1m Qu\u1ed1c Long<\/li>\n<li>Th\u01b0 K\u00fd: Vicent\u00ea Nguy\u1ec5n Gia Tu\u1ea5n<\/li>\n<li>Th\u1ee7 Qu\u1ef9: Giuse L\u00ea V\u0103n Thi\u1ec7n<\/li>\n<\/ul>\n<p>V\u00e2ng l\u1eddi ng\u01b0\u1eddi anh c\u1ea3 Gi\u00easu, huynh tr\u01b0\u1edfng \u0110o\u00e0n Ch\u00faa H\u00e0i \u0110\u1ed3ng \u0111\u00e3 th\u1ea3 l\u01b0\u1edbi t\u1ea1i Everett v\u00e0 r\u1ed3i c\u00e1 b\u1eaft \u0111\u01b0\u1ee3c l\u00e0 s\u1ef1 ra \u0111\u1eddi c\u1ee7a \u0110o\u00e0n Ch\u00faa Th\u00e1nh Th\u1ea7n.\u00a0 Nh\u01b0ng \u201ctin vui v\u1eeba \u0111\u00f3, tin bu\u1ed3n c\u0169ng theo\u201d, th\u1ebf l\u00e0 nu\u1ed1t l\u1ec7 l\u00e0m vui \u0111\u01b0a ti\u1ec5n cha Tuy\u00ean \u00day Francis Nguy\u1ec5n S\u01a1n Mi\u00ean qua l\u00e0m Tuy\u00ean \u00day cho \u0110o\u00e0n Ch\u00faa Th\u00e1nh Th\u1ea7n.<\/p>\n<p><em>&#8230;Cha \u0111i th\u00ec bi\u1ebft s\u1ebd \u0111au<\/em><\/p>\n<p><em>Nh\u01b0ng \u0111au v\u00ec Ch\u00faa v\u00ec nhau x\u00e1 g\u00ec &#8230;<\/em><\/p>\n<p>V\u00e0 r\u1ed3i m\u1ecdi s\u1ef1 v\u1eabn \u0111\u01b0\u1ee3c s\u1ef1 an b\u00e0i c\u1ee7a anh c\u1ea3 Gi\u00easu, c\u00e1c th\u00e0nh vi\u00ean \u0111o\u00e0n Ch\u00faa H\u00e0i \u0110\u1ed3ng l\u1ea1i h\u00e2n hoan ch\u00e0o \u0111\u00f3n Cha Tuy\u00ean \u00day m\u1edbi \u0111\u00f3 l\u00e0 L.M. Anthony Tr\u1ea7n H\u1eefu L\u00e2n.\u00a0 V\u00e0 ni\u1ec1m vui l\u1ea1i \u0111\u01b0\u1ee3c nh\u00e2n \u0111\u00f4i khi ng\u01b0\u1eddi anh Huynh Tr\u01b0\u1edfng Giuse Nguy\u1ec5n V\u0103n C\u01b0\u1eddng (Mai T. Dan, SJ) \u0111\u01b0\u1ee3c th\u1ee5 phong Linh M\u1ee5c ng\u00e0y 13 th\u00e1ng 6, n\u0103m 2003 t\u1ea1i Nh\u00e0 Th\u1edd \u0110\u1ee9c M\u1eb9 V\u00f4 Nhi\u1ec5m Nguy\u00ean T\u1ed9i (Portland, OR) \u0111\u00e3 tr\u1edf l\u1ea1i d\u00e2ng \u201cTh\u00e1nh L\u1ec5 M\u1edf Tay\u201d v\u1edbi \u0110o\u00e0n Ch\u00faa H\u00e0i \u0110\u1ed3ng trong ng\u00e0y L\u1ec5 K\u00ednh M\u00ecnh M\u00e1u Th\u00e1nh Ch\u00faa, B\u1ed5n M\u1ea1ng c\u1ee7a Phong Tr\u00e0o.<\/p>\n<p>Trong s\u1ef1 d\u00ecu d\u1eaft c\u1ee7a Cha Tuy\u00ean \u00day, v\u00e0o th\u00e1ng gi\u00eang n\u0103m 2003 m\u1ed9t BTV m\u1edbi \u0111\u01b0\u1ee3c b\u1ea7u ra cho ni\u00ean kh\u00f3a 2003-2005 v\u1edbi th\u00e0nh ph\u1ea7n Huynh Tr\u01b0\u1edfng nh\u01b0 sau:<\/p>\n<ul id=\"about\">\n<li>\u0110o\u00e0n Tr\u01b0\u1edfng: Ph\u00ear\u00f4 Tr\u1ea7n Th\u1ebf Vinh<\/li>\n<li>N\u1ed9i V\u1ee5: Maria-Fatima Nguy\u1ec5n T\u00fa Anh<\/li>\n<li>Ngo\u1ea1i V\u1ee5: Martha Nguy\u1ec5n Thi\u00ean H\u01b0\u01a1ng<\/li>\n<li>Nghi\u00ean Hu\u1ea5n: Simon Ph\u1ea1m L\u00ea Th\u1ee9<\/li>\n<li>Th\u01b0 K\u00fd: Vicent\u00ea Nguy\u1ec5n Gia Tu\u1ea5n<\/li>\n<li>Th\u1ee7 Qu\u1ef9: Maria Nguy\u1ec5n Th\u00fay H\u1eb1ng<\/li>\n<\/ul>\n<p>V\u00e0o th\u1eddi gian n\u00e0y \u0110o\u00e0n Ch\u00faa H\u00e0i \u0110\u1ed3ng kh\u00f4ng c\u00f2n c\u00f4 \u0111\u01a1n bi\u1ec7t l\u1eadp n\u1eefa m\u00e0 ng\u01b0\u1eddi anh c\u1ea3 Gi\u00easu \u0111\u00e3 l\u00f4i k\u00e9o \u0111\u01b0\u1ee3c nhi\u1ec1u th\u00eam nh\u1eefng anh em T\u00f4ng \u0110\u1ed3 kh\u00e1c t\u1eeb b\u1eafc ch\u00ed nam c\u1ee7a ti\u1ec3u bang Washington.\u00a0 M\u1ed9t Ban Th\u01b0\u1eddng V\u1ee5 Mi\u1ec1n \u0111\u00e3 \u0111\u01b0\u1ee3c th\u00e0nh l\u1eadp \u0111\u1ea1i di\u1ec7n cho b\u1ea3y \u0111o\u00e0n TNTT trong Mi\u1ec1n T\u00e2y B\u1eafc:<\/p>\n<ul id=\"about\">\n<li>\u0110o\u00e0n Ch\u00faa Th\u00e1nh Th\u1ea7n \u2013 Everett, WA<\/li>\n<li>\u0110o\u00e0n Ch\u00faa H\u00e0i \u0110\u1ed3ng &#8211; Seattle, WA<\/li>\n<li>\u0110o\u00e0n Savie C\u1ea7n &#8211; SW Seattle, WA<\/li>\n<li>\u0110o\u00e0n Th\u00e1nh Gia &#8211; Auburn, WA<\/li>\n<li>\u0110o\u00e0n T\u00ear\u00easa H\u00e0i \u0110\u1ed3ng \u2013 Tacoma, WA<\/li>\n<li>\u0110o\u00e0n Emmanuel &#8211; Olympia, WA<\/li>\n<li>\u0110o\u00e0n Th\u00e1nh T\u00e2m &#8211; Portland, OR<\/li>\n<\/ul>\n<p>Trong n\u0103m 2005, \u0111\u01b0\u1ee3c s\u1ef1 khuy\u1ebfn kh\u00edch c\u1ee7a qu\u00fd Cha Tuy\u00ean \u00day, m\u1ed9t s\u1ed1 anh ch\u1ecb em Huynh Tr\u01b0\u1edfng trong \u0110o\u00e0n Ch\u00faa H\u00e0i \u0110\u1ed3ng \u0111\u00e3 t\u00ecnh nguy\u1ec7n qua b\u00ean West Seattle gi\u00fap l\u1eadp th\u00eam m\u1ed9t \u0111o\u00e0n m\u1edbi, \u0110o\u00e0n Savi\u00ea C\u1ea7n \u0111\u01b0\u1ee3c ra \u0111\u1eddi.\u00a0 Trong th\u1eddi gian \u0111\u1ea7u khi \u0110o\u00e0n Savi\u00ea C\u1ea7n m\u1edbi \u0111\u01b0\u1ee3c th\u00e0nh l\u1eadp, \u0111\u00e3 c\u00f3 nhi\u1ec1u tr\u01b0\u1edfng t\u1eeb \u0110o\u00e0n Ch\u00faa H\u00e0i \u0110\u1ed3ng hy sinh \u0111\u1ec3n sinh ho\u1ea1t t\u1ea1i c\u1ea3 hai n\u01a1i, m\u1ed7i Th\u1ee9 B\u1ea3y v\u00e0 Ch\u00faa Nh\u1eadt.\u00a0 Th\u1ebf m\u1edbi bi\u1ebft, tinh th\u1ea7n TNTT l\u00fac n\u00e0o c\u0169ng th\u1eadt h\u0103ng say.\u00a0 \u0110\u1ea7u n\u0103m 2006, sau nh\u1eefng ng\u00e0y t\u0129nh t\u00e2m, v\u00e0 c\u1ea7u nguy\u1ec7n, \u0110o\u00e0n \u0111\u00e3 b\u1ea7u ra \u0111\u01b0\u1ee3c m\u1ed9t BTV m\u1edbi, nhi\u1ec7m k\u1ef3 2006-2007, v\u1edbi nh\u1eefng khu\u00f4n m\u1eb7t th\u1eadt tr\u1ebb trung c\u1ee7a c\u00e1c Tr\u01b0\u1edfng:<\/p>\n<ul id=\"about\">\n<li>\u0110o\u00e0n Tr\u01b0\u1edfng: Phaol\u00f4 Nguy\u1ec5n Thanh Ph\u1ee5ng<\/li>\n<li>N\u1ed9i V\u1ee5: Teresa Ng\u00f4 Ng\u1ecdc Hi\u1ebfu<\/li>\n<li>Ngo\u1ea1i V\u1ee5: Gioan Baotixita Nguy\u1ec5n Vy Khanh<\/li>\n<li>Nghi\u00ean Hu\u1ea5n: Ph\u00ear\u00f4 L\u00ea H\u1eefu To\u00e0n<\/li>\n<li>Th\u01b0 K\u00fd: Anna L\u00ea Th\u1ecb Ki\u1ec1u Oanh<\/li>\n<li>Th\u1ee7 Qu\u1ef9: Maria Ph\u1ea1m Anh Th\u01b0<\/li>\n<\/ul>\n<p>C\u0169ng trong nhi\u1ec7m k\u1ef3 n\u00e0y, t\u00f2a T\u1ed5ng Gi\u00e1m M\u1ee5c Seattle \u0111\u00e3 thuy\u00ean chuy\u1ec3n L.M. Anthony Tr\u1ea7n H\u1eefu L\u00e2n qua l\u00e0m Cha Ph\u00f3 t\u1ea1i Gi\u00e1o X\u1ee9 \u0110\u1ee9c M\u1eb9 L\u1ed9 \u0110\u1ee9c, v\u00e0 chuy\u1ec3n L.M. Francis Nguy\u1ec5n S\u01a1n Mi\u00ean v\u1ec1 l\u1ea1i Trung T\u00e2m C\u00f4ng Gi\u00e1o CTT\u0110 Vi\u1ec7t Nam, th\u1ebf l\u00e0 m\u1ecdi ng\u01b0\u1eddi ai n\u1ea5y l\u1ea1i vui m\u1eebng \u0111\u01b0\u1ee3c \u0111\u00f3n Cha Mi\u00ean v\u1ec1 l\u1ea1i v\u1edbi \u0110o\u00e0n.<\/p>\n<p>N\u0103m 2008 \u2013 2009, \u0111\u01b0\u1ee3c coi l\u00e0 nh\u1eefng n\u0103m c\u00f3 nhi\u1ec1u sinh ho\u1ea1t nh\u1ea5t v\u1edbi s\u1ef1 h\u0103ng say c\u1ee7a Ban Ch\u1ea5p H\u00e0nh (BCH)\u00a0m\u1edbi \u0111\u1ee9ng \u0111\u1ea7u l\u00e0:<\/p>\n<ul id=\"about\">\n<li>\u0110o\u00e0n Tr\u01b0\u1edfng: Phaol\u00f4 Nguy\u1ec5n Thanh Ph\u1ee5ng<\/li>\n<li>N\u1ed9i V\u1ee5: Maria Nguy\u1ec5n Th\u1ecb B\u00edch H\u1ea3o<\/li>\n<li>Ngo\u1ea1i V\u1ee5: Maria Nguy\u1ec5n Thy H\u01b0\u01a1ng<\/li>\n<li>Nghi\u00ean Hu\u1ea5n: Gioan Baotixita Nguy\u1ec5n Vy Khanh<\/li>\n<li>Th\u01b0 K\u00fd: Vincent\u00ea Nguy\u1ec5n Gia Tu\u1ea5n<\/li>\n<li>Th\u1ee7 Qu\u1ef9: Anna Hu\u1ef3nh Ph\u01b0\u01a1ng Trang<\/li>\n<li>Ng\u00e0nh Tr\u01b0\u1edfng Ng\u00e0nh \u1ea4u: Anna L\u00ea Th\u1ecb Ki\u1ec1u Oanh<\/li>\n<li>Ng\u00e0nh Tr\u01b0\u1edfng Ng\u00e0nh Thi\u1ebfu: Ph\u00ear\u00f4 Nguy\u1ec5n H\u1eefu L\u1ed9c<\/li>\n<li>Ng\u00e0nh Tr\u01b0\u1edfng Ng\u00e0nh Ngh\u0129a: Mattha Nguy\u1ec5n Thi\u00ean H\u01b0\u01a1ng<\/li>\n<li>Ng\u00e0nh Tr\u01b0\u1edfng Ng\u00e0nh Hi\u1ec7p S\u0129: Giuse Nguy\u1ec5n T\u1ea5n Tri\u1ec1u<\/li>\n<\/ul>\n<p>Trong nhi\u1ec7m k\u1ef3 n\u00e0y, m\u1ed7i n\u0103m, BTV \u0111\u1ec1u \u0111\u01b0a ra m\u1ed9t \u00fd l\u1ef1c s\u1ed1ng \u0111\u1ec3 gi\u00fap c\u00e1c Tr\u01b0\u1edfng v\u00e0 c\u00e1c em s\u1ed1ng tinh th\u1ea7n TNTT cao h\u01a1n v\u00e0 h\u1eefu \u00edch h\u01a1n.\u00a0 \u201cEm theo Gi\u00easu\u201d (Following the footsteps of Jesus) l\u00e0 \u00fd l\u1ef1c m\u00e0 m\u1ecdi ng\u01b0\u1eddi th\u00edch nh\u1ea5t v\u00ec Ch\u00faa Gi\u00easu ch\u00ednh l\u00e0 ng\u01b0\u1eddi anh c\u1ea3 c\u1ee7a PT\/TNTT.\u00a0 S\u1ed1ng t\u00e2m t\u00ecnh \u201cEm theo Gi\u00easu\u201d \u0111\u00e3 d\u1eabn d\u1eaft m\u1ecdi ng\u01b0\u1eddi t\u1edbi tham d\u1ef1 c\u00e1c gi\u1edd ch\u1ea7u Th\u00e1nh Th\u1ec3 m\u1ed7i Th\u1ee9 S\u00e1u \u0111\u1ea7u th\u00e1ng ng\u00e0y m\u1ed9t \u0111\u00f4ng.\u00a0 V\u00ec con s\u1ed1 c\u00e1c em ng\u00e0y m\u1ed9t \u0111\u00f4ng, m\u00e0 c\u01a1 s\u1edf c\u1ee7a Trung t\u00e2m l\u1ea1i qu\u00e1 nh\u1ecf, n\u0103m 2009, Cha ch\u1ee7 nhi\u1ec7m C\u1ed9ng \u0110\u1ed3ng, L.M. Ph\u00ear\u00f4 Ho\u00e0ng Ph\u01b0\u1ee3ng, v\u00e0 ban H\u1ed9i \u0110\u1ed3ng M\u1ee5c V\u1ee5 \u0111\u00e3 quy\u1ebft \u0111\u1ecbnh m\u01b0\u1edbn Gi\u00e1o X\u1ee9 \u0110\u1ee9c M\u1eb9 V\u00f4 Nhi\u1ec5m Nguy\u00ean T\u1ed9i (Immaculate Conception Church ICC) \u0111\u1ec3 \u0110o\u00e0n Ch\u00faa H\u00e0i \u0110\u1ed3ng v\u00e0 c\u00e1c l\u1edbp Gi\u00e1o L\u00fd v\u00e0 Vi\u1ec7t Ng\u1eef sinh ho\u1ea1t.\u00a0 S\u1ef1 di d\u1eddi n\u01a1i sinh ho\u1ea1t c\u0169ng l\u00e0 m\u1ed9t tr\u1edf ng\u1ea1i l\u1edbn cho \u0110o\u00e0n.\u00a0 ICC tuy r\u1ea5t r\u1ed9ng, nh\u01b0ng c\u0169ng c\u00f3 nhi\u1ec1u sinh ho\u1ea1t c\u1ee7a c\u00e1c h\u1ed9i \u0111o\u00e0n \u0111\u1ecba ph\u01b0\u01a1ng nh\u01b0 c\u1ed9ng \u0111o\u00e0n Filipino American, Ethiopia, Mexico, African, African American, Black Catholics.\u00a0 \u0110o\u00e0n Ch\u00faa H\u00e0i \u0110\u1ed3ng c\u0169ng b\u1ecb gi\u1edbi h\u1ea1n v\u1ec1 kh\u00f4ng gian v\u00e0 th\u1eddi gian, \u0111\u00e3 nhi\u1ec1u l\u1ea7n Th\u00e1nh L\u1ec5 TNTT ph\u1ea3i b\u1ecb d\u1eddi xu\u1ed1ng d\u01b0\u1edbi h\u1ed9i tr\u01b0\u1eddng c\u1ee7a Gi\u00e1o X\u1ee9.\u00a0 D\u00f9 sao ch\u00fang con c\u0169ng t\u1ea1 \u01a1n Ch\u00faa v\u00ec \u0110o\u00e0n v\u1eabn c\u00f2n c\u00f3 n\u01a1i \u0111\u1ec3 cho c\u00e1c em t\u1edbi sinh ho\u1ea1t, h\u1ecdc h\u1ecfi v\u00e0 b\u1ea3o t\u1ed3n n\u1ec1n v\u0103n h\u00f3a Vi\u1ec7t Nam.<\/p>\n<div id=\"preNext\">\n<p id=\"nextpage\"><a title=\"L\u1ecbch S\u1eed \u0110o\u00e0n Ch\u00faa H\u00e0i \u0110\u1ed3ng: 2010\u2019s\" href=\"http:\/\/chuahaidong.org\/?page_id=3056\">Next &gt;&gt;<\/a><\/p>\n<p id=\"previous\"><a title=\"L\u1ecbch S\u1eed \u0110o\u00e0n Ch\u00faa H\u00e0i \u0110\u1ed3ng: 1990\u2019s\" href=\"http:\/\/chuahaidong.org\/?page_id=209\">&lt;&lt; Previous<\/a><\/p>\n<\/div>\n<\/div>\n","protected":false},"excerpt":{"rendered":"<p>L\u1ecbch S\u1eed \u0110o\u00e0n Ch\u00faa H\u00e0i \u0110\u1ed3ng: 2000&#8217;s H\u1ed9i \u00d0\u1ed3ng Huynh Tr\u01b0\u1edfng b\u1ea7u BTV m\u1edbi cho nhi\u1ec7m k\u1ef3 2000 &#8211; 2002 v\u1edbi th\u00e0nh ph\u1ea7n Huynh Tr\u01b0\u1edfng: \u00d0o\u00e0n Tr\u01b0\u1edfng: Ph\u00ear\u00f4 Tr\u1ea7n Th\u1ebf Vinh Ph\u00f3 N\u1ed9i V\u1ee5: T\u00ear\u00easa Ph\u1ea1m Th\u1ecb M\u1ed9ng Tuy\u1ec1n Ph\u00f3 Ngo\u1ea1i V\u1ee5: T\u00ear\u00easa Ph\u1ea1m Th\u1ecb Qu\u1ef3nh Anh Ph\u00f3 Nghi\u00ean Hu\u1ea5n: Ph\u00ear\u00f4 Nguy\u1ec5n H\u1ea3i \u00d0\u0103ng Khoa [&hellip;]<\/p>\n","protected":false},"author":1,"featured_media":0,"parent":40,"menu_order":0,"comment_status":"closed","ping_status":"closed","template":"","meta":{"footnotes":""},"class_list":["post-214","page","type-page","status-publish","hentry"],"_links":{"self":[{"href":"https:\/\/chuahaidong.org\/index.php?rest_route=\/wp\/v2\/pages\/214","targetHints":{"allow":["GET"]}}],"collection":[{"href":"https:\/\/chuahaidong.org\/index.php?rest_route=\/wp\/v2\/pages"}],"about":[{"href":"https:\/\/chuahaidong.org\/index.php?rest_route=\/wp\/v2\/types\/page"}],"author":[{"embeddable":true,"href":"https:\/\/chuahaidong.org\/index.php?rest_route=\/wp\/v2\/users\/1"}],"replies":[{"embeddable":true,"href":"https:\/\/chuahaidong.org\/index.php?rest_route=%2Fwp%2Fv2%2Fcomments&post=214"}],"version-history":[{"count":5,"href":"https:\/\/chuahaidong.org\/index.php?rest_route=\/wp\/v2\/pages\/214\/revisions"}],"predecessor-version":[{"id":3059,"href":"https:\/\/chuahaidong.org\/index.php?rest_route=\/wp\/v2\/pages\/214\/revisions\/3059"}],"up":[{"embeddable":true,"href":"https:\/\/chuahaidong.org\/index.php?rest_route=\/wp\/v2\/pages\/40"}],"wp:attachment":[{"href":"https:\/\/chuahaidong.org\/index.php?rest_route=%2Fwp%2Fv2%2Fmedia&parent=214"}],"curies":[{"name":"wp","href":"https:\/\/api.w.org\/{rel}","templated":true}]}}