{"id":205,"date":"2014-09-24T01:45:38","date_gmt":"2014-09-24T01:45:38","guid":{"rendered":"http:\/\/chuahaidong.org\/?page_id=205"},"modified":"2014-12-02T14:48:55","modified_gmt":"2014-12-02T06:48:55","slug":"lich-su-doan-chua-hai-dong-1980s","status":"publish","type":"page","link":"https:\/\/chuahaidong.org\/?page_id=205","title":{"rendered":"L\u1ecbch S\u1eed \u0110o\u00e0n Ch\u00faa H\u00e0i \u0110\u1ed3ng: 1980&#8217;s"},"content":{"rendered":"<p><!--Main Content HTML code--><\/p>\n<div id=\"content\">\n<h2>L\u1ecbch S\u1eed \u0110o\u00e0n Ch\u00faa H\u00e0i \u0110\u1ed3ng: 1980&#8217;s<\/h2>\n<p>Ng\u00e0y 25 th\u00e1ng 12 n\u0103m 1985 \u00d0o\u00e0n Ch\u00faa H\u00e0i \u00d0\u1ed3ng h\u00e2n hoan m\u1eebng l\u1ec5 ra m\u1eaft c\u1ed9ng \u0111\u1ed3ng. Trong l\u1ec5 ra m\u1eaft c\u00f3 c\u1ea3 c\u00e1c linh m\u1ee5c thu\u1ed9c t\u00f2a T\u1ed5ng Gi\u00e1m M\u1ee5c \u0111\u1ebfn tham d\u1ef1. T\u1ed5ng s\u1ed1 \u0111o\u00e0n sinh ba ng\u00e0nh: 150 em, Huynh Tr\u01b0\u1edfng c\u1ea5p I: 19, D\u1ef1 Tr\u01b0\u1edfng: 24. Ngay sau \u0111\u00f3 H\u1ed9i \u00d0\u1ed3ng Huynh Tr\u01b0\u1edfng b\u1ea7u Ban Th\u01b0\u1eddng V\u1ee5 (BTV) ch\u00ednh th\u1ee9c. Nhi\u1ec7m K\u1ef3 1985-1986 v\u1edbi th\u00e0nh ph\u1ea7n Huynh Tr\u01b0\u1edfng:<\/p>\n<ul id=\"about\">\n<li>\u00d0o\u00e0n Tr\u01b0\u1edfng: Giuse Ho\u00e0ng Ng\u1ecdc Trinh<\/li>\n<li>Ph\u00f3 Qu\u1ea3n Tr\u1ecb: Giuse Cao Tr\u1ecdng Ngh\u0129a<\/li>\n<li>Ph\u00f3 Nghi\u00ean Hu\u1ea5n: Giuse T\u1ea1 Ho\u00e0ng Qu\u1ed1c An<\/li>\n<li>Th\u01b0 K\u00fd: Gi\u00eara\u0111\u00f4 Ho\u00e0ng Kim Giang<\/li>\n<li>Th\u1ee7 Qu\u1ef9: Giuse Nguy\u1ec5n V\u0103n Hi\u1ebfn<\/li>\n<\/ul>\n<p>Sau m\u1ed9t n\u0103m ho\u1ea1t \u0111\u1ed9ng t\u00edch c\u1ef1c d\u01b0\u1edbi s\u1ef1 h\u01b0\u1edbng d\u1eabn v\u00e0 d\u00ecu d\u1eaft c\u1ee7a Cha Tuy\u00ean, Th\u1ea7y Tr\u1ee3 \u00day v\u00e0 H\u1ed9i Ph\u1ee5 Huynh, v\u00e0o m\u00f9a h\u00e8 n\u0103m 1986 \u00d0o\u00e0n t\u1ed5 ch\u1ee9c m\u1ed9t Sa M\u1ea1c hu\u1ea5n luy\u1ec7n Huynh Tr\u01b0\u1edfng I &amp; II, do Ban Nghi\u00ean Hu\u1ea5n Trung \u01af\u01a1ng PT\/TNTT\/VN\/HK \u0111\u1ebfn hu\u1ea5n luy\u1ec7n.\u00a0 Trong d\u1ecbp n\u00e0y H\u1ed9i \u00d0\u1ed3ng Huynh Tr\u01b0\u1edfng b\u1ea7u t\u00e2n BTV nhi\u1ec7m k\u1ef3 7\/1986 &#8211; 7\/1988, v\u1edbi th\u00e0nh ph\u1ea7n Huynh Tr\u01b0\u1edfng:<\/p>\n<ul id=\"about\">\n<li>\u00d0o\u00e0n Tr\u01b0\u1edfng: Giuse Cao Tr\u1ecdng Ngh\u0129a<\/li>\n<li>Ph\u00f3 Qu\u1ea3n Tr\u1ecb: Giuse Ho\u00e0ng Ng\u1ecdc Trinh<\/li>\n<li>Ph\u00f3 Nghi\u00ean Hu\u1ea5n: Giuse T\u1ea1 Ho\u00e0ng Qu\u1ed1c An<\/li>\n<li>Th\u01b0 K\u00fd: Gi\u00eara\u0111\u00f4 Ho\u00e0ng Kim Giang<\/li>\n<li>Th\u1ee7 Qu\u1ef9: Giuse Th\u00e2n Th\u00e1i H\u00f9ng<\/li>\n<\/ul>\n<p>Tr\u01b0\u1edfng Cao Tr\u1ecdng Ngh\u0129a v\u00ec l\u00fd do \u0111i xa \u0111\u00e3 t\u1eeb ch\u1ee9c v\u00e0 Tr\u01b0\u1edfng Trinh thay th\u1ebf ch\u1ee9c v\u1ee5 \u00d0o\u00e0n Tr\u01b0\u1edfng cho \u0111\u1ebfn h\u1ebft nhi\u1ec7m k\u1ef3. C\u0169ng th\u1eddi gian n\u00e0y c\u1ed9ng \u0111\u1ed3ng ph\u1ea3i d\u1eddi \u0111i n\u01a1i kh\u00e1c, do \u0111\u00f3 vi\u1ec7c sinh ho\u1ea1t c\u1ee7a \u00d0o\u00e0n c\u0169ng b\u1ecb \u1ea3nh h\u01b0\u1edfng r\u1ea5t nhi\u1ec1u v\u00ec kh\u00f4ng c\u00f3 c\u01a1 s\u1edf. Nh\u1eefng ng\u00e0y th\u00e1ng kh\u00f3 kh\u0103n c\u0169ng tr\u00f4i qua. C\u1ed9ng \u0111\u1ed3ng \u0111\u00e3 ch\u00ednh th\u1ee9c \u2018t\u1ea1o m\u00e3i\u2019 \u0111\u01b0\u1ee3c m\u1ed9t ng\u00f4i th\u00e1nh \u0111\u01b0\u1eddng khang trang. Song song v\u1edbi s\u1ef1 l\u1edbn m\u1ea1nh c\u1ee7a c\u1ed9ng \u0111\u1ed3ng, \u00d0o\u00e0n Ch\u00faa H\u00e0i \u00d0\u1ed3ng c\u0169ng tr\u00ean \u0111\u00e0 ph\u00e1t tri\u1ec3n \u0111\u00e3 b\u1ea7u m\u1ed9t BTV m\u1edbi 7\/1988 &#8211; 7\/1990 v\u1edbi th\u00e0nh ph\u1ea7n Huynh Tr\u01b0\u1edfng:<\/p>\n<ul id=\"about\">\n<li>\u00d0o\u00e0n Tr\u01b0\u1edfng: Giac\u00f4b\u00ea Tr\u1ea7n T\u00e0i Vi\u1ec7t<\/li>\n<li>Ph\u00f3 Qu\u1ea3n Tr\u1ecb: Gioan B. V\u00f5 Minh Ho\u00e0ng<\/li>\n<li>Ph\u00f3 Nghi\u00ean Hu\u1ea5n: Giuse V\u0169 \u00d0inh H\u01b0\u1edbng<\/li>\n<li>Th\u01b0 K\u00fd: Maria Rosa Nguy\u1ec5n T. B\u0103ng T\u00e2m<\/li>\n<li>Th\u1ee7 Qu\u1ef9: Giuse Th\u00e2n Th\u00e1i H\u00f9ng<\/li>\n<\/ul>\n<p>C\u0169ng trong nhi\u1ec7m k\u1ef3 n\u00e0y, Cha Tuy\u00ean \u00day Ant\u00f4n Phan H\u1eefu H\u1eadu, v\u00ec l\u00fd do s\u1ee9c kh\u1ecfe \u0111\u00e3 ph\u1ea3i t\u1eeb ch\u1ee9c \u0111\u1ec3 l\u1ea1i cho \u00d0o\u00e0n ni\u1ec1m l\u01b0u luy\u1ebfn kh\u00f4n ngu\u00f4i. K\u1ebf \u0111\u1ebfn Th\u1ea7y Tr\u1ee3 \u00day Nguy\u1ec5n Ng\u1ecdc Huy\u1ec1n c\u0169ng r\u1eddi kh\u1ecfi \u0111o\u00e0n v\u1ec1 ph\u1ee5c v\u1ee5 cho nh\u00e0 d\u00f2ng t\u1ea1i New Orleans. \u00d0o\u00e0n Ch\u00faa H\u00e0i \u00d0\u1ed3ng nh\u01b0 m\u1ed9t \u0111\u00e0n con kh\u00f4ng cha m\u1eb9, nh\u01b0ng nh\u1edd \u01a1n Ch\u00faa Gi\u00easu Th\u00e1nh Th\u1ec3, anh ch\u1ecb em Huynh Tr\u01b0\u1edfng v\u1eabn d\u00ecu d\u1eaft nhau v\u01b0\u1ee3t qua nh\u1eefng kh\u00f3 kh\u0103n sau g\u1ea7n m\u1ed9t n\u0103m, cho \u0111\u1ebfn khi \u00d0\u1ee9c T\u1ed5ng Gi\u00e1m M\u1ee5c \u0111\u1ecba ph\u1eadn \u0111\u00e3 b\u1ed5 nhi\u1ec7m L.M. Anphong Tr\u1ea7n \u00d0\u1ee9c Ph\u01b0\u01a1ng l\u00e0m qu\u1ea3n nhi\u1ec7m c\u1ed9ng \u0111\u1ed3ng, \u0111\u1ed3ng th\u1eddi l\u00e0 Tuy\u00ean \u00day c\u1ee7a \u00d0o\u00e0n.<\/p>\n<div id=\"preNext\">\n<p id=\"nextpage\"><a title=\"L\u1ecbch S\u1eed \u0110o\u00e0n Ch\u00faa H\u00e0i \u0110\u1ed3ng: 1990\u2019s\" href=\"http:\/\/chuahaidong.org\/?page_id=209\">Next &gt;&gt;<\/a><\/p>\n<p id=\"previous\"><a title=\"L\u1ecbch S\u1eed \u0110o\u00e0n Ch\u00faa H\u00e0i \u0110\u1ed3ng: Kh\u1edfi \u0110\u1ea7u\" href=\"http:\/\/chuahaidong.org\/?page_id=200\">&lt;&lt; Previous<\/a><\/p>\n<\/div>\n<\/div>\n","protected":false},"excerpt":{"rendered":"<p>L\u1ecbch S\u1eed \u0110o\u00e0n Ch\u00faa H\u00e0i \u0110\u1ed3ng: 1980&#8217;s Ng\u00e0y 25 th\u00e1ng 12 n\u0103m 1985 \u00d0o\u00e0n Ch\u00faa H\u00e0i \u00d0\u1ed3ng h\u00e2n hoan m\u1eebng l\u1ec5 ra m\u1eaft c\u1ed9ng \u0111\u1ed3ng. Trong l\u1ec5 ra m\u1eaft c\u00f3 c\u1ea3 c\u00e1c linh m\u1ee5c thu\u1ed9c t\u00f2a T\u1ed5ng Gi\u00e1m M\u1ee5c \u0111\u1ebfn tham d\u1ef1. T\u1ed5ng s\u1ed1 \u0111o\u00e0n sinh ba ng\u00e0nh: 150 em, Huynh Tr\u01b0\u1edfng c\u1ea5p I: 19, [&hellip;]<\/p>\n","protected":false},"author":1,"featured_media":0,"parent":40,"menu_order":0,"comment_status":"closed","ping_status":"closed","template":"","meta":{"footnotes":""},"class_list":["post-205","page","type-page","status-publish","hentry"],"_links":{"self":[{"href":"https:\/\/chuahaidong.org\/index.php?rest_route=\/wp\/v2\/pages\/205","targetHints":{"allow":["GET"]}}],"collection":[{"href":"https:\/\/chuahaidong.org\/index.php?rest_route=\/wp\/v2\/pages"}],"about":[{"href":"https:\/\/chuahaidong.org\/index.php?rest_route=\/wp\/v2\/types\/page"}],"author":[{"embeddable":true,"href":"https:\/\/chuahaidong.org\/index.php?rest_route=\/wp\/v2\/users\/1"}],"replies":[{"embeddable":true,"href":"https:\/\/chuahaidong.org\/index.php?rest_route=%2Fwp%2Fv2%2Fcomments&post=205"}],"version-history":[{"count":4,"href":"https:\/\/chuahaidong.org\/index.php?rest_route=\/wp\/v2\/pages\/205\/revisions"}],"predecessor-version":[{"id":3053,"href":"https:\/\/chuahaidong.org\/index.php?rest_route=\/wp\/v2\/pages\/205\/revisions\/3053"}],"up":[{"embeddable":true,"href":"https:\/\/chuahaidong.org\/index.php?rest_route=\/wp\/v2\/pages\/40"}],"wp:attachment":[{"href":"https:\/\/chuahaidong.org\/index.php?rest_route=%2Fwp%2Fv2%2Fmedia&parent=205"}],"curies":[{"name":"wp","href":"https:\/\/api.w.org\/{rel}","templated":true}]}}