{"id":200,"date":"2014-09-24T01:44:53","date_gmt":"2014-09-24T01:44:53","guid":{"rendered":"http:\/\/chuahaidong.org\/?page_id=200"},"modified":"2014-12-02T14:44:47","modified_gmt":"2014-12-02T06:44:47","slug":"lich-su-doan-chua-hai-dong-khoi-dau","status":"publish","type":"page","link":"https:\/\/chuahaidong.org\/?page_id=200","title":{"rendered":"L\u1ecbch S\u1eed \u0110o\u00e0n Ch\u00faa H\u00e0i \u0110\u1ed3ng: Kh\u1edfi \u0110\u1ea7u"},"content":{"rendered":"<p><!--Main Content HTML code--><\/p>\n<div id=\"content\">\n<h2>L\u1ecbch S\u1eed \u0110o\u00e0n Ch\u00faa H\u00e0i \u0110\u1ed3ng: Kh\u1edfi \u0110\u1ea7u<\/h2>\n<p>\u00d0o\u00e0n Thi\u1ebfu Nhi Th\u00e1nh Th\u1ec3 Ch\u00faa H\u00e0i \u00d0\u1ed3ng \u0111\u01b0\u1ee3c th\u00e0nh l\u1eadp v\u00e0o m\u00f9a thu n\u0103m 1985 t\u1ea1i C\u1ed9ng \u0110\u1ed3ng C\u00f4ng Gi\u00e1o Vi\u1ec7t Nam T\u1ed5ng Gi\u00e1o Ph\u1eadn Seattle. Th\u00e1ng ch\u00edn n\u0103m \u0111\u00f3, Cha Tuy\u00ean \u00day \u0111\u1ea7u ti\u00ean c\u1ee7a \u0110o\u00e0n Ant\u00f4n Phan H\u1eefu H\u1eadu v\u00e0 Th\u1ea7y Giuse Nguy\u1ec5n Ng\u1ecdc Huy\u1ec1n \u0111\u00e3 k\u00eau g\u1ecdi m\u1ed9t s\u1ed1 anh ch\u1ecb tham gia v\u00e0o PT\/TNTT\/VN \u0111\u1ec3 ph\u1ee5c v\u1ee5 cho gi\u1edbi tr\u1ebb. Sau m\u1ea5y tu\u1ea7n \u0111\u00e3 quy t\u1ee5 \u0111\u01b0\u1ee3c tr\u00ean 40 anh ch\u1ecb ghi danh tham gia v\u00e0o phong tr\u00e0o. Th\u1ebf l\u00e0 m\u1ed9t kh\u00f3a hu\u1ea5n luy\u1ec7n huynh tr\u01b0\u1edfng \u0111\u01b0\u1ee3c t\u1ed5 ch\u1ee9c sau m\u1ed7i Th\u00e1nh L\u1ec5 Ch\u00faa Nh\u1eadt. Qua 10 tu\u1ea7n h\u1ecdc h\u1ecfi v\u1ec1 n\u1ed9i quy, t\u00f4n ch\u1ec9, \u0111\u01b0\u1eddng l\u1ed1i, ph\u01b0\u01a1ng ph\u00e1p gi\u00e1o d\u1ee5c, chuy\u00ean m\u00f4n, nghi\u00eam t\u1eadp vv&#8230; m\u1ecdi ng\u01b0\u1eddi \u0111\u01b0\u1ee3c m\u1eddi g\u1ecdi b\u01b0\u1edbc v\u00e0o Sa M\u1ea1c \u0111\u1ea7y tuy\u1ebft tr\u1eafng v\u00e0 \u0111\u1ea5t Sa M\u1ea1c l\u00e0 h\u1ed9i tr\u01b0\u1eddng nh\u00e0 th\u1edd, v\u00ec th\u1eddi ti\u1ebft kh\u00f4ng cho ph\u00e9p t\u1ed5 ch\u1ee9c ngo\u00e0i tr\u1eddi. Sau m\u1ea5y ng\u00e0y Sa M\u1ea1c, c\u00e1c anh ch\u1ecb \u0111\u00e3 ch\u00ednh th\u1ee9c tuy\u00ean h\u1ee9a \u0111\u1ec3 tr\u1edf th\u00e0nh nh\u1eefng huynh tr\u01b0\u1edfng v\u00e0 d\u1ef1 tr\u01b0\u1edfng PT\/TNTT\/VN t\u1ea1i Hoa K\u1ef3 v\u1edbi hai m\u1ee5c \u0111\u00edch t\u1ed5ng qu\u00e1t l\u00e0 (1) \u0110\u00e0o luy\u1ec7n thanh thi\u1ebfu ni\u00ean tr\u1edf th\u00e0nh nh\u1eefng con ng\u01b0\u1eddi ki\u1ec7n to\u00e0n v\u00e0 nh\u1eefng Kit\u00f4 H\u1eefu ho\u00e0n h\u1ea3o, (2) \u0110o\u00e0n Ng\u0169 h\u00f3a v\u00e0 h\u01b0\u1edbng d\u1eabn thanh thi\u1ebfu ni\u00ean loan truy\u1ec1n Tin M\u1eebng Ch\u00faa Kit\u00f4 v\u00e0 g\u00f3p ph\u1ea7n x\u00e2y d\u1ef1ng x\u00e3 h\u1ed9i.<\/p>\n<div id=\"preNext\">\n<p id=\"nextpage\"><a title=\"L\u1ecbch S\u1eed \u0110o\u00e0n Ch\u00faa H\u00e0i \u0110\u1ed3ng: 1980\u2019s\" href=\"http:\/\/chuahaidong.org\/?page_id=205\">Next &gt;&gt;<\/a><\/p>\n<\/div>\n<\/div>\n","protected":false},"excerpt":{"rendered":"<p>L\u1ecbch S\u1eed \u0110o\u00e0n Ch\u00faa H\u00e0i \u0110\u1ed3ng: Kh\u1edfi \u0110\u1ea7u \u00d0o\u00e0n Thi\u1ebfu Nhi Th\u00e1nh Th\u1ec3 Ch\u00faa H\u00e0i \u00d0\u1ed3ng \u0111\u01b0\u1ee3c th\u00e0nh l\u1eadp v\u00e0o m\u00f9a thu n\u0103m 1985 t\u1ea1i C\u1ed9ng \u0110\u1ed3ng C\u00f4ng Gi\u00e1o Vi\u1ec7t Nam T\u1ed5ng Gi\u00e1o Ph\u1eadn Seattle. Th\u00e1ng ch\u00edn n\u0103m \u0111\u00f3, Cha Tuy\u00ean \u00day \u0111\u1ea7u ti\u00ean c\u1ee7a \u0110o\u00e0n Ant\u00f4n Phan H\u1eefu H\u1eadu v\u00e0 Th\u1ea7y Giuse Nguy\u1ec5n Ng\u1ecdc [&hellip;]<\/p>\n","protected":false},"author":1,"featured_media":0,"parent":40,"menu_order":0,"comment_status":"closed","ping_status":"closed","template":"","meta":{"footnotes":""},"class_list":["post-200","page","type-page","status-publish","hentry"],"_links":{"self":[{"href":"https:\/\/chuahaidong.org\/index.php?rest_route=\/wp\/v2\/pages\/200","targetHints":{"allow":["GET"]}}],"collection":[{"href":"https:\/\/chuahaidong.org\/index.php?rest_route=\/wp\/v2\/pages"}],"about":[{"href":"https:\/\/chuahaidong.org\/index.php?rest_route=\/wp\/v2\/types\/page"}],"author":[{"embeddable":true,"href":"https:\/\/chuahaidong.org\/index.php?rest_route=\/wp\/v2\/users\/1"}],"replies":[{"embeddable":true,"href":"https:\/\/chuahaidong.org\/index.php?rest_route=%2Fwp%2Fv2%2Fcomments&post=200"}],"version-history":[{"count":4,"href":"https:\/\/chuahaidong.org\/index.php?rest_route=\/wp\/v2\/pages\/200\/revisions"}],"predecessor-version":[{"id":3051,"href":"https:\/\/chuahaidong.org\/index.php?rest_route=\/wp\/v2\/pages\/200\/revisions\/3051"}],"up":[{"embeddable":true,"href":"https:\/\/chuahaidong.org\/index.php?rest_route=\/wp\/v2\/pages\/40"}],"wp:attachment":[{"href":"https:\/\/chuahaidong.org\/index.php?rest_route=%2Fwp%2Fv2%2Fmedia&parent=200"}],"curies":[{"name":"wp","href":"https:\/\/api.w.org\/{rel}","templated":true}]}}