{"id":171,"date":"2014-09-24T01:36:33","date_gmt":"2014-09-24T01:36:33","guid":{"rendered":"http:\/\/chuahaidong.org\/?page_id=171"},"modified":"2014-12-02T13:21:10","modified_gmt":"2014-12-02T05:21:10","slug":"pttntt-sau1975","status":"publish","type":"page","link":"https:\/\/chuahaidong.org\/?page_id=171","title":{"rendered":"L\u1ecbch S\u1eed PT\/TNTT: Sau 1975"},"content":{"rendered":"<p><!--Main Content HTML code--><\/p>\n<div id=\"content\">\n<h2>L\u1ecbch S\u1eed PT\/TNTT: Sau 1975<\/h2>\n<p>Phong Tr\u00e0o \u0111\u00ecnh ch\u1ec9 m\u1ecdi ho\u1ea1t \u0111\u1ed9ng b\u00ean ngo\u00e0i sau bi\u1ebfn c\u1ed1 1975, nh\u01b0ng b\u1eaft \u0111\u1ea7u nhen nh\u00fam n\u1ea9y m\u1ea7m theo b\u01b0\u1edbc ch\u00e2n ng\u01b0\u1eddi C\u00f4ng Gi\u00e1o di t\u1ea3n t\u1ea1i Hoa K\u1ef3.<\/p>\n<p>C\u0169ng m\u01b0\u1eddi n\u0103m sau, n\u0103m 1984, nh\u00e2n d\u1ecbp \u0110\u1ea1i H\u1ed9i Li\u00ean \u0110o\u00e0n C\u00f4ng Gi\u00e1o t\u1ea1i Hoa K\u1ef3 t\u1ea1i New Orleans, \u0110\u1ea1i H\u1ed9i Tuy\u00ean \u00day v\u00e0 Huynh Tr\u01b0\u1edfng \u0111\u00e3 b\u1ea7u linh m\u1ee5c \u0110aminh V\u0169 Thanh T\u01b0\u1eddng l\u00e0m T\u1ed5ng Tuy\u00ean \u00day Phong Tr\u00e0o Thi\u1ebfu Nhi Th\u00e1nh Th\u1ec3 Vi\u1ec7t Nam t\u1ea1i Hoa K\u1ef3. Nh\u01b0ng ch\u1ec9 \u00edt ng\u00e0y sau, cha T\u01b0\u1eddng \u0111\u00e3 \u0111\u1ed9t ng\u1ed9t t\u1eeb tr\u1ea7n \u0111\u1ec3 l\u1ea1i cho c\u1ea3 Phong Tr\u00e0o ni\u1ec1m th\u01b0\u01a1ng ti\u1ebfc. Linh m\u1ee5c Francis Ph\u1ea1m V\u0103n Ph\u01b0\u01a1ng \u0111\u01b0\u1ee3c m\u1eddi l\u00e0m T\u1ed5ng Tuy\u00ean \u00day thay th\u1ebf cha T\u01b0\u1eddng n\u0103m 1985. Th\u1eadp ni\u00ean 80 c\u00f3 nhi\u1ec1u sinh ho\u1ea1t \u0111\u00e1ng nh\u1edb: Sa M\u1ea1c Hu\u1ea5n Luy\u1ec7n Huynh Tr\u01b0\u1edfng \u0111\u1ea7u ti\u00ean \u1edf Orange County do linh m\u1ee5c Gioakim V\u0169 Tu\u1ea5n T\u00fa t\u1ed5 ch\u1ee9c (1980), \u1edf San Jose do c\u00e1c Huynh Tr\u01b0\u1edfng (1980), \u1edf New Orleans do linh m\u1ee5c Nguy\u1ec5n \u0110\u1ee9c Huy\u00ean (1981), linh m\u1ee5c Giuse V\u0169 \u0110\u1ee9c Th\u00f4ng t\u1eeb \u00dac sang Hoa K\u1ef3 hu\u1ea5n luy\u1ec7n (1983), B\u1ea7u Ban Ch\u1ea5p H\u00e0nh Trung \u01af\u01a1ng \u0111\u1ea7u ti\u00ean v\u1edbi ch\u1ee7 t\u1ecbch l\u00e0 tr\u01b0\u1edfng Ph\u00ear\u00f4 Nguy\u1ec5n V\u0103n Li\u00eam (1984), B\u00e1o V\u1ec1 \u0110\u1ea5t H\u1ee9a b\u1eaft \u0111\u1ea7u ph\u00e1t h\u00e0nh (1987), Sa M\u1ea1c Hu\u1ea5n Luy\u1ec7n Vi\u00ean Sinai I \u1edf Missouri (1989), cu\u1ed9c di\u1ec5n h\u00e0nh l\u1ecbch s\u1eed c\u1ee7a 1500 em Thi\u1ebfu Nhi Th\u00e1nh Th\u1ec3 Mi\u1ec1n T\u00e2y Nam trong \u0110\u1ea1i H\u1ed9i Li\u00ean \u0110o\u00e0n C\u00f4ng Gi\u00e1o K\u1ef3 III t\u1ea1i Orange (1989)&#8230;<\/p>\n<p>Th\u00e1ng 7 n\u0103m 1992, \u0110\u1ea1i H\u1ed9i To\u00e0n Qu\u1ed1c V\u1ec0 \u0110\u1ea4T H\u1ee8A II \u0111\u00e3 \u0111\u01b0\u1ee3c t\u1ed5 ch\u1ee9c t\u1ea1i nh\u00e0 d\u00f2ng Dominguez, Los Angeles, quy t\u1ee5 kho\u1ea3ng 800 ng\u01b0\u1eddi g\u1ed3m c\u00e1c tuy\u00ean \u00fay, tr\u1ee3 \u00fay, tr\u1ee3 t\u00e1, huynh tr\u01b0\u1edfng to\u00e0n qu\u1ed1c Hoa K\u1ef3 v\u00e0 \u0111\u1ea1i bi\u1ec3u c\u1ee7a Phong Tr\u00e0o Thi\u1ebfu Nhi Th\u00e1nh Th\u1ec3 Canada v\u00e0 T\u1ed5ng Li\u00ean \u0110o\u00e0n Thi\u1ebfu Nhi Th\u00e1nh Th\u1ec3 \u00dac Ch\u00e2u. C\u00e1c bi\u1ebfn c\u1ed1 kh\u00e1c c\u1ea7n ghi nh\u1edb trong b\u00e1n th\u1eadp ni\u00ean 90: B\u00e1n Sa M\u1ea1c Tr\u1ee3 T\u00e1 Samaritan\u00f4 \u0111\u1ea7u ti\u00ean t\u1ea1i Mi\u1ec1n T\u00e2y Nam (1990), Sa M\u1ea1c Hu\u1ea5n Luy\u1ec7n Huynh Tr\u01b0\u1edfng \u0111\u1ea7u ti\u00ean t\u1ea1i Winnipeg &#8211; Canada (1990), Sa m\u1ea1c Hu\u1ea5n Luy\u1ec7n Vi\u00ean Cao C\u1ea5p Sinai II, Trung C\u1ea5p Sinai III v\u00e0 S\u01a1 C\u1ea5p Sinai IV \u0111\u01b0\u1ee3c t\u1ed5 ch\u1ee9c t\u1ea1i Missouri (1991), Sa M\u1ea1c Hu\u1ea5n Luy\u1ec7n Huynh Tr\u01b0\u1edfng \u0111\u1ea7u ti\u00ean t\u1ea1i Paris &#8211; Ph\u00e1p (1993), B\u1ea3n N\u1ed9i Quy M\u1edbi cho Phong Tr\u00e0o Thi\u1ebfu Nhi Th\u00e1nh Th\u1ec3 t\u1ea1i Hoa K\u1ef3 (1993)&#8230;.<\/p>\n<p>Hi\u1ec7n nay, Phong Tr\u00e0o Thi\u1ebfu Nhi Th\u00e1nh Th\u1ec3 Vi\u1ec7t Nam t\u1ea1i Hoa K\u1ef3 (PT\/TNTT\/VN\/HK) \u0111\u01b0\u1ee3c t\u1ed5 ch\u1ee9c theo c\u00e1ch th\u1ee9c c\u1ee7a Li\u00ean \u0110o\u00e0n C\u00f4ng Gi\u00e1o, chia l\u00e0m 8 Mi\u1ec1n. M\u1ed7i Mi\u1ec1n c\u00f3 Cha Tuy\u00ean \u00day Mi\u1ec1n v\u00e0 Ban Ch\u1ea5p H\u00e0nh Mi\u1ec1n \u0111i\u1ec1u h\u00e0nh. To\u00e0n qu\u1ed1c c\u00f3 kho\u1ea3ng 80 \u0110o\u00e0n Thi\u1ebfu Nhi Th\u00e1nh Th\u1ec3, g\u1ed3m 15 ng\u00e0n \u0110o\u00e0n Sinh v\u00e0 1600 Huynh Tr\u01b0\u1edfng.<\/p>\n<p>Source: <a href=\"http:\/\/www.tntt.org\">http:\\\\www.tntt.org<\/a><\/p>\n<div id=\"preNext\">\n<p id=\"nextpage\"><a title=\"N\u1ed9i Quy PT\/TNTT\" href=\"http:\/\/chuahaidong.org\/?page_id=177\">Next &gt;&gt;<\/a><\/p>\n<p id=\"previous\"><a title=\"L\u1ecbch S\u1eed PT\/TNTT: Sang Vi\u1ec7t Nam\" href=\"http:\/\/chuahaidong.org\/?page_id=166\">&lt;&lt; Previous<\/a><\/p>\n<\/div>\n<\/div>\n","protected":false},"excerpt":{"rendered":"<p>L\u1ecbch S\u1eed PT\/TNTT: Sau 1975 Phong Tr\u00e0o \u0111\u00ecnh ch\u1ec9 m\u1ecdi ho\u1ea1t \u0111\u1ed9ng b\u00ean ngo\u00e0i sau bi\u1ebfn c\u1ed1 1975, nh\u01b0ng b\u1eaft \u0111\u1ea7u nhen nh\u00fam n\u1ea9y m\u1ea7m theo b\u01b0\u1edbc ch\u00e2n ng\u01b0\u1eddi C\u00f4ng Gi\u00e1o di t\u1ea3n t\u1ea1i Hoa K\u1ef3. C\u0169ng m\u01b0\u1eddi n\u0103m sau, n\u0103m 1984, nh\u00e2n d\u1ecbp \u0110\u1ea1i H\u1ed9i Li\u00ean \u0110o\u00e0n C\u00f4ng Gi\u00e1o t\u1ea1i Hoa K\u1ef3 t\u1ea1i New [&hellip;]<\/p>\n","protected":false},"author":1,"featured_media":0,"parent":40,"menu_order":0,"comment_status":"closed","ping_status":"closed","template":"","meta":{"footnotes":""},"class_list":["post-171","page","type-page","status-publish","hentry"],"_links":{"self":[{"href":"https:\/\/chuahaidong.org\/index.php?rest_route=\/wp\/v2\/pages\/171","targetHints":{"allow":["GET"]}}],"collection":[{"href":"https:\/\/chuahaidong.org\/index.php?rest_route=\/wp\/v2\/pages"}],"about":[{"href":"https:\/\/chuahaidong.org\/index.php?rest_route=\/wp\/v2\/types\/page"}],"author":[{"embeddable":true,"href":"https:\/\/chuahaidong.org\/index.php?rest_route=\/wp\/v2\/users\/1"}],"replies":[{"embeddable":true,"href":"https:\/\/chuahaidong.org\/index.php?rest_route=%2Fwp%2Fv2%2Fcomments&post=171"}],"version-history":[{"count":2,"href":"https:\/\/chuahaidong.org\/index.php?rest_route=\/wp\/v2\/pages\/171\/revisions"}],"predecessor-version":[{"id":3032,"href":"https:\/\/chuahaidong.org\/index.php?rest_route=\/wp\/v2\/pages\/171\/revisions\/3032"}],"up":[{"embeddable":true,"href":"https:\/\/chuahaidong.org\/index.php?rest_route=\/wp\/v2\/pages\/40"}],"wp:attachment":[{"href":"https:\/\/chuahaidong.org\/index.php?rest_route=%2Fwp%2Fv2%2Fmedia&parent=171"}],"curies":[{"name":"wp","href":"https:\/\/api.w.org\/{rel}","templated":true}]}}