{"id":166,"date":"2014-09-24T01:35:33","date_gmt":"2014-09-24T01:35:33","guid":{"rendered":"http:\/\/chuahaidong.org\/?page_id=166"},"modified":"2014-12-02T13:18:12","modified_gmt":"2014-12-02T05:18:12","slug":"lich-su-pttntt-sang-viet-nam","status":"publish","type":"page","link":"https:\/\/chuahaidong.org\/?page_id=166","title":{"rendered":"L\u1ecbch S\u1eed PT\/TNTT: Sang Vi\u1ec7t Nam"},"content":{"rendered":"<p><!--Main Content HTML code--><\/p>\n<div id=\"content\">\n<h2>L\u1ecbch S\u1eed PT\/TNTT: Sang Vi\u1ec7t Nam<\/h2>\n<p>Khi v\u00e0o Vi\u1ec7t Nam, Phong Tr\u00e0o \u0111\u01b0\u1ee3c th\u00e0nh l\u1eadp \u0111\u1ea7u ti\u00ean t\u1ea1i H\u00e0 N\u1ed9i n\u0103m 1929 do hai linh m\u1ee5c d\u00f2ng Xu\u00e2n B\u00edch, mang t\u00ean NGH\u0128A BINH TH\u00c1NH TH\u1ec2, \u0111\u01b0\u1ee3c h\u00e0ng gi\u00e1o ph\u1ea9m v\u00e0 gi\u00e1o d\u00e2n nhi\u1ec7t li\u1ec7t h\u01b0\u1edfng \u1ee9ng \u0111\u00e3 ph\u00e1t tri\u1ec3n mau ch\u00f3ng kh\u1eafp n\u01a1i tr\u00ean to\u00e0n qu\u1ed1c trong su\u1ed1t th\u1eadp ni\u00ean 30: Hu\u1ebf (1931), S\u00e0i G\u00f2n (1931), Ph\u00e1t Di\u1ec7m (1932), Thanh H\u00f3a (1932), Vinh (1935), Quy Nh\u01a1n (1936), B\u00f9i Chu (1937), Th\u00e1i B\u00ecnh (1937), B\u1eafc Ninh (1938)&#8230; T\u00f9y theo l\u1ee9a tu\u1ed5i t\u1eeb nh\u1ecf t\u1edbi l\u1edbn, Ngh\u0129a Binh \u0111\u01b0\u1ee3c chia ra l\u00e0m Ti\u1ec1n Binh, Trung Binh, v\u00e0 H\u1eadu Binh. Nh\u1eadn \u0111\u1ecbnh v\u1ec1 Ngh\u0129a Binh th\u1eddi k\u1ef3 n\u00e0y, c\u00e1c v\u1ecb gi\u00e1m m\u1ee5c trong C\u00f4ng \u0110\u1ed3ng \u0110\u00f4ng D\u01b0\u01a1ng n\u0103m 1934 \u0111\u00e3 h\u1ebft l\u00f2ng khen ng\u1ee3i: &#8220;Ri\u00eang \u0111\u1ed1i v\u1edbi tr\u1ebb con nam n\u1eef, ch\u00fang t\u00f4i gi\u1edbi thi\u1ec7u H\u1ed9i Ngh\u0129a Binh Th\u00e1nh Th\u1ec3, v\u00ec kh\u00f4ng c\u00f3 g\u00ec c\u00f3 s\u1ee9c h\u01a1n \u0111\u1ec3 \u0111\u1ed1t n\u00f3ng l\u00ean trong c\u00e1c t\u00e2m h\u1ed3n thi\u1ebfu ni\u00ean, tinh th\u1ea7n v\u00e0 l\u00f2ng m\u1ed9 m\u1ebfn vi\u1ec7c t\u00f4ng \u0111\u1ed3&#8221;.<\/p>\n<p>Bi\u1ebfn c\u1ed1 di c\u01b0 1954 \u0111\u00e3 l\u00e0m ph\u00e1t tri\u1ec3n r\u1ed9ng l\u1edbn h\u01a1n n\u1eefa Ngh\u0129a Binh Th\u00e1nh Th\u1ec3 \u1edf mi\u1ec1n Nam. N\u0103m 1957, H\u1ed9i \u0110\u1ed3ng Gi\u00e1m M\u1ee5c Vi\u1ec7t Nam \u0111\u00e3 b\u1ed5 nhi\u1ec7m linh m\u1ee5c Micae Nguy\u1ec5n Kh\u1eafc Ng\u1eef l\u00e0m T\u1ed5ng Tuy\u00ean \u00day \u0111\u1ea7u ti\u00ean. Sinh ho\u1ea1t Ngh\u0129a Binh b\u1eaft \u0111\u1ea7u \u0111\u00f2i h\u1ecfi \u0111\u1ed5i m\u1edbi cho ph\u00f9 h\u1ee3p v\u1edbi t\u00e2m l\u00fd gi\u1edbi tr\u1ebb. M\u01b0\u1eddi n\u0103m sau bi\u1ebfn c\u1ed1 54, khi linh m\u1ee5c T\u1ed5ng Tuy\u00ean \u00day Nguy\u1ec5n Kh\u1eafc Ng\u1eef \u0111\u01b0\u1ee3c b\u1ed5 nhi\u1ec7m l\u00e0m Gi\u00e1m M\u1ee5c Gi\u00e1o Ph\u1eadn Long Xuy\u00ean n\u0103m 1964, H\u1ed9i \u0110\u1ed3ng Gi\u00e1m M\u1ee5c Vi\u1ec7t Nam \u0111\u00e3 c\u1eed linh m\u1ee5c Phaol\u00f4 Nguy\u1ec5n V\u0103n Th\u1ea3nh l\u00ean thay th\u1ebf. V\u1edbi t\u00e2m t\u01b0 y\u00eau m\u1ebfn gi\u1edbi tr\u1ebb s\u00e2u xa, v\u1ecb t\u00e2n T\u1ed5ng Tuy\u00ean \u00day \u0111\u00e3 t\u1ed5 ch\u1ee9c \u0110\u1ea1i H\u1ed9i Tuy\u00ean \u00day \u0111\u1ec3 nghi\u00ean c\u1ee9u v\u00e0 th\u1ea3o lu\u1eadn v\u1ea1ch h\u01b0\u1edbng \u0111i cho Ngh\u0129a Binh Th\u00e1nh Th\u1ec3. C\u00f9ng l\u00fac v\u1edbi tinh th\u1ea7n \u0111\u1ed5i m\u1edbi c\u1ee7a C\u00f4ng \u0110\u1ed3ng Vatican\u00f4 II, Phong Tr\u00e0o \u0111\u00e3 th\u00eam v\u00e0o sinh ho\u1ea1t c\u1ea7u nguy\u1ec7n thu\u1ea7n t\u00fay c\u1ee7a Ngh\u0129a Binh Th\u00e1nh Th\u1ec3 m\u1ed9t \u0111\u01b0\u1eddng l\u1ed1i m\u1edbi: Gi\u00e1o d\u1ee5c tr\u1ebb, v\u00e0 d\u00f9ng ph\u01b0\u01a1ng th\u1ee9c sinh ho\u1ea1t tr\u1ebb v\u00e0o trong c\u00e1c ho\u1ea1t \u0111\u1ed9ng. V\u00ec th\u1ebf, b\u1ea3n N\u1ed9i Quy Th\u1ed1ng Nh\u1ea5t \u0111\u01b0\u1ee3c ra \u0111\u1eddi v\u00e0 \u0111\u1ed5i t\u00ean Ngh\u0129a Binh Th\u00e1nh Th\u1ec3 th\u00e0nh Phong Tr\u00e0o Thi\u1ebfu Nhi Th\u00e1nh Th\u1ec3 Vi\u1ec7t Nam.<\/p>\n<p>M\u01b0\u1eddi n\u0103m sau \u0111\u00f3, n\u0103m 1974, linh m\u1ee5c Phaol\u00f4 Nguy\u1ec5n V\u0103n Th\u1ea3nh v\u00ec l\u00fd do s\u1ee9c kh\u1ecfe \u0111\u00e3 t\u1eeb ch\u1ee9c, v\u00e0 linh m\u1ee5c Giuse V\u0169 \u0110\u1ee9c Th\u00f4ng l\u00ean thay th\u1ebf. Trong th\u1eadp ni\u00ean 70, nhi\u1ec1u bi\u1ebfn c\u1ed1 kh\u00e1c \u0111\u00e1ng \u0111\u01b0\u1ee3c ghi nh\u1edb: H\u1ed9i \u0110\u1ed3ng Gi\u00e1m M\u1ee5c ph\u00ea chu\u1ea9n B\u1ea3n N\u1ed9i Quy M\u1edbi (1971), \u0110\u1ea1i H\u1ed9i To\u00e0n Qu\u1ed1c V\u1ec0 \u0110\u1ea4T H\u1ee8A I t\u1ed5 ch\u1ee9c t\u1ea1i B\u00ecnh Tri\u1ec7u quy t\u1ee5 kho\u1ea3ng 2 ng\u00e0n Huynh Tr\u01b0\u1edfng (1972).<\/p>\n<p>Source: <a href=\"http:\/\/www.tntt.org\" target=\"_blank\">http:\\\\www.tntt.org<\/a><\/p>\n<div id=\"preNext\">\n<p id=\"nextpage\"><a title=\"L\u1ecbch S\u1eed PT\/TNTT: Sau 1975\" href=\"http:\/\/chuahaidong.org\/?page_id=171\">Next &gt;&gt;<\/a><\/p>\n<p id=\"previous\"><a title=\"L\u1ecbch S\u1eed PT\/TNTT: Th\u00e0nh L\u1eadp t\u1ea1i Ph\u00e1p\" href=\"http:\/\/chuahaidong.org\/?page_id=156\">&lt;&lt; Previous<\/a><\/p>\n<\/div>\n<\/div>\n","protected":false},"excerpt":{"rendered":"<p>L\u1ecbch S\u1eed PT\/TNTT: Sang Vi\u1ec7t Nam Khi v\u00e0o Vi\u1ec7t Nam, Phong Tr\u00e0o \u0111\u01b0\u1ee3c th\u00e0nh l\u1eadp \u0111\u1ea7u ti\u00ean t\u1ea1i H\u00e0 N\u1ed9i n\u0103m 1929 do hai linh m\u1ee5c d\u00f2ng Xu\u00e2n B\u00edch, mang t\u00ean NGH\u0128A BINH TH\u00c1NH TH\u1ec2, \u0111\u01b0\u1ee3c h\u00e0ng gi\u00e1o ph\u1ea9m v\u00e0 gi\u00e1o d\u00e2n nhi\u1ec7t li\u1ec7t h\u01b0\u1edfng \u1ee9ng \u0111\u00e3 ph\u00e1t tri\u1ec3n mau ch\u00f3ng kh\u1eafp n\u01a1i tr\u00ean to\u00e0n [&hellip;]<\/p>\n","protected":false},"author":1,"featured_media":0,"parent":40,"menu_order":0,"comment_status":"closed","ping_status":"closed","template":"","meta":{"footnotes":""},"class_list":["post-166","page","type-page","status-publish","hentry"],"_links":{"self":[{"href":"https:\/\/chuahaidong.org\/index.php?rest_route=\/wp\/v2\/pages\/166","targetHints":{"allow":["GET"]}}],"collection":[{"href":"https:\/\/chuahaidong.org\/index.php?rest_route=\/wp\/v2\/pages"}],"about":[{"href":"https:\/\/chuahaidong.org\/index.php?rest_route=\/wp\/v2\/types\/page"}],"author":[{"embeddable":true,"href":"https:\/\/chuahaidong.org\/index.php?rest_route=\/wp\/v2\/users\/1"}],"replies":[{"embeddable":true,"href":"https:\/\/chuahaidong.org\/index.php?rest_route=%2Fwp%2Fv2%2Fcomments&post=166"}],"version-history":[{"count":3,"href":"https:\/\/chuahaidong.org\/index.php?rest_route=\/wp\/v2\/pages\/166\/revisions"}],"predecessor-version":[{"id":3031,"href":"https:\/\/chuahaidong.org\/index.php?rest_route=\/wp\/v2\/pages\/166\/revisions\/3031"}],"up":[{"embeddable":true,"href":"https:\/\/chuahaidong.org\/index.php?rest_route=\/wp\/v2\/pages\/40"}],"wp:attachment":[{"href":"https:\/\/chuahaidong.org\/index.php?rest_route=%2Fwp%2Fv2%2Fmedia&parent=166"}],"curies":[{"name":"wp","href":"https:\/\/api.w.org\/{rel}","templated":true}]}}