{"id":16,"date":"2014-09-12T06:42:20","date_gmt":"2014-09-12T06:42:20","guid":{"rendered":"http:\/\/chuahaidong.org\/?page_id=16"},"modified":"2025-04-12T21:03:49","modified_gmt":"2025-04-12T13:03:49","slug":"nganh","status":"publish","type":"page","link":"https:\/\/chuahaidong.org\/?page_id=16","title":{"rendered":"Ng\u00e0nh"},"content":{"rendered":"<section class=\"av_textblock_section \"  itemscope=\"itemscope\" itemtype=\"https:\/\/schema.org\/CreativeWork\" ><div class='avia_textblock  '   itemprop=\"text\" ><p><!--Main Content HTML code--><\/p>\n<div id=\"content2\">\n<h2 style=\"text-align: center;\">C\u00e1c Ng\u00e0nh Trong \u0110o\u00e0n (The Divisions in Our Chapter)<\/h2>\n<div class=\"gfigure\"><img loading=\"lazy\" decoding=\"async\" class=\"alignnone size-full wp-image-101 aligncenter\" src=\"http:\/\/chuahaidong.org\/wp-content\/uploads\/2014\/09\/AN.jpg\" alt=\"AN\" width=\"154\" height=\"100\" \/><\/div>\n<div class=\"mainText\">\n<h3 class=\"au\" style=\"text-align: center;\">\u1ea4u Nhi<\/h3>\n<p id=\"nganh\">Xin d\u00e2ng l\u00ean Ch\u00faa m\u00e0u xanh l\u00e1 m\u1ea1 c\u1ee7a l\u1ee9a tu\u1ed5i \u1ea5u nhi, c\u00f2n trong tr\u1eafng ng\u00e2y th\u01a1. Xin cho c\u00e1c em \u0111\u01b0\u1ee3c gi\u1eef m\u00e3i t\u1ea5m l\u00f2ng \u0111\u01a1n s\u01a1 thanh khi\u1ebft v\u00e0 tinh th\u1ea7n NGOAN ngo\u00e3n \u0111\u1ea1o \u0111\u1ee9c trong su\u1ed1t cu\u1ed9c \u0111\u1eddi&#8230; <a title=\"\u1ea4u Nhi\" href=\"http:\/\/chuahaidong.org\/?page_id=18\">Read more&#8230;<\/a><\/p>\n<\/div>\n<div class=\"gfigure\"><img loading=\"lazy\" decoding=\"async\" class=\"alignnone size-medium wp-image-105 aligncenter\" src=\"http:\/\/chuahaidong.org\/wp-content\/uploads\/2014\/09\/TN.jpg\" alt=\"TN\" width=\"154\" height=\"100\" \/><\/div>\n<div class=\"mainText\">\n<h3 class=\"thieu\" style=\"text-align: center;\">Thi\u1ebfu Nhi<\/h3>\n<p id=\"nganh\">Xin d\u00e2ng l\u00ean Ch\u00faa m\u00e0u xanh bi\u1ec3n \u0111\u1eadm \u0111\u00e0 c\u1ee7a l\u1ee9a tu\u1ed5i thi\u1ebfu nhi, v\u1eeba m\u1edbi l\u1edbn. Xin cho c\u00e1c em bi\u1ebft \u1ea5p \u1ee7 trong tim \u00fd ngh\u0129a cao \u0111\u1eb9p c\u1ee7a hai ch\u1eef HY SINH bi\u1ebft t\u1eeb b\u1ecf nh\u1eefng ham ch\u01a1i l\u00e3ng ph\u00ed, nh\u1eefng ki\u1ec3u c\u00e1ch th\u1eddI trang, \u0111\u1ec3 chuy\u00ean c\u1ea7n h\u1ecdc t\u1eadp h\u1ea7u chu\u1ea9n b\u1ecb cho cu\u1ed9c s\u1ed1ng t\u01b0\u01a1ng lai&#8230; <a title=\"Thi\u1ebfu Nhi\" href=\"http:\/\/chuahaidong.org\/?page_id=20\">Read more&#8230;<\/a><\/p>\n<\/div>\n<div class=\"gfigure\"><img loading=\"lazy\" decoding=\"async\" class=\"alignnone size-medium wp-image-104 aligncenter\" src=\"http:\/\/chuahaidong.org\/wp-content\/uploads\/2014\/09\/NS.jpg\" alt=\"NS\" width=\"154\" height=\"100\" \/><\/div>\n<div class=\"mainText\">\n<h3 class=\"nghia\" style=\"text-align: center;\">Ngh\u0129a S\u0129<\/h3>\n<p id=\"nganh\">Xin d\u00e2ng l\u00ean Ch\u00faa m\u00e0u v\u00e0ng r\u1ef1c s\u00e1ng c\u1ee7a l\u1ee9a tu\u1ed5i ngh\u0129a s\u0129, s\u1eafp b\u01b0\u1edbc v\u00e0o \u0111\u1eddi. Xin cho c\u00e1c em \u0111\u01b0\u1ee3c gi\u1eef v\u1eefng tinh th\u1ea7n \u0111\u1ea1o \u0111\u1ee9c, v\u00ec ngh\u0129a ra \u0111i \u0111\u1ec3 CHINH PH\u1ee4C, \u0111\u1ec3 l\u01b0\u1edbt th\u1eafng m\u1ecdi kh\u1ee7ng ho\u1ea3ng trong cu\u1ed9c s\u1ed1ng hi\u1ec7n t\u1ea1i. V\u00e0 bi\u1ebft Ph\u00fac \u00c2m h\u00f3a m\u00f4i tr\u01b0\u1eddng, \u0111\u1ec3 Th\u00e1nh Th\u1ec3 v\u00e0 L\u1eddi Ch\u00faa tr\u1edf n\u00ean \u0111\u1ed9ng l\u1ef1c cho m\u1ecdi ho\u1ea1t \u0111\u1ed9ng c\u1ee7a c\u00e1c em&#8230;. <a title=\"Ngh\u0129a S\u0129\" href=\"http:\/\/chuahaidong.org\/?page_id=492\">Read more&#8230;<\/a><\/p>\n<\/div>\n<div class=\"gfigure\"><img loading=\"lazy\" decoding=\"async\" class=\"alignnone size-medium wp-image-102 aligncenter\" src=\"http:\/\/chuahaidong.org\/wp-content\/uploads\/2014\/09\/HS.jpg\" alt=\"HS\" width=\"154\" height=\"100\" \/><\/div>\n<div class=\"mainText\">\n<h3 class=\"hiep\" style=\"text-align: center;\">Hi\u1ec7p S\u0129<\/h3>\n<p id=\"nganh\">Xin d\u00e2ng l\u00ean Ch\u00faa nh\u1eefng ng\u01b0\u1eddi tr\u1ebb mang ho\u00e0i b\u00e3o cao th\u01b0\u1ee3ng, nh\u1eefng Hi\u1ec7p S\u0129 Th\u00e1nh Th\u1ec3 \u0110\u1ea4N TH\u00c2N ph\u1ee5c v\u1ee5 Gi\u00e1o H\u1ed9i v\u00e0 Qu\u00ea H\u01b0\u01a1ng. Xin cho h\u1ecd lu\u00f4n m\u1edf r\u1ed9ng v\u00f2ng tay mang \u00fd ch\u00ed ki\u00ean c\u01b0\u1eddng, t\u00e0i n\u0103ng phong ph\u00fa \u0111\u1ec3 ph\u1ee5ng v\u1ee5 Ch\u00faa, x\u00e2y d\u1ef1ng th\u1ebf gi\u1edbi v\u00e0 \u0111\u1eb9p x\u00e3 h\u1ed9i&#8230;. <a title=\"Hi\u1ec7p S\u0129\" href=\"http:\/\/chuahaidong.org\/?page_id=495\">Read more&#8230;<\/a><\/p>\n<\/div>\n<div class=\"gfigure\"><img loading=\"lazy\" decoding=\"async\" class=\"alignnone size-medium wp-image-103 aligncenter\" src=\"http:\/\/chuahaidong.org\/wp-content\/uploads\/2014\/09\/HT.jpg\" alt=\"HT\" width=\"154\" height=\"100\" \/><\/div>\n<div class=\"mainText\">\n<h3 class=\"truong\" style=\"text-align: center;\">Huynh Tr\u01b0\u1edfng<\/h3>\n<p id=\"nganh\" style=\"text-align: center;\">Xin d\u00e2ng l\u00ean Ch\u00faa m\u00e0u h\u1ed3ng v\u00e0 \u0111\u1ecf nhi\u1ec7t huy\u1ebft c\u1ee7a c\u00e1c D\u1ef1 Tr\u01b0\u1edfng v\u00e0 Huynh Tr\u01b0\u1edfng. Xin cho nh\u1eefng anh ch\u1ecb \u0111\u00e3 kh\u00f4ng qu\u1ea3n ng\u1ea1i v\u1ea5t v\u1ea3, \u0111\u00e3 d\u00e1m qu\u00ean m\u00ecnh PH\u1ee4NG S\u1ef0 Ch\u00faa v\u00e0 hy sinh cho c\u00e1c em m\u1ed9t c\u00e1ch cao th\u01b0\u1ee3ng, \u0111\u01b0\u1ee3c lu\u00f4n s\u1ed1ng k\u1ebft h\u1ee3p m\u1eadt thi\u1ebft v\u1edbi Ch\u00faa Gi\u00easu Huynh Tr\u01b0\u1edfng T\u00f3i Cao c\u1ee7a Phong Tr\u00e0o&#8230; <a title=\"Huynh Tr\u01b0\u1edfng\" href=\"http:\/\/chuahaidong.org\/?page_id=498\">Read more&#8230;<\/a><\/p>\n<\/div>\n<\/div>\n<\/div><\/section>\n","protected":false},"excerpt":{"rendered":"","protected":false},"author":1,"featured_media":0,"parent":0,"menu_order":0,"comment_status":"closed","ping_status":"closed","template":"","meta":{"footnotes":""},"class_list":["post-16","page","type-page","status-publish","hentry"],"_links":{"self":[{"href":"https:\/\/chuahaidong.org\/index.php?rest_route=\/wp\/v2\/pages\/16","targetHints":{"allow":["GET"]}}],"collection":[{"href":"https:\/\/chuahaidong.org\/index.php?rest_route=\/wp\/v2\/pages"}],"about":[{"href":"https:\/\/chuahaidong.org\/index.php?rest_route=\/wp\/v2\/types\/page"}],"author":[{"embeddable":true,"href":"https:\/\/chuahaidong.org\/index.php?rest_route=\/wp\/v2\/users\/1"}],"replies":[{"embeddable":true,"href":"https:\/\/chuahaidong.org\/index.php?rest_route=%2Fwp%2Fv2%2Fcomments&post=16"}],"version-history":[{"count":6,"href":"https:\/\/chuahaidong.org\/index.php?rest_route=\/wp\/v2\/pages\/16\/revisions"}],"predecessor-version":[{"id":5398,"href":"https:\/\/chuahaidong.org\/index.php?rest_route=\/wp\/v2\/pages\/16\/revisions\/5398"}],"wp:attachment":[{"href":"https:\/\/chuahaidong.org\/index.php?rest_route=%2Fwp%2Fv2%2Fmedia&parent=16"}],"curies":[{"name":"wp","href":"https:\/\/api.w.org\/{rel}","templated":true}]}}