{"id":156,"date":"2014-09-24T01:34:35","date_gmt":"2014-09-24T01:34:35","guid":{"rendered":"http:\/\/chuahaidong.org\/?page_id=156"},"modified":"2014-12-02T13:16:27","modified_gmt":"2014-12-02T05:16:27","slug":"pttntt-phap","status":"publish","type":"page","link":"https:\/\/chuahaidong.org\/?page_id=156","title":{"rendered":"L\u1ecbch S\u1eed PT\/TNTT: Th\u00e0nh L\u1eadp t\u1ea1i Ph\u00e1p"},"content":{"rendered":"<p><!--Main Content HTML code--><\/p>\n<div id=\"content\">\n<h2>L\u1ecbch S\u1eed PT\/TNTT: Th\u00e0nh L\u1eadp t\u1ea1i Ph\u00e1p<\/h2>\n<p>Phong Tr\u00e0o Thi\u1ebfu Nhi Th\u00e1nh Th\u1ec3 Vi\u1ec7t Nam b\u1eaft ngu\u1ed3n t\u1eeb H\u1ed9i C\u1ea7u Nguy\u1ec7n b\u00ean Ph\u00e1p do c\u00e1c linh m\u1ee5c L\u00e9onard Cros v\u00e0 Ramadi\u00e8re kh\u1edfi x\u01b0\u1edbng gi\u1eefa th\u1ebf k\u1ef7 19. L\u1ea5y tinh th\u1ea7n \u0110\u1ea1o Binh Th\u00e1nh Gi\u00e1, nh\u01b0ng thay v\u00ec d\u00f9ng v\u0169 kh\u00ed v\u1eadt ch\u1ea5t l\u00e0 g\u01b0\u01a1m gi\u00e1o, Phong Tr\u00e0o d\u00f9ng v\u0169 kh\u00ed tinh th\u1ea7n l\u00e0 4 kh\u1ea9u hi\u1ec7u truy\u1ec1n th\u1ed1ng: C\u1ea7u Nguy\u1ec7n, R\u01b0\u1edbc L\u1ec5, Hy Sinh v\u00e0 L\u00e0m Vi\u1ec7c T\u00f4ng \u0110\u1ed3, thay v\u00ec b\u1ea3o v\u1ec7 Th\u00e1nh \u0110\u1ecba v\u1eadt ch\u1ea5t, Phong Tr\u00e0o b\u1ea3o v\u1ec7 \u0110\u1ec1n Th\u1edd thi\u00eang li\u00eang l\u00e0 t\u00e2m h\u1ed3n c\u1ee7a c\u00e1c em thi\u1ebfu nhi, t\u00e2m h\u1ed3n c\u1ee7a gi\u1edbi tr\u1ebb. B\u00ean Ph\u00e1p th\u1eddi \u0111\u00f3, c\u00e1c em trong H\u1ed9i C\u1ea7u Nguy\u1ec7n \u0111\u01b0\u1ee3c m\u1ec7nh danh l\u00e0 \u0110\u1ea1o Qu\u00e2n ri\u00eang c\u1ee7a \u0110\u1ee9c Gi\u00e1o Ho\u00e0ng t\u1ef1 nguy\u1ec7n tu\u00e2n gi\u1eef c\u00e1c \u0111i\u1ec1u sau:<\/p>\n<p>M\u1ed7i ng\u00e0y, thinh l\u1eb7ng m\u1ed9t gi\u1edd d\u00e2ng cho Ch\u00faa, l\u00e0m vi\u1ec7c m\u1ed9t gi\u1edd, ch\u01a1i m\u1ed9t l\u1ea7n ngay th\u1eb3ng ho\u00e0n to\u00e0n&#8230; \u0111\u1ec3 c\u1ea7u nguy\u1ec7n theo \u00fd \u0110\u1ee9c Gi\u00e1o Ho\u00e0ng. R\u01b0\u1edbc l\u1ec5 m\u1ed7i Ch\u00faa Nh\u1eadt \u0111\u1ec3 c\u1ea7u nguy\u1ec7n cho \u0110\u1ee9c Gi\u00e1o Ho\u00e0ng. M\u1ed7i t\u1ed1i, ghi v\u00e0o s\u1ed5 tay nh\u1eefng vi\u1ec7c \u0111\u00e3 l\u00e0m nh\u01b0 c\u1ea7u nguy\u1ec7n h\u00e3m m\u00ecnh, d\u1ef1 l\u1ec5, r\u01b0\u1edbc l\u1ec5, gi\u00fap \u0111\u1ee1 cha m\u1eb9&#8230;<\/p>\n<p>\u0110\u1ebfn \u0111\u1ea7u th\u1ebf k\u1ef7 20, nh\u1edd linh m\u1ee5c Bessi\u00e8re d\u00f2ng T\u00ean, H\u1ed9i T\u00f4ng \u0110\u1ed3 C\u1ea7u Nguy\u1ec7n d\u00e0nh cho gi\u1edbi tr\u1ebb ch\u00ednh th\u1ee9c \u0111\u01b0\u1ee3c th\u00e0nh l\u1eadp t\u1ea1i Ph\u00e1p n\u0103m 1915, v\u1edbi \u0111\u01b0\u1eddng l\u1ed1i c\u0103n b\u1ea3n: nh\u1eafm v\u00e0o tr\u1ebb em (n\u0103ng r\u01b0\u1edbc l\u1ec5 theo Th\u00f4ng \u0110i\u1ec7p c\u1ee7a \u0110\u1ee9c Gi\u00e1o Ho\u00e0ng Pi\u00f4 X c\u1ed5 v\u00f5 v\u00e0 ban ph\u00e9p cho tr\u1ebb em ch\u1ecbu l\u1ec5 s\u1edbm), c\u00f3 t\u00ednh c\u00e1ch qu\u1ed1c t\u1ebf theo \u00fd H\u1ed9i Th\u00e1nh Th\u1ec3 \u1edf L\u1ed9 \u0110\u1ee9c, v\u00e0 nh\u1ea5n m\u1ea1nh t\u00ednh c\u00e1ch truy\u1ec1n gi\u00e1o.<\/p>\n<p>Source: <a href=\"http:\/\/www.tntt.org\">http:\\\\www.tntt.org<\/a><\/p>\n<div id=\"preNext\">\n<p id=\"nextpage\"><a title=\"L\u1ecbch S\u1eed PT\/TNTT: Sang Vi\u1ec7t Nam\" href=\"http:\/\/chuahaidong.org\/?page_id=166\">Next &gt;&gt;<\/a><\/p>\n<\/div>\n<\/div>\n","protected":false},"excerpt":{"rendered":"<p>L\u1ecbch S\u1eed PT\/TNTT: Th\u00e0nh L\u1eadp t\u1ea1i Ph\u00e1p Phong Tr\u00e0o Thi\u1ebfu Nhi Th\u00e1nh Th\u1ec3 Vi\u1ec7t Nam b\u1eaft ngu\u1ed3n t\u1eeb H\u1ed9i C\u1ea7u Nguy\u1ec7n b\u00ean Ph\u00e1p do c\u00e1c linh m\u1ee5c L\u00e9onard Cros v\u00e0 Ramadi\u00e8re kh\u1edfi x\u01b0\u1edbng gi\u1eefa th\u1ebf k\u1ef7 19. L\u1ea5y tinh th\u1ea7n \u0110\u1ea1o Binh Th\u00e1nh Gi\u00e1, nh\u01b0ng thay v\u00ec d\u00f9ng v\u0169 kh\u00ed v\u1eadt ch\u1ea5t l\u00e0 g\u01b0\u01a1m gi\u00e1o, [&hellip;]<\/p>\n","protected":false},"author":1,"featured_media":0,"parent":40,"menu_order":0,"comment_status":"closed","ping_status":"closed","template":"","meta":{"footnotes":""},"class_list":["post-156","page","type-page","status-publish","hentry"],"_links":{"self":[{"href":"https:\/\/chuahaidong.org\/index.php?rest_route=\/wp\/v2\/pages\/156","targetHints":{"allow":["GET"]}}],"collection":[{"href":"https:\/\/chuahaidong.org\/index.php?rest_route=\/wp\/v2\/pages"}],"about":[{"href":"https:\/\/chuahaidong.org\/index.php?rest_route=\/wp\/v2\/types\/page"}],"author":[{"embeddable":true,"href":"https:\/\/chuahaidong.org\/index.php?rest_route=\/wp\/v2\/users\/1"}],"replies":[{"embeddable":true,"href":"https:\/\/chuahaidong.org\/index.php?rest_route=%2Fwp%2Fv2%2Fcomments&post=156"}],"version-history":[{"count":2,"href":"https:\/\/chuahaidong.org\/index.php?rest_route=\/wp\/v2\/pages\/156\/revisions"}],"predecessor-version":[{"id":3029,"href":"https:\/\/chuahaidong.org\/index.php?rest_route=\/wp\/v2\/pages\/156\/revisions\/3029"}],"up":[{"embeddable":true,"href":"https:\/\/chuahaidong.org\/index.php?rest_route=\/wp\/v2\/pages\/40"}],"wp:attachment":[{"href":"https:\/\/chuahaidong.org\/index.php?rest_route=%2Fwp%2Fv2%2Fmedia&parent=156"}],"curies":[{"name":"wp","href":"https:\/\/api.w.org\/{rel}","templated":true}]}}